{"id":31178,"date":"2026-02-04T13:30:48","date_gmt":"2026-02-04T10:30:48","guid":{"rendered":"https:\/\/a-pant.ee\/product\/prozhector-robus-rst200cct3-04\/"},"modified":"2026-02-22T12:21:36","modified_gmt":"2026-02-22T09:21:36","slug":"prozhektor-robus-rst200cct3-04","status":"publish","type":"product","link":"https:\/\/a-pant.ee\/ru\/product\/prozhektor-robus-rst200cct3-04\/","title":{"rendered":"\u041f\u0440\u043e\u0436\u0435\u043a\u0442\u043e\u0440 Robus RST200CCT3-04"},"content":{"rendered":"\n<p> Pro\u017eektor Robus RST200CCT3-04, heas seisu- ja t\u00f6\u00f6korras! <\/p><p> KIRJELDUS <\/p><p> V\u00f5imsus: 200 W <br \/> Luumenid: 28310\/31520\/29410 lm <br \/> Valgusvihu nurk: 110 <br \/> V\u00f5rreldav: 1000 W metallhalogeniid-\/4000 W halogeenlambiga <br \/> CRI: 80 <br \/> CCT: 3000K \/ 4000K \/ 5000K <br \/> M\u00f5\u00f5tmed: 305 x 390 x 58 mm (P x L x S) <\/p>\n","protected":false},"excerpt":{"rendered":"<p>Pro\u017eektor Robus RST200CCT3-04, heas seisu- ja t\u00f6\u00f6korras! KIRJELDUS V\u00f5imsus: 200 W Luumenid: 28310\/31520\/29410 lm Valgusvihu nurk: 110 V\u00f5rreldav: 1000 W metallhalogeniid-\/4000 W halogeenlambiga CRI: 80 CCT: 3000K \/ 4000K \/ 5000K M\u00f5\u00f5tmed: 305 x 390 x 58 mm (P x L x S)<\/p>\n","protected":false},"featured_media":31179,"comment_status":"closed","ping_status":"open","template":"","meta":{"inline_featured_image":false},"product_brand":[],"product_cat":[246],"product_tag":[],"class_list":{"0":"post-31178","1":"product","2":"type-product","3":"status-publish","4":"has-post-thumbnail","6":"product_cat-instrumenty-drugoe","7":"pa_asukoht-mustamae","8":"pa_seisukord-ispolzovano","10":"first","11":"instock","12":"taxable","13":"shipping-taxable","14":"purchasable","15":"product-type-simple"},"_links":{"self":[{"href":"https:\/\/a-pant.ee\/ru\/wp-json\/wp\/v2\/product\/31178","targetHints":{"allow":["GET"]}}],"collection":[{"href":"https:\/\/a-pant.ee\/ru\/wp-json\/wp\/v2\/product"}],"about":[{"href":"https:\/\/a-pant.ee\/ru\/wp-json\/wp\/v2\/types\/product"}],"replies":[{"embeddable":true,"href":"https:\/\/a-pant.ee\/ru\/wp-json\/wp\/v2\/comments?post=31178"}],"wp:featuredmedia":[{"embeddable":true,"href":"https:\/\/a-pant.ee\/ru\/wp-json\/wp\/v2\/media\/31179"}],"wp:attachment":[{"href":"https:\/\/a-pant.ee\/ru\/wp-json\/wp\/v2\/media?parent=31178"}],"wp:term":[{"taxonomy":"product_brand","embeddable":true,"href":"https:\/\/a-pant.ee\/ru\/wp-json\/wp\/v2\/product_brand?post=31178"},{"taxonomy":"product_cat","embeddable":true,"href":"https:\/\/a-pant.ee\/ru\/wp-json\/wp\/v2\/product_cat?post=31178"},{"taxonomy":"product_tag","embeddable":true,"href":"https:\/\/a-pant.ee\/ru\/wp-json\/wp\/v2\/product_tag?post=31178"}],"curies":[{"name":"wp","href":"https:\/\/api.w.org\/{rel}","templated":true}]}}