{"id":31172,"date":"2026-02-04T13:30:48","date_gmt":"2026-02-04T10:30:48","guid":{"rendered":"https:\/\/a-pant.ee\/product\/mobilnyj-telefon-sony-xperia-10-ii-128gb\/"},"modified":"2026-02-22T12:21:36","modified_gmt":"2026-02-22T09:21:36","slug":"mobilnyj-telefon-sony-xperia-10-ii-128gb","status":"publish","type":"product","link":"https:\/\/a-pant.ee\/ru\/product\/mobilnyj-telefon-sony-xperia-10-ii-128gb\/","title":{"rendered":"\u041c\u043e\u0431\u0438\u043b\u044c\u043d\u044b\u0439 \u0442\u0435\u043b\u0435\u0444\u043e\u043d Sony Xperia 10 II 128GB"},"content":{"rendered":"\n<p> Mobiiltelefon Sony Xperia 10 II 128GB, heas seisu- ja t\u00f6\u00f6korras! <\/p><p> KIRJELDUS <\/p><ul><li> Ekraani diagonaal:6 &#187; (tolli) <\/li><li> Ekraani t\u00fc\u00fcp:OLED <\/li><li> Resolutsioon:2520 x 1080 pikslit <\/li><li> Piksli tihedus:459 ppi <\/li><li> Lisaomadused:Corning Gorilla Glass 6 ekraaniklaas <\/li><li> Eesmine kaamera:8 Mpix <\/li><li> Videosalvestus:3840 x 2160 pikslit <\/li><li> Protsessor:Qualcomm Snapdragon 665 Octa-Core (Kryo 260 4 x 2.0 GHz + 4 x 1.8 GHz) <\/li><li> P\u00f5him\u00e4lu:4 GB <\/li><li> Telefoni m\u00e4lu:128 GB <\/li><li> SIM kaardi t\u00fc\u00fcp:Nano SIM <\/li><li> Kahe SIM-kaardi tugi:Jah <\/li><li> Kahe SIM kaardi olek:Dual Stand-By <\/li><li> Aku mahtuvus:3600 mAh <\/li><li> Laadija t\u00fc\u00fcp:USB t\u00fc\u00fcp C kaabel <\/li><li> Juhtmevaba laadimine:Ei <\/li><li> MicroSD:kuni 1 TB <\/li><li> Audio v\u00e4ljund (3,5 mm):Jah <\/li><li> Operatsioonis\u00fcsteem:Android <\/li><li> Operatsioonis\u00fcsteemi versioon:10 <\/li><\/ul>\n","protected":false},"excerpt":{"rendered":"<p>Mobiiltelefon Sony Xperia 10 II 128GB, heas seisu- ja t\u00f6\u00f6korras! KIRJELDUS Ekraani diagonaal:6 &#187; (tolli) Ekraani t\u00fc\u00fcp:OLED Resolutsioon:2520 x 1080 pikslit Piksli tihedus:459 ppi Lisaomadused:Corning Gorilla Glass 6 ekraaniklaas Eesmine kaamera:8 Mpix Videosalvestus:3840 x 2160 pikslit Protsessor:Qualcomm Snapdragon 665 Octa-Core (Kryo 260 4 x 2.0 GHz + 4 x 1.8 GHz) P\u00f5him\u00e4lu:4 GB Telefoni m\u00e4lu:128 [&hellip;]<\/p>\n","protected":false},"featured_media":31173,"comment_status":"closed","ping_status":"closed","template":"","meta":{"inline_featured_image":false},"product_brand":[],"product_cat":[171],"product_tag":[],"class_list":{"0":"post-31172","1":"product","2":"type-product","3":"status-publish","4":"has-post-thumbnail","6":"product_cat-mobilnye-telefony","7":"pa_asukoht-mustamae","8":"pa_seisukord-ispolzovano","10":"first","11":"outofstock","12":"taxable","13":"shipping-taxable","14":"purchasable","15":"product-type-simple"},"_links":{"self":[{"href":"https:\/\/a-pant.ee\/ru\/wp-json\/wp\/v2\/product\/31172","targetHints":{"allow":["GET"]}}],"collection":[{"href":"https:\/\/a-pant.ee\/ru\/wp-json\/wp\/v2\/product"}],"about":[{"href":"https:\/\/a-pant.ee\/ru\/wp-json\/wp\/v2\/types\/product"}],"replies":[{"embeddable":true,"href":"https:\/\/a-pant.ee\/ru\/wp-json\/wp\/v2\/comments?post=31172"}],"wp:featuredmedia":[{"embeddable":true,"href":"https:\/\/a-pant.ee\/ru\/wp-json\/wp\/v2\/media\/31173"}],"wp:attachment":[{"href":"https:\/\/a-pant.ee\/ru\/wp-json\/wp\/v2\/media?parent=31172"}],"wp:term":[{"taxonomy":"product_brand","embeddable":true,"href":"https:\/\/a-pant.ee\/ru\/wp-json\/wp\/v2\/product_brand?post=31172"},{"taxonomy":"product_cat","embeddable":true,"href":"https:\/\/a-pant.ee\/ru\/wp-json\/wp\/v2\/product_cat?post=31172"},{"taxonomy":"product_tag","embeddable":true,"href":"https:\/\/a-pant.ee\/ru\/wp-json\/wp\/v2\/product_tag?post=31172"}],"curies":[{"name":"wp","href":"https:\/\/api.w.org\/{rel}","templated":true}]}}