{"id":31165,"date":"2026-02-04T13:30:48","date_gmt":"2026-02-04T10:30:48","guid":{"rendered":"https:\/\/a-pant.ee\/product\/osushitel-vody-stadler-form-albert-little\/"},"modified":"2026-02-22T12:21:36","modified_gmt":"2026-02-22T09:21:36","slug":"osushitel-vozduha-stadler-form-albert-little","status":"publish","type":"product","link":"https:\/\/a-pant.ee\/ru\/product\/osushitel-vozduha-stadler-form-albert-little\/","title":{"rendered":"\u041e\u0441\u0443\u0448\u0438\u0442\u0435\u043b\u044c \u0432\u043e\u0437\u0434\u0443\u0445\u0430 Stadler Form Albert Little"},"content":{"rendered":"\n<p><strong> \u00d5hukuivataja Stadler Form Albert Little <\/strong> , heas seisu- ja t\u00f6\u00f6korras! <\/p><p> KIRJELDUS <\/p><ul><li><strong> \u00d5hukuivatusv\u00f5imsus <\/strong> : kuni 10 liitrit p\u00e4evas <\/li><li><strong> Soovitatav pindala <\/strong> : kuni 40 m\u00b2 <\/li><li><strong> Veepaagi maht <\/strong> : 2 liitrit <\/li><li><strong> M\u00fcratase <\/strong> : 32\u201343 dB <\/li><li><strong> V\u00f5imsustarve <\/strong> : umbes 190\u2013240 W <\/li><li><strong> Funktsioonid <\/strong> : niiskusandur (h\u00fcgrostaat), taimer, automaatne v\u00e4ljal\u00fclitus, automaatne sulatus, \u00f5hufilter <\/li><li><strong> M\u00f5\u00f5dud <\/strong> : 555\u00d7298\u00d7216 mm <\/li><li><strong> Kaal <\/strong> : umbes 10,5 kg <\/li><\/ul><p> \u00a0 <\/p>\n","protected":false},"excerpt":{"rendered":"<p>\u00d5hukuivataja Stadler Form Albert Little , heas seisu- ja t\u00f6\u00f6korras! KIRJELDUS \u00d5hukuivatusv\u00f5imsus : kuni 10 liitrit p\u00e4evas Soovitatav pindala : kuni 40 m\u00b2 Veepaagi maht : 2 liitrit M\u00fcratase : 32\u201343 dB V\u00f5imsustarve : umbes 190\u2013240 W Funktsioonid : niiskusandur (h\u00fcgrostaat), taimer, automaatne v\u00e4ljal\u00fclitus, automaatne sulatus, \u00f5hufilter M\u00f5\u00f5dud : 555\u00d7298\u00d7216 mm Kaal : umbes 10,5 [&hellip;]<\/p>\n","protected":false},"featured_media":31166,"comment_status":"closed","ping_status":"closed","template":"","meta":{"inline_featured_image":false},"product_brand":[],"product_cat":[166],"product_tag":[],"class_list":{"0":"post-31165","1":"product","2":"type-product","3":"status-publish","4":"has-post-thumbnail","6":"product_cat-bytovaya-tehnika","7":"product_shipping_class-oversize","8":"pa_asukoht-lasnamae","9":"pa_seisukord-ispolzovano","11":"first","12":"instock","13":"taxable","14":"shipping-taxable","15":"purchasable","16":"product-type-simple"},"_links":{"self":[{"href":"https:\/\/a-pant.ee\/ru\/wp-json\/wp\/v2\/product\/31165","targetHints":{"allow":["GET"]}}],"collection":[{"href":"https:\/\/a-pant.ee\/ru\/wp-json\/wp\/v2\/product"}],"about":[{"href":"https:\/\/a-pant.ee\/ru\/wp-json\/wp\/v2\/types\/product"}],"replies":[{"embeddable":true,"href":"https:\/\/a-pant.ee\/ru\/wp-json\/wp\/v2\/comments?post=31165"}],"wp:featuredmedia":[{"embeddable":true,"href":"https:\/\/a-pant.ee\/ru\/wp-json\/wp\/v2\/media\/31166"}],"wp:attachment":[{"href":"https:\/\/a-pant.ee\/ru\/wp-json\/wp\/v2\/media?parent=31165"}],"wp:term":[{"taxonomy":"product_brand","embeddable":true,"href":"https:\/\/a-pant.ee\/ru\/wp-json\/wp\/v2\/product_brand?post=31165"},{"taxonomy":"product_cat","embeddable":true,"href":"https:\/\/a-pant.ee\/ru\/wp-json\/wp\/v2\/product_cat?post=31165"},{"taxonomy":"product_tag","embeddable":true,"href":"https:\/\/a-pant.ee\/ru\/wp-json\/wp\/v2\/product_tag?post=31165"}],"curies":[{"name":"wp","href":"https:\/\/api.w.org\/{rel}","templated":true}]}}