{"id":31159,"date":"2026-02-04T13:24:59","date_gmt":"2026-02-04T10:24:59","guid":{"rendered":"https:\/\/a-pant.ee\/product\/televizor-philips-32phh4309-88\/"},"modified":"2026-02-22T12:22:39","modified_gmt":"2026-02-22T09:22:39","slug":"televizor-philips-32phh4309-88-provod-pult","status":"publish","type":"product","link":"https:\/\/a-pant.ee\/ru\/product\/televizor-philips-32phh4309-88-provod-pult\/","title":{"rendered":"\u0422\u0435\u043b\u0435\u0432\u0438\u0437\u043e\u0440 Philips 32phh4309\/88 + \u041f\u0440\u043e\u0432\u043e\u0434 + \u041f\u0443\u043b\u044c\u0442"},"content":{"rendered":"\n<p> Teler Philips 32phh4309\/88 + Juhe + Pult\u00a0, heas seisu- ja t\u00f6\u00f6korras! <\/p><p> KIRJELDUS <\/p><ul><li> Ekraani diagonaal:\u00a081 cm (32 tolli) <\/li><li> Ekraani eraldusv\u00f5ime:\u00a01366 \u00d7 768 pikslit (HD) <\/li><li> Ekraani t\u00fc\u00fcp:\u00a0LED <\/li><li> Heledus:\u00a0250 kcd\/m\u00b2 <\/li><li> Uuendussagedus:\u00a0100 Hz (Perfect Motion Rate) <\/li><li> Pildi t\u00e4iustustehnoloogia:\u00a0Digital Crystal Clear <\/li><li> Helis\u00fcsteem:\u00a010 W (RMS), toetab tehnoloogiaid Incredible Surround, Clear Sound, Auto Volume Leveller, Bass Enhancement <\/li><li> Tuunerid:\u00a0DVB-T\/C <\/li><li> Pordid: <ul><li> 2 \u00d7 HDMI <\/li><li> 1 \u00d7 USB <\/li><li> Digitaalne heliv\u00e4ljund (optiline) <\/li><li> K\u00f5rvaklappide v\u00e4ljund <\/li><li> Helisisend (DVI) <\/li><li> Antenn IEC75 <\/li><li> CI+ 1.3 <\/li><\/ul><\/li><li> Miracasti tugi:\u00a0Jah <\/li><li> M\u00f5\u00f5dud (L \u00d7 K \u00d7 S):\u00a0730 \u00d7 435 \u00d7 60 mm (ilma aluse) <\/li><li> Kaal:\u00a04,9 kg (koos alusega) <\/li><li> Energiaklass:\u00a0A <\/li><\/ul>\n","protected":false},"excerpt":{"rendered":"<p>Teler Philips 32phh4309\/88 + Juhe + Pult\u00a0, heas seisu- ja t\u00f6\u00f6korras! KIRJELDUS Ekraani diagonaal:\u00a081 cm (32 tolli) Ekraani eraldusv\u00f5ime:\u00a01366 \u00d7 768 pikslit (HD) Ekraani t\u00fc\u00fcp:\u00a0LED Heledus:\u00a0250 kcd\/m\u00b2 Uuendussagedus:\u00a0100 Hz (Perfect Motion Rate) Pildi t\u00e4iustustehnoloogia:\u00a0Digital Crystal Clear Helis\u00fcsteem:\u00a010 W (RMS), toetab tehnoloogiaid Incredible Surround, Clear Sound, Auto Volume Leveller, Bass Enhancement Tuunerid:\u00a0DVB-T\/C Pordid: 2 \u00d7 HDMI [&hellip;]<\/p>\n","protected":false},"featured_media":31160,"comment_status":"closed","ping_status":"closed","template":"","meta":{"inline_featured_image":false},"product_brand":[],"product_cat":[181],"product_tag":[],"class_list":{"0":"post-31159","1":"product","2":"type-product","3":"status-publish","4":"has-post-thumbnail","6":"product_cat-televizory","7":"product_shipping_class-oversize","8":"pa_asukoht-mustamae","9":"pa_seisukord-ispolzovano","11":"first","12":"outofstock","13":"taxable","14":"shipping-taxable","15":"purchasable","16":"product-type-simple"},"_links":{"self":[{"href":"https:\/\/a-pant.ee\/ru\/wp-json\/wp\/v2\/product\/31159","targetHints":{"allow":["GET"]}}],"collection":[{"href":"https:\/\/a-pant.ee\/ru\/wp-json\/wp\/v2\/product"}],"about":[{"href":"https:\/\/a-pant.ee\/ru\/wp-json\/wp\/v2\/types\/product"}],"replies":[{"embeddable":true,"href":"https:\/\/a-pant.ee\/ru\/wp-json\/wp\/v2\/comments?post=31159"}],"wp:featuredmedia":[{"embeddable":true,"href":"https:\/\/a-pant.ee\/ru\/wp-json\/wp\/v2\/media\/31160"}],"wp:attachment":[{"href":"https:\/\/a-pant.ee\/ru\/wp-json\/wp\/v2\/media?parent=31159"}],"wp:term":[{"taxonomy":"product_brand","embeddable":true,"href":"https:\/\/a-pant.ee\/ru\/wp-json\/wp\/v2\/product_brand?post=31159"},{"taxonomy":"product_cat","embeddable":true,"href":"https:\/\/a-pant.ee\/ru\/wp-json\/wp\/v2\/product_cat?post=31159"},{"taxonomy":"product_tag","embeddable":true,"href":"https:\/\/a-pant.ee\/ru\/wp-json\/wp\/v2\/product_tag?post=31159"}],"curies":[{"name":"wp","href":"https:\/\/api.w.org\/{rel}","templated":true}]}}