{"id":31154,"date":"2026-02-04T13:24:59","date_gmt":"2026-02-04T10:24:59","guid":{"rendered":"https:\/\/a-pant.ee\/product\/mikrofon-trust-gxt-252-emita-plus\/"},"modified":"2026-02-22T12:22:38","modified_gmt":"2026-02-22T09:22:38","slug":"mikrofon-trust-gxt-252-emita-plus-prinadlezhnosti-korobka","status":"publish","type":"product","link":"https:\/\/a-pant.ee\/ru\/product\/mikrofon-trust-gxt-252-emita-plus-prinadlezhnosti-korobka\/","title":{"rendered":"\u041c\u0438\u043a\u0440\u043e\u0444\u043e\u043d Trust GXT 252 Emita Plus + \u041f\u0440\u0438\u043d\u0430\u0434\u043b\u0435\u0436\u043d\u043e\u0441\u0442\u0438 + \u041a\u043e\u0440\u043e\u0431\u043a\u0430"},"content":{"rendered":"\n<p> Mikrofon Trust GXT 252 Emita Plus + Tarvikud + Karp\u00a0, heas seisu- ja t\u00f6\u00f6korras! <\/p><p> KIRJELDUS <\/p><ul><li> T\u00fc\u00fcp: stuudio kondensaatormikrofon USB-\u00fchendusega <\/li><li> \u00dchendus: USB <\/li><li> Suunakarakteristik: kardioid <\/li><li> Sagedusala: 18 Hz \u2013 21 kHz <\/li><li> Tundlikkus: \u201335 dB <\/li><li> Maksimaalne helir\u00f5hk (SPL): 135 dB <\/li><li> Resolutsioon ja diskreetimissagedus: 16-bit \/ 48 kHz <\/li><li> Sobib voogedastuseks, podcastideks, dubleerimiseks, vokaali ja instrumentide salvestamiseks <\/li><li> Varustatud \u0161okikinnituse ja pop-filtriga puhtaks heli salvestamiseks <\/li><\/ul>\n","protected":false},"excerpt":{"rendered":"<p>Mikrofon Trust GXT 252 Emita Plus + Tarvikud + Karp\u00a0, heas seisu- ja t\u00f6\u00f6korras! KIRJELDUS T\u00fc\u00fcp: stuudio kondensaatormikrofon USB-\u00fchendusega \u00dchendus: USB Suunakarakteristik: kardioid Sagedusala: 18 Hz \u2013 21 kHz Tundlikkus: \u201335 dB Maksimaalne helir\u00f5hk (SPL): 135 dB Resolutsioon ja diskreetimissagedus: 16-bit \/ 48 kHz Sobib voogedastuseks, podcastideks, dubleerimiseks, vokaali ja instrumentide salvestamiseks Varustatud \u0161okikinnituse ja [&hellip;]<\/p>\n","protected":false},"featured_media":31155,"comment_status":"closed","ping_status":"closed","template":"","meta":{"inline_featured_image":false},"product_brand":[],"product_cat":[157],"product_tag":[],"class_list":{"0":"post-31154","1":"product","2":"type-product","3":"status-publish","4":"has-post-thumbnail","6":"product_cat-vse-dlya-kompyutera","7":"pa_asukoht-mustamae","8":"pa_seisukord-ispolzovano","10":"first","11":"outofstock","12":"taxable","13":"shipping-taxable","14":"purchasable","15":"product-type-simple"},"_links":{"self":[{"href":"https:\/\/a-pant.ee\/ru\/wp-json\/wp\/v2\/product\/31154","targetHints":{"allow":["GET"]}}],"collection":[{"href":"https:\/\/a-pant.ee\/ru\/wp-json\/wp\/v2\/product"}],"about":[{"href":"https:\/\/a-pant.ee\/ru\/wp-json\/wp\/v2\/types\/product"}],"replies":[{"embeddable":true,"href":"https:\/\/a-pant.ee\/ru\/wp-json\/wp\/v2\/comments?post=31154"}],"wp:featuredmedia":[{"embeddable":true,"href":"https:\/\/a-pant.ee\/ru\/wp-json\/wp\/v2\/media\/31155"}],"wp:attachment":[{"href":"https:\/\/a-pant.ee\/ru\/wp-json\/wp\/v2\/media?parent=31154"}],"wp:term":[{"taxonomy":"product_brand","embeddable":true,"href":"https:\/\/a-pant.ee\/ru\/wp-json\/wp\/v2\/product_brand?post=31154"},{"taxonomy":"product_cat","embeddable":true,"href":"https:\/\/a-pant.ee\/ru\/wp-json\/wp\/v2\/product_cat?post=31154"},{"taxonomy":"product_tag","embeddable":true,"href":"https:\/\/a-pant.ee\/ru\/wp-json\/wp\/v2\/product_tag?post=31154"}],"curies":[{"name":"wp","href":"https:\/\/api.w.org\/{rel}","templated":true}]}}