{"id":31148,"date":"2026-02-04T13:24:59","date_gmt":"2026-02-04T10:24:59","guid":{"rendered":"https:\/\/a-pant.ee\/product\/zaryadka-milwaukee-c12-c-12v\/"},"modified":"2026-02-22T12:21:41","modified_gmt":"2026-02-22T09:21:41","slug":"zaryadka-milwaukee-c12-c-12v","status":"publish","type":"product","link":"https:\/\/a-pant.ee\/ru\/product\/zaryadka-milwaukee-c12-c-12v\/","title":{"rendered":"\u0417\u0430\u0440\u044f\u0434\u043a\u0430 Milwaukee C12 C 12\u0412"},"content":{"rendered":"\n<p> Laadija Milwaukee C12 C 12V\u00a0, heas seisu- ja t\u00f6\u00f6korras! <\/p><p> KIRJELDUS <\/p><ul><li> T\u00fc\u00fcp: akulaadija <\/li><li> \u00dchilduvus: Milwaukee M12 seeria Li-Ion akud <\/li><li> Laadimispinge: 12 V <\/li><li> Sisendpinge: 220\u2013240 V <\/li><li> Aku seisundi automaatne tuvastamine ja laadimise juhtimine <\/li><li> Laadimisprotsessi valgusindikaator <\/li><li> \u00dclekuumenemis- ja \u00fclekoormuskaitse <\/li><li> Kompaktne ja mugav korpus transportimiseks <\/li><\/ul>\n","protected":false},"excerpt":{"rendered":"<p>Laadija Milwaukee C12 C 12V\u00a0, heas seisu- ja t\u00f6\u00f6korras! KIRJELDUS T\u00fc\u00fcp: akulaadija \u00dchilduvus: Milwaukee M12 seeria Li-Ion akud Laadimispinge: 12 V Sisendpinge: 220\u2013240 V Aku seisundi automaatne tuvastamine ja laadimise juhtimine Laadimisprotsessi valgusindikaator \u00dclekuumenemis- ja \u00fclekoormuskaitse Kompaktne ja mugav korpus transportimiseks<\/p>\n","protected":false},"featured_media":31149,"comment_status":"closed","ping_status":"open","template":"","meta":{"inline_featured_image":false},"product_brand":[],"product_cat":[223],"product_tag":[],"class_list":{"0":"post-31148","1":"product","2":"type-product","3":"status-publish","4":"has-post-thumbnail","6":"product_cat-vsyo-dlya-instrumenta","7":"pa_asukoht-mustamae","8":"pa_seisukord-ispolzovano","10":"first","11":"instock","12":"taxable","13":"shipping-taxable","14":"purchasable","15":"product-type-simple"},"_links":{"self":[{"href":"https:\/\/a-pant.ee\/ru\/wp-json\/wp\/v2\/product\/31148","targetHints":{"allow":["GET"]}}],"collection":[{"href":"https:\/\/a-pant.ee\/ru\/wp-json\/wp\/v2\/product"}],"about":[{"href":"https:\/\/a-pant.ee\/ru\/wp-json\/wp\/v2\/types\/product"}],"replies":[{"embeddable":true,"href":"https:\/\/a-pant.ee\/ru\/wp-json\/wp\/v2\/comments?post=31148"}],"wp:featuredmedia":[{"embeddable":true,"href":"https:\/\/a-pant.ee\/ru\/wp-json\/wp\/v2\/media\/31149"}],"wp:attachment":[{"href":"https:\/\/a-pant.ee\/ru\/wp-json\/wp\/v2\/media?parent=31148"}],"wp:term":[{"taxonomy":"product_brand","embeddable":true,"href":"https:\/\/a-pant.ee\/ru\/wp-json\/wp\/v2\/product_brand?post=31148"},{"taxonomy":"product_cat","embeddable":true,"href":"https:\/\/a-pant.ee\/ru\/wp-json\/wp\/v2\/product_cat?post=31148"},{"taxonomy":"product_tag","embeddable":true,"href":"https:\/\/a-pant.ee\/ru\/wp-json\/wp\/v2\/product_tag?post=31148"}],"curies":[{"name":"wp","href":"https:\/\/api.w.org\/{rel}","templated":true}]}}