{"id":31130,"date":"2026-02-04T13:24:59","date_gmt":"2026-02-04T10:24:59","guid":{"rendered":"https:\/\/a-pant.ee\/product\/sabelnaya-pila-milwaukee-c12-hz-akb\/"},"modified":"2026-02-22T12:21:41","modified_gmt":"2026-02-22T09:21:41","slug":"sabelnaya-pila-milwaukee-c12-hz-akb","status":"publish","type":"product","link":"https:\/\/a-pant.ee\/ru\/product\/sabelnaya-pila-milwaukee-c12-hz-akb\/","title":{"rendered":"\u0421\u0430\u0431\u0435\u043b\u044c\u043d\u0430\u044f \u043f\u0438\u043b\u0430 Milwaukee C12 HZ + \u0410\u041a\u0411"},"content":{"rendered":"\n<p> Tigersaag Milwaukee C12 HZ + AKU\u00a0, heas seisu- ja t\u00f6\u00f6korras! <\/p><p> KIRJELDUS <\/p><ul><li> T\u00fc\u00fcp: akuga tikksaag (sabelsaag) <\/li><li> Pinge: 12 V <\/li><li> Saek\u00e4igu pikkus: 14 mm <\/li><li> L\u00f6\u00f6kide arv: 0\u20133000 l\u00f6\u00f6ki\/min <\/li><li> Maksimaalne l\u00f5ikes\u00fcgavus: puit kuni 60 mm, metall kuni 12 mm <\/li><li> Kiire tera vahetus ilma t\u00f6\u00f6riistadeta <\/li><li> Kompaktne disain \u00fche k\u00e4ega t\u00f6\u00f6tamiseks ja kitsastes kohtades <\/li><li> REDLINK\u2122 elektrooniline \u00fclekoormuskaitse pikemaks t\u00f6\u00f6eaks <\/li><\/ul>\n","protected":false},"excerpt":{"rendered":"<p>Tigersaag Milwaukee C12 HZ + AKU\u00a0, heas seisu- ja t\u00f6\u00f6korras! KIRJELDUS T\u00fc\u00fcp: akuga tikksaag (sabelsaag) Pinge: 12 V Saek\u00e4igu pikkus: 14 mm L\u00f6\u00f6kide arv: 0\u20133000 l\u00f6\u00f6ki\/min Maksimaalne l\u00f5ikes\u00fcgavus: puit kuni 60 mm, metall kuni 12 mm Kiire tera vahetus ilma t\u00f6\u00f6riistadeta Kompaktne disain \u00fche k\u00e4ega t\u00f6\u00f6tamiseks ja kitsastes kohtades REDLINK\u2122 elektrooniline \u00fclekoormuskaitse pikemaks t\u00f6\u00f6eaks<\/p>\n","protected":false},"featured_media":31131,"comment_status":"closed","ping_status":"closed","template":"","meta":{"inline_featured_image":false},"product_brand":[],"product_cat":[243],"product_tag":[],"class_list":{"0":"post-31130","1":"product","2":"type-product","3":"status-publish","4":"has-post-thumbnail","6":"product_cat-sabelnye-pily","7":"pa_asukoht-mustamae","8":"pa_seisukord-ispolzovano","10":"first","11":"outofstock","12":"taxable","13":"shipping-taxable","14":"purchasable","15":"product-type-simple"},"_links":{"self":[{"href":"https:\/\/a-pant.ee\/ru\/wp-json\/wp\/v2\/product\/31130","targetHints":{"allow":["GET"]}}],"collection":[{"href":"https:\/\/a-pant.ee\/ru\/wp-json\/wp\/v2\/product"}],"about":[{"href":"https:\/\/a-pant.ee\/ru\/wp-json\/wp\/v2\/types\/product"}],"replies":[{"embeddable":true,"href":"https:\/\/a-pant.ee\/ru\/wp-json\/wp\/v2\/comments?post=31130"}],"wp:featuredmedia":[{"embeddable":true,"href":"https:\/\/a-pant.ee\/ru\/wp-json\/wp\/v2\/media\/31131"}],"wp:attachment":[{"href":"https:\/\/a-pant.ee\/ru\/wp-json\/wp\/v2\/media?parent=31130"}],"wp:term":[{"taxonomy":"product_brand","embeddable":true,"href":"https:\/\/a-pant.ee\/ru\/wp-json\/wp\/v2\/product_brand?post=31130"},{"taxonomy":"product_cat","embeddable":true,"href":"https:\/\/a-pant.ee\/ru\/wp-json\/wp\/v2\/product_cat?post=31130"},{"taxonomy":"product_tag","embeddable":true,"href":"https:\/\/a-pant.ee\/ru\/wp-json\/wp\/v2\/product_tag?post=31130"}],"curies":[{"name":"wp","href":"https:\/\/api.w.org\/{rel}","templated":true}]}}