{"id":31124,"date":"2026-02-04T13:24:59","date_gmt":"2026-02-04T10:24:59","guid":{"rendered":"https:\/\/a-pant.ee\/product\/akudrel-milwaukee-m12-bid-bez-akb\/"},"modified":"2026-02-22T12:21:40","modified_gmt":"2026-02-22T09:21:40","slug":"akudrel-milwaukee-m12-bid-bez-akb","status":"publish","type":"product","link":"https:\/\/a-pant.ee\/ru\/product\/akudrel-milwaukee-m12-bid-bez-akb\/","title":{"rendered":"\u0410\u043a\u0443\u0434\u0440\u0435\u043b\u044c Milwaukee M12 BID \u0431\u0435\u0437 \u0430\u043a\u0431"},"content":{"rendered":"\n<p> Akutrell Milwaukee M12 BID ilma akuta\u00a0, heas seisu- ja t\u00f6\u00f6korras! <\/p><p> KIRJELDUS <\/p><ul><li> T\u00fc\u00fcp: akuga l\u00f6\u00f6kmutrikeeraja <\/li><li> Pinge: 12 V <\/li><li> Maksimaalne p\u00f6\u00f6rdemoment: kuni 112 Nm <\/li><li> L\u00f6\u00f6gisagedus: kuni 3300 l\u00f6\u00f6ki\/min <\/li><li> T\u00fchik\u00e4igu kiirus: 0\u20132500 p\/min <\/li><li> Padrun: kuuskant 1\/4&#8243; (HEX) <\/li><li> Kompaktne ja kerge korpus t\u00f6\u00f6ks kitsastes kohtades <\/li><li> REDLINK\u2122 elektrooniline \u00fclekoormuskaitse t\u00f6\u00f6riista ja aku pikemaks t\u00f6\u00f6eaks <\/li><\/ul>\n","protected":false},"excerpt":{"rendered":"<p>Akutrell Milwaukee M12 BID ilma akuta\u00a0, heas seisu- ja t\u00f6\u00f6korras! KIRJELDUS T\u00fc\u00fcp: akuga l\u00f6\u00f6kmutrikeeraja Pinge: 12 V Maksimaalne p\u00f6\u00f6rdemoment: kuni 112 Nm L\u00f6\u00f6gisagedus: kuni 3300 l\u00f6\u00f6ki\/min T\u00fchik\u00e4igu kiirus: 0\u20132500 p\/min Padrun: kuuskant 1\/4&#8243; (HEX) Kompaktne ja kerge korpus t\u00f6\u00f6ks kitsastes kohtades REDLINK\u2122 elektrooniline \u00fclekoormuskaitse t\u00f6\u00f6riista ja aku pikemaks t\u00f6\u00f6eaks<\/p>\n","protected":false},"featured_media":31125,"comment_status":"closed","ping_status":"closed","template":"","meta":{"inline_featured_image":false},"product_brand":[],"product_cat":[221],"product_tag":[],"class_list":{"0":"post-31124","1":"product","2":"type-product","3":"status-publish","4":"has-post-thumbnail","6":"product_cat-akkumulyatornye-dreli","7":"pa_asukoht-mustamae","8":"pa_seisukord-ispolzovano","10":"first","11":"outofstock","12":"taxable","13":"shipping-taxable","14":"purchasable","15":"product-type-simple"},"_links":{"self":[{"href":"https:\/\/a-pant.ee\/ru\/wp-json\/wp\/v2\/product\/31124","targetHints":{"allow":["GET"]}}],"collection":[{"href":"https:\/\/a-pant.ee\/ru\/wp-json\/wp\/v2\/product"}],"about":[{"href":"https:\/\/a-pant.ee\/ru\/wp-json\/wp\/v2\/types\/product"}],"replies":[{"embeddable":true,"href":"https:\/\/a-pant.ee\/ru\/wp-json\/wp\/v2\/comments?post=31124"}],"wp:featuredmedia":[{"embeddable":true,"href":"https:\/\/a-pant.ee\/ru\/wp-json\/wp\/v2\/media\/31125"}],"wp:attachment":[{"href":"https:\/\/a-pant.ee\/ru\/wp-json\/wp\/v2\/media?parent=31124"}],"wp:term":[{"taxonomy":"product_brand","embeddable":true,"href":"https:\/\/a-pant.ee\/ru\/wp-json\/wp\/v2\/product_brand?post=31124"},{"taxonomy":"product_cat","embeddable":true,"href":"https:\/\/a-pant.ee\/ru\/wp-json\/wp\/v2\/product_cat?post=31124"},{"taxonomy":"product_tag","embeddable":true,"href":"https:\/\/a-pant.ee\/ru\/wp-json\/wp\/v2\/product_tag?post=31124"}],"curies":[{"name":"wp","href":"https:\/\/api.w.org\/{rel}","templated":true}]}}