{"id":31118,"date":"2026-02-04T13:24:59","date_gmt":"2026-02-04T10:24:59","guid":{"rendered":"https:\/\/a-pant.ee\/product\/mobilnyy-telefon-samsung-xcover-pro-64gb\/"},"modified":"2026-02-22T12:21:40","modified_gmt":"2026-02-22T09:21:40","slug":"mobilnyj-telefon-samsung-xcover-pro-64gb","status":"publish","type":"product","link":"https:\/\/a-pant.ee\/ru\/product\/mobilnyj-telefon-samsung-xcover-pro-64gb\/","title":{"rendered":"\u041c\u043e\u0431\u0438\u043b\u044c\u043d\u044b\u0439 \u0442\u0435\u043b\u0435\u0444\u043e\u043d Samsung XCover Pro 64GB"},"content":{"rendered":"\n<p> Mobiiltelefon Samsung XCover Pro 64GB, heas seisu- ja t\u00f6\u00f6korras! <\/p><p> Klaasil ja korpusel on kriimustused. <\/p><p> KIRJELDUS <\/p><ul><li> Ekraani diagonaal:6.3 &#187; (tolli) <\/li><li> Ekraani t\u00fc\u00fcp:PLS TFT LCD <\/li><li> Resolutsioon:2340 x 1080 pikslit <\/li><li> Piksli tihedus:409 ppi <\/li><li> Eesmine kaamera:13 Mpix <\/li><li> Videosalvestus:1920 x 1080 pikslit <\/li><li> Protsessor:Exynos 9611 Octa-Core (2.3 GHz Dual-Core + 1.7 GHz Hexa-Core) <\/li><li> P\u00f5him\u00e4lu:4 GB <\/li><li> Telefoni m\u00e4lu:64 GB <\/li><li> SIM kaardi t\u00fc\u00fcp:Nano SIM <\/li><li> Kahe SIM-kaardi tugi:Jah <\/li><li> Kahe SIM kaardi olek:Active Stand-By <\/li><li> Laadija t\u00fc\u00fcp:USB t\u00fc\u00fcp C kaabel <\/li><li> Aku mahtuvus:4050 mAh <\/li><li> Juhtmevaba laadimine:Ei <\/li><li> MicroSD:kuni 512 GB <\/li><li> Audio v\u00e4ljund (3,5 mm):Jah <\/li><li> Operatsioonis\u00fcsteem:Android <\/li><li> Operatsioonis\u00fcsteemi versioon:10 <\/li><\/ul>\n","protected":false},"excerpt":{"rendered":"<p>Mobiiltelefon Samsung XCover Pro 64GB, heas seisu- ja t\u00f6\u00f6korras! Klaasil ja korpusel on kriimustused. KIRJELDUS Ekraani diagonaal:6.3 &#187; (tolli) Ekraani t\u00fc\u00fcp:PLS TFT LCD Resolutsioon:2340 x 1080 pikslit Piksli tihedus:409 ppi Eesmine kaamera:13 Mpix Videosalvestus:1920 x 1080 pikslit Protsessor:Exynos 9611 Octa-Core (2.3 GHz Dual-Core + 1.7 GHz Hexa-Core) P\u00f5him\u00e4lu:4 GB Telefoni m\u00e4lu:64 GB SIM kaardi t\u00fc\u00fcp:Nano [&hellip;]<\/p>\n","protected":false},"featured_media":31119,"comment_status":"closed","ping_status":"open","template":"","meta":{"inline_featured_image":false},"product_brand":[],"product_cat":[171],"product_tag":[],"class_list":{"0":"post-31118","1":"product","2":"type-product","3":"status-publish","4":"has-post-thumbnail","6":"product_cat-mobilnye-telefony","7":"pa_asukoht-mustamae","8":"pa_seisukord-ispolzovano","10":"first","11":"instock","12":"taxable","13":"shipping-taxable","14":"purchasable","15":"product-type-simple"},"_links":{"self":[{"href":"https:\/\/a-pant.ee\/ru\/wp-json\/wp\/v2\/product\/31118","targetHints":{"allow":["GET"]}}],"collection":[{"href":"https:\/\/a-pant.ee\/ru\/wp-json\/wp\/v2\/product"}],"about":[{"href":"https:\/\/a-pant.ee\/ru\/wp-json\/wp\/v2\/types\/product"}],"replies":[{"embeddable":true,"href":"https:\/\/a-pant.ee\/ru\/wp-json\/wp\/v2\/comments?post=31118"}],"wp:featuredmedia":[{"embeddable":true,"href":"https:\/\/a-pant.ee\/ru\/wp-json\/wp\/v2\/media\/31119"}],"wp:attachment":[{"href":"https:\/\/a-pant.ee\/ru\/wp-json\/wp\/v2\/media?parent=31118"}],"wp:term":[{"taxonomy":"product_brand","embeddable":true,"href":"https:\/\/a-pant.ee\/ru\/wp-json\/wp\/v2\/product_brand?post=31118"},{"taxonomy":"product_cat","embeddable":true,"href":"https:\/\/a-pant.ee\/ru\/wp-json\/wp\/v2\/product_cat?post=31118"},{"taxonomy":"product_tag","embeddable":true,"href":"https:\/\/a-pant.ee\/ru\/wp-json\/wp\/v2\/product_tag?post=31118"}],"curies":[{"name":"wp","href":"https:\/\/api.w.org\/{rel}","templated":true}]}}