{"id":31075,"date":"2026-02-04T13:24:59","date_gmt":"2026-02-04T10:24:59","guid":{"rendered":"https:\/\/a-pant.ee\/product\/mobilnyj-telefon-samsung-a36-5g-128gb\/"},"modified":"2026-02-22T12:21:39","modified_gmt":"2026-02-22T09:21:39","slug":"mobilnyj-telefon-samsung-a36-5g-128gb-korobka","status":"publish","type":"product","link":"https:\/\/a-pant.ee\/ru\/product\/mobilnyj-telefon-samsung-a36-5g-128gb-korobka\/","title":{"rendered":"\u041c\u043e\u0431\u0438\u043b\u044c\u043d\u044b\u0439 \u0442\u0435\u043b\u0435\u0444\u043e\u043d Samsung A36 5G 128GB + \u043a\u043e\u0440\u043e\u0431\u043a\u0430"},"content":{"rendered":"\n<p> Mobiiltelefon Samsung A36 5G 128GB + karp, heas seisu- ja t\u00f6\u00f6korras! <\/p><p> Ekraanil on v\u00e4ikesed kriimustused. <\/p><p> KIRJELDUS <\/p><ul><li> Ekraani diagonaal:6.7 &#187; (tolli) <\/li><li> Ekraani t\u00fc\u00fcp:Super AMOLED <\/li><li> Resolutsioon:2340 x 1080 pikslit <\/li><li> V\u00e4rskendussagedus:120 Hz <\/li><li> Piksli tihedus:385 ppi <\/li><li> Lisaomadused:Corning Gorilla Glass Victus+ ekraaniklaas <\/li><li> Tagumised kaamerad:50 Mpix + 8 Mpix + 5 Mpix <\/li><li> Eesmine kaamera:12 Mpix <\/li><li> Videosalvestus:3840 x 2160 pikslit <\/li><li> Protsessor:Qualcomm Snapdragon 6 Gen 3 Octa-Core (4 x 2.4 GHz + 4 x 1.8 GHz) <\/li><li> P\u00f5him\u00e4lu:6 GB <\/li><li> Telefoni m\u00e4lu:128 GB <\/li><li> SIM kaardi t\u00fc\u00fcp:Nano SIM + eSIM (Pull\/Push) <\/li><li> Kahe SIM-kaardi tugi:Jah <\/li><li> Kahe SIM kaardi olek:Dual Stand-By <\/li><li> Laadija t\u00fc\u00fcp:USB t\u00fc\u00fcp C kaabel <\/li><li> Aku mahtuvus:5000 mAh <\/li><li> Juhtmevaba laadimine:Ei <\/li><li> Biomeetriline tuvastamine:S\u00f5rmej\u00e4ljelugeja, n\u00e4otuvastus <\/li><li> MicroSD:Ei toeta <\/li><li> Audio v\u00e4ljund (3,5 mm):Ei <\/li><li> Operatsioonis\u00fcsteem:Android <\/li><li> Operatsioonis\u00fcsteemi versioon:15 <\/li><\/ul>\n","protected":false},"excerpt":{"rendered":"<p>Mobiiltelefon Samsung A36 5G 128GB + karp, heas seisu- ja t\u00f6\u00f6korras! Ekraanil on v\u00e4ikesed kriimustused. KIRJELDUS Ekraani diagonaal:6.7 &#187; (tolli) Ekraani t\u00fc\u00fcp:Super AMOLED Resolutsioon:2340 x 1080 pikslit V\u00e4rskendussagedus:120 Hz Piksli tihedus:385 ppi Lisaomadused:Corning Gorilla Glass Victus+ ekraaniklaas Tagumised kaamerad:50 Mpix + 8 Mpix + 5 Mpix Eesmine kaamera:12 Mpix Videosalvestus:3840 x 2160 pikslit Protsessor:Qualcomm Snapdragon [&hellip;]<\/p>\n","protected":false},"featured_media":31076,"comment_status":"closed","ping_status":"open","template":"","meta":{"inline_featured_image":false},"product_brand":[],"product_cat":[171],"product_tag":[],"class_list":{"0":"post-31075","1":"product","2":"type-product","3":"status-publish","4":"has-post-thumbnail","6":"product_cat-mobilnye-telefony","7":"pa_asukoht-mustamae","8":"pa_seisukord-ispolzovano","10":"first","11":"instock","12":"taxable","13":"shipping-taxable","14":"purchasable","15":"product-type-simple"},"_links":{"self":[{"href":"https:\/\/a-pant.ee\/ru\/wp-json\/wp\/v2\/product\/31075","targetHints":{"allow":["GET"]}}],"collection":[{"href":"https:\/\/a-pant.ee\/ru\/wp-json\/wp\/v2\/product"}],"about":[{"href":"https:\/\/a-pant.ee\/ru\/wp-json\/wp\/v2\/types\/product"}],"replies":[{"embeddable":true,"href":"https:\/\/a-pant.ee\/ru\/wp-json\/wp\/v2\/comments?post=31075"}],"wp:featuredmedia":[{"embeddable":true,"href":"https:\/\/a-pant.ee\/ru\/wp-json\/wp\/v2\/media\/31076"}],"wp:attachment":[{"href":"https:\/\/a-pant.ee\/ru\/wp-json\/wp\/v2\/media?parent=31075"}],"wp:term":[{"taxonomy":"product_brand","embeddable":true,"href":"https:\/\/a-pant.ee\/ru\/wp-json\/wp\/v2\/product_brand?post=31075"},{"taxonomy":"product_cat","embeddable":true,"href":"https:\/\/a-pant.ee\/ru\/wp-json\/wp\/v2\/product_cat?post=31075"},{"taxonomy":"product_tag","embeddable":true,"href":"https:\/\/a-pant.ee\/ru\/wp-json\/wp\/v2\/product_tag?post=31075"}],"curies":[{"name":"wp","href":"https:\/\/api.w.org\/{rel}","templated":true}]}}