{"id":31070,"date":"2026-02-04T13:24:59","date_gmt":"2026-02-04T10:24:59","guid":{"rendered":"https:\/\/a-pant.ee\/product\/naruchnye-chasy-victorinox-swiss-army-v050810005\/"},"modified":"2026-02-22T12:21:39","modified_gmt":"2026-02-22T09:21:39","slug":"naruchnye-chasy-victorinoxswis-army-v050810005","status":"publish","type":"product","link":"https:\/\/a-pant.ee\/ru\/product\/naruchnye-chasy-victorinoxswis-army-v050810005\/","title":{"rendered":"\u041d\u0430\u0440\u0443\u0447\u043d\u044b\u0435 \u0447\u0430\u0441\u044b VictorinoxSwis Army V050810005"},"content":{"rendered":"\n<p> Kaekell VictorinoxSwis Army V050810005, heas seisu- ja t\u00f6\u00f6korras! <\/p><p> Br\u00e4nd: VICTORINOX SWISS ARMY <\/p><p> P\u00e4ritoluriik: \u0160veits <\/p><p> Mehhaanika t\u00fc\u00fcp: Kvartsmehhanism (Ronda 715) <\/p><p> Kella t\u00fc\u00fcp: Meeste <\/p><p> Korpuse materjal: Roostevaba teras <\/p><p> Korpuse suurus: L\u00e4bim\u00f5\u00f5t 43 mm <\/p><p> K\u00e4ev\u00f5ru t\u00fc\u00fcp: Roostevaba teras <\/p>\n","protected":false},"excerpt":{"rendered":"<p>Kaekell VictorinoxSwis Army V050810005, heas seisu- ja t\u00f6\u00f6korras! Br\u00e4nd: VICTORINOX SWISS ARMY P\u00e4ritoluriik: \u0160veits Mehhaanika t\u00fc\u00fcp: Kvartsmehhanism (Ronda 715) Kella t\u00fc\u00fcp: Meeste Korpuse materjal: Roostevaba teras Korpuse suurus: L\u00e4bim\u00f5\u00f5t 43 mm K\u00e4ev\u00f5ru t\u00fc\u00fcp: Roostevaba teras<\/p>\n","protected":false},"featured_media":31071,"comment_status":"closed","ping_status":"open","template":"","meta":{"inline_featured_image":false},"product_brand":[],"product_cat":[211],"product_tag":[],"class_list":{"0":"post-31070","1":"product","2":"type-product","3":"status-publish","4":"has-post-thumbnail","6":"product_cat-muzhskie-chasy","7":"pa_asukoht-mustamae","8":"pa_seisukord-ispolzovano","10":"first","11":"instock","12":"taxable","13":"shipping-taxable","14":"purchasable","15":"product-type-simple"},"_links":{"self":[{"href":"https:\/\/a-pant.ee\/ru\/wp-json\/wp\/v2\/product\/31070","targetHints":{"allow":["GET"]}}],"collection":[{"href":"https:\/\/a-pant.ee\/ru\/wp-json\/wp\/v2\/product"}],"about":[{"href":"https:\/\/a-pant.ee\/ru\/wp-json\/wp\/v2\/types\/product"}],"replies":[{"embeddable":true,"href":"https:\/\/a-pant.ee\/ru\/wp-json\/wp\/v2\/comments?post=31070"}],"wp:featuredmedia":[{"embeddable":true,"href":"https:\/\/a-pant.ee\/ru\/wp-json\/wp\/v2\/media\/31071"}],"wp:attachment":[{"href":"https:\/\/a-pant.ee\/ru\/wp-json\/wp\/v2\/media?parent=31070"}],"wp:term":[{"taxonomy":"product_brand","embeddable":true,"href":"https:\/\/a-pant.ee\/ru\/wp-json\/wp\/v2\/product_brand?post=31070"},{"taxonomy":"product_cat","embeddable":true,"href":"https:\/\/a-pant.ee\/ru\/wp-json\/wp\/v2\/product_cat?post=31070"},{"taxonomy":"product_tag","embeddable":true,"href":"https:\/\/a-pant.ee\/ru\/wp-json\/wp\/v2\/product_tag?post=31070"}],"curies":[{"name":"wp","href":"https:\/\/api.w.org\/{rel}","templated":true}]}}