{"id":31062,"date":"2026-02-04T13:24:59","date_gmt":"2026-02-04T10:24:59","guid":{"rendered":"https:\/\/a-pant.ee\/product\/smart-chasy-amazfit-gtr-2\/"},"modified":"2026-02-22T12:21:39","modified_gmt":"2026-02-22T09:21:39","slug":"smart-chasy-amazfit-gtr-2-zaryadka-korobka","status":"publish","type":"product","link":"https:\/\/a-pant.ee\/ru\/product\/smart-chasy-amazfit-gtr-2-zaryadka-korobka\/","title":{"rendered":"\u0421\u043c\u0430\u0440\u0442-\u0447\u0430\u0441\u044b Amazfit GTR 2 + \u0417\u0430\u0440\u044f\u0434\u043a\u0430 + \u041a\u043e\u0440\u043e\u0431\u043a\u0430"},"content":{"rendered":"\n<p><strong> Nutikellad Amazfit GTR 2 + Laadija + Karp Ekraanil on kriimustused <\/strong> , t\u00f6\u00f6korras! <\/p><p> KIRJELDUS <\/p><ul><li> Ekraan: 1,39\u2033 AMOLED, resolutsioon 454 \u00d7 454 <\/li><li> Korpusmaterjal: alumiinium v\u00f5i roostevaba teras (versioonist s\u00f5ltuvalt) <\/li><li> Veekindlus: 5 ATM (kuni ~50 m) <\/li><li> Aku: 471 mA\u00b7h <\/li><li> T\u00f6\u00f6aeg: kuni ~14 p\u00e4eva tavalises kasutuses <\/li><li> \u00dchendused: Bluetooth 5.0, Wi\u2011Fi <\/li><li> Navigatsioon: GPS + GLONASS <\/li><li> Sensedid: s\u00fcdamel\u00f6\u00f6gisagedus, SpO\u2082 (verehapniku tase), kiirendusm\u00f5\u00f5tur, g\u00fcroskoop, baromeeter, valgussensor ja muud <\/li><li> Tervisefunktsioonid: une j\u00e4lgimine, stressi m\u00f5\u00f5tmine, PAI aktiivsusindeks <\/li><li> Spordire\u017eiimid: umbes 12 sisseehitatud (jooksmine, ujumine, jalgratas jms) <\/li><li> Lisafunktsioonid: sisseehitatud mikrofon ja k\u00f5lar (Bluetooth k\u00f5nede tarvis), muusika juhtimine <\/li><\/ul><p> \u00a0 <\/p>\n","protected":false},"excerpt":{"rendered":"<p>Nutikellad Amazfit GTR 2 + Laadija + Karp Ekraanil on kriimustused , t\u00f6\u00f6korras! KIRJELDUS Ekraan: 1,39\u2033 AMOLED, resolutsioon 454 \u00d7 454 Korpusmaterjal: alumiinium v\u00f5i roostevaba teras (versioonist s\u00f5ltuvalt) Veekindlus: 5 ATM (kuni ~50 m) Aku: 471 mA\u00b7h T\u00f6\u00f6aeg: kuni ~14 p\u00e4eva tavalises kasutuses \u00dchendused: Bluetooth 5.0, Wi\u2011Fi Navigatsioon: GPS + GLONASS Sensedid: s\u00fcdamel\u00f6\u00f6gisagedus, SpO\u2082 (verehapniku [&hellip;]<\/p>\n","protected":false},"featured_media":31063,"comment_status":"closed","ping_status":"open","template":"","meta":{"inline_featured_image":false},"product_brand":[],"product_cat":[176],"product_tag":[],"class_list":{"0":"post-31062","1":"product","2":"type-product","3":"status-publish","4":"has-post-thumbnail","6":"product_cat-smart-chasy","7":"pa_asukoht-lasnamae","8":"pa_seisukord-ispolzovano","10":"first","11":"instock","12":"taxable","13":"shipping-taxable","14":"purchasable","15":"product-type-simple"},"_links":{"self":[{"href":"https:\/\/a-pant.ee\/ru\/wp-json\/wp\/v2\/product\/31062","targetHints":{"allow":["GET"]}}],"collection":[{"href":"https:\/\/a-pant.ee\/ru\/wp-json\/wp\/v2\/product"}],"about":[{"href":"https:\/\/a-pant.ee\/ru\/wp-json\/wp\/v2\/types\/product"}],"replies":[{"embeddable":true,"href":"https:\/\/a-pant.ee\/ru\/wp-json\/wp\/v2\/comments?post=31062"}],"wp:featuredmedia":[{"embeddable":true,"href":"https:\/\/a-pant.ee\/ru\/wp-json\/wp\/v2\/media\/31063"}],"wp:attachment":[{"href":"https:\/\/a-pant.ee\/ru\/wp-json\/wp\/v2\/media?parent=31062"}],"wp:term":[{"taxonomy":"product_brand","embeddable":true,"href":"https:\/\/a-pant.ee\/ru\/wp-json\/wp\/v2\/product_brand?post=31062"},{"taxonomy":"product_cat","embeddable":true,"href":"https:\/\/a-pant.ee\/ru\/wp-json\/wp\/v2\/product_cat?post=31062"},{"taxonomy":"product_tag","embeddable":true,"href":"https:\/\/a-pant.ee\/ru\/wp-json\/wp\/v2\/product_tag?post=31062"}],"curies":[{"name":"wp","href":"https:\/\/api.w.org\/{rel}","templated":true}]}}