{"id":31018,"date":"2026-02-04T13:19:58","date_gmt":"2026-02-04T10:19:58","guid":{"rendered":"https:\/\/a-pant.ee\/product\/telefon-redmi-note-3-32gb\/"},"modified":"2026-02-22T12:22:40","modified_gmt":"2026-02-22T09:22:40","slug":"telefon-redmi-note-3-32gb","status":"publish","type":"product","link":"https:\/\/a-pant.ee\/ru\/product\/telefon-redmi-note-3-32gb\/","title":{"rendered":"\u0422\u0435\u043b\u0435\u0444\u043e\u043d Redmi note 3 32GB"},"content":{"rendered":"\n<p> Telefon Redmi note 3 32GB\u00a0, heas seisu- ja t\u00f6\u00f6korras! <\/p><p> KIRJELDUS <\/p><ul><li> Ekraan: 5,5\u2033 IPS LCD, resolutsioon 1920\u00d71080, pikselsagedus umbes 401 ppi <\/li><li> Protsessor: Snapdragon 650 (globaalne versioon) v\u00f5i Helio X10 (MTK-versioon) <\/li><li> RAM: 3 GB <\/li><li> Sisem\u00e4lu: 32 GB <\/li><li> Tagakaamera: 16 MP (Snapdragon-versioonis) v\u00f5i 13 MP (Helio-versioonis), autofookus, LED v\u00e4lklamp <\/li><li> Esikaamera: 5 MP <\/li><li> Aku: 4000-4050 mAh <\/li><li> Operatsioonis\u00fcsteem: Android 5.x Lollipop, uuendatav Android 6.x \/ MIUI-ni <\/li><li> M\u00f5\u00f5tmed: 150 \u00d7 76 \u00d7 8.65\u20138.7 mm <\/li><li> Kaal: umbes 164 g <\/li><\/ul>\n","protected":false},"excerpt":{"rendered":"<p>Telefon Redmi note 3 32GB\u00a0, heas seisu- ja t\u00f6\u00f6korras! KIRJELDUS Ekraan: 5,5\u2033 IPS LCD, resolutsioon 1920\u00d71080, pikselsagedus umbes 401 ppi Protsessor: Snapdragon 650 (globaalne versioon) v\u00f5i Helio X10 (MTK-versioon) RAM: 3 GB Sisem\u00e4lu: 32 GB Tagakaamera: 16 MP (Snapdragon-versioonis) v\u00f5i 13 MP (Helio-versioonis), autofookus, LED v\u00e4lklamp Esikaamera: 5 MP Aku: 4000-4050 mAh Operatsioonis\u00fcsteem: Android 5.x [&hellip;]<\/p>\n","protected":false},"featured_media":31019,"comment_status":"closed","ping_status":"closed","template":"","meta":{"inline_featured_image":false},"product_brand":[],"product_cat":[171],"product_tag":[],"class_list":{"0":"post-31018","1":"product","2":"type-product","3":"status-publish","4":"has-post-thumbnail","6":"product_cat-mobilnye-telefony","7":"pa_asukoht-mustamae","8":"pa_seisukord-ispolzovano","10":"first","11":"outofstock","12":"taxable","13":"shipping-taxable","14":"purchasable","15":"product-type-simple"},"_links":{"self":[{"href":"https:\/\/a-pant.ee\/ru\/wp-json\/wp\/v2\/product\/31018","targetHints":{"allow":["GET"]}}],"collection":[{"href":"https:\/\/a-pant.ee\/ru\/wp-json\/wp\/v2\/product"}],"about":[{"href":"https:\/\/a-pant.ee\/ru\/wp-json\/wp\/v2\/types\/product"}],"replies":[{"embeddable":true,"href":"https:\/\/a-pant.ee\/ru\/wp-json\/wp\/v2\/comments?post=31018"}],"wp:featuredmedia":[{"embeddable":true,"href":"https:\/\/a-pant.ee\/ru\/wp-json\/wp\/v2\/media\/31019"}],"wp:attachment":[{"href":"https:\/\/a-pant.ee\/ru\/wp-json\/wp\/v2\/media?parent=31018"}],"wp:term":[{"taxonomy":"product_brand","embeddable":true,"href":"https:\/\/a-pant.ee\/ru\/wp-json\/wp\/v2\/product_brand?post=31018"},{"taxonomy":"product_cat","embeddable":true,"href":"https:\/\/a-pant.ee\/ru\/wp-json\/wp\/v2\/product_cat?post=31018"},{"taxonomy":"product_tag","embeddable":true,"href":"https:\/\/a-pant.ee\/ru\/wp-json\/wp\/v2\/product_tag?post=31018"}],"curies":[{"name":"wp","href":"https:\/\/api.w.org\/{rel}","templated":true}]}}