{"id":31012,"date":"2026-02-04T13:19:58","date_gmt":"2026-02-04T10:19:58","guid":{"rendered":"https:\/\/a-pant.ee\/product\/telefon-samsung-a04s-32gb\/"},"modified":"2026-02-22T12:22:40","modified_gmt":"2026-02-22T09:22:40","slug":"telefon-samsung-a04s-32gb","status":"publish","type":"product","link":"https:\/\/a-pant.ee\/ru\/product\/telefon-samsung-a04s-32gb\/","title":{"rendered":"\u0422\u0435\u043b\u0435\u0444\u043e\u043d Samsung A04S 32GB"},"content":{"rendered":"\n<p> Telefon Samsung A04S 32GB\u00a0, heas seisu- ja t\u00f6\u00f6korras! <\/p><p> KIRJELDUS <\/p><ul><li> Ekraan: 6,5&#8243; PLS LCD, HD+ (1600 \u00d7 720) resolutsioon <\/li><li> Protsessor: Samsung Exynos 850, 8 tuuma <\/li><li> RAM: 3GB <\/li><li> Sisem\u00e4lu: 32 GB <\/li><li> M\u00e4lukaardi tugi: microSD kuni 1 TB <\/li><li> P\u00f5hikaamera: 50 MP + 2 MP makro + 2 MP s\u00fcgavus <\/li><li> Esikaamera: 5 MP <\/li><li> Aku: 5000 mAh <\/li><li> Operatsioonis\u00fcsteem: Android koos One UI Core liidesega <\/li><li> Liidesed: USB-C, 3,5 mm helipistik <\/li><li> \u00dchenduvus: 4G LTE, Wi-Fi, Bluetooth <\/li><li> Lisafunktsioonid: k\u00fcljele integreeritud s\u00f5rmej\u00e4ljelugeja, energias\u00e4\u00e4stmise re\u017eiimid <\/li><\/ul>\n","protected":false},"excerpt":{"rendered":"<p>Telefon Samsung A04S 32GB\u00a0, heas seisu- ja t\u00f6\u00f6korras! KIRJELDUS Ekraan: 6,5&#8243; PLS LCD, HD+ (1600 \u00d7 720) resolutsioon Protsessor: Samsung Exynos 850, 8 tuuma RAM: 3GB Sisem\u00e4lu: 32 GB M\u00e4lukaardi tugi: microSD kuni 1 TB P\u00f5hikaamera: 50 MP + 2 MP makro + 2 MP s\u00fcgavus Esikaamera: 5 MP Aku: 5000 mAh Operatsioonis\u00fcsteem: Android koos [&hellip;]<\/p>\n","protected":false},"featured_media":31013,"comment_status":"closed","ping_status":"open","template":"","meta":{"inline_featured_image":false},"product_brand":[],"product_cat":[171],"product_tag":[],"class_list":{"0":"post-31012","1":"product","2":"type-product","3":"status-publish","4":"has-post-thumbnail","6":"product_cat-mobilnye-telefony","7":"pa_asukoht-mustamae","8":"pa_seisukord-ispolzovano","10":"first","11":"instock","12":"taxable","13":"shipping-taxable","14":"purchasable","15":"product-type-simple"},"_links":{"self":[{"href":"https:\/\/a-pant.ee\/ru\/wp-json\/wp\/v2\/product\/31012","targetHints":{"allow":["GET"]}}],"collection":[{"href":"https:\/\/a-pant.ee\/ru\/wp-json\/wp\/v2\/product"}],"about":[{"href":"https:\/\/a-pant.ee\/ru\/wp-json\/wp\/v2\/types\/product"}],"replies":[{"embeddable":true,"href":"https:\/\/a-pant.ee\/ru\/wp-json\/wp\/v2\/comments?post=31012"}],"wp:featuredmedia":[{"embeddable":true,"href":"https:\/\/a-pant.ee\/ru\/wp-json\/wp\/v2\/media\/31013"}],"wp:attachment":[{"href":"https:\/\/a-pant.ee\/ru\/wp-json\/wp\/v2\/media?parent=31012"}],"wp:term":[{"taxonomy":"product_brand","embeddable":true,"href":"https:\/\/a-pant.ee\/ru\/wp-json\/wp\/v2\/product_brand?post=31012"},{"taxonomy":"product_cat","embeddable":true,"href":"https:\/\/a-pant.ee\/ru\/wp-json\/wp\/v2\/product_cat?post=31012"},{"taxonomy":"product_tag","embeddable":true,"href":"https:\/\/a-pant.ee\/ru\/wp-json\/wp\/v2\/product_tag?post=31012"}],"curies":[{"name":"wp","href":"https:\/\/api.w.org\/{rel}","templated":true}]}}