{"id":30999,"date":"2026-02-04T13:19:58","date_gmt":"2026-02-04T10:19:58","guid":{"rendered":"https:\/\/a-pant.ee\/product\/lazernyj-dalnomer-elit-40m\/"},"modified":"2026-02-22T12:22:40","modified_gmt":"2026-02-22T09:22:40","slug":"lazernyj-dalnomer-elit-40m","status":"publish","type":"product","link":"https:\/\/a-pant.ee\/ru\/product\/lazernyj-dalnomer-elit-40m\/","title":{"rendered":"\u041b\u0430\u0437\u0435\u0440\u043d\u044b\u0439 \u0434\u0430\u043b\u044c\u043d\u043e\u043c\u0435\u0440 Elit 40M"},"content":{"rendered":"\n<p><strong> Laserkaugusm\u00f5\u00f5tja Elit 40 <\/strong> M , heas seisu- ja t\u00f6\u00f6korras! <\/p><p> KIRJELDUS <\/p><ul><li><strong> M\u00f5\u00f5tekaugus: <\/strong> 0,05 \u2013 40 meetrit <\/li><li><strong> T\u00e4psus: <\/strong> \u00b12 mm <\/li><li><strong> Laseriklass: <\/strong> 2 (punane kiir) <\/li><li><strong> Toide: <\/strong> Li-Ion aku, <\/li><li><strong> Funktsioonid: <\/strong> pikkus, pindala, ruumala, pidev m\u00f5\u00f5tmine, Pythagorase teoreem <\/li><li><strong> M\u00e4lu: <\/strong> salvestab viimased 2 m\u00f5\u00f5tmist <\/li><li><strong> Automaatne v\u00e4ljal\u00fclitus: <\/strong> laser \u2013 15 s, seade \u2013 45 s <\/li><li><strong> M\u00f5\u00f5tmed: <\/strong> 28 \u00d7 16 \u00d7 68 mm <\/li><li><strong> Kaal: <\/strong> 30 g <\/li><li><strong> T\u00f6\u00f6temperatuur: <\/strong> 0 \u2026 +40\u202f\u00b0C <\/li><li><strong> Kaitseklass: <\/strong> IP54 (tolmu- ja pritsmekindel) <\/li><\/ul><p> \u00a0 <\/p>\n","protected":false},"excerpt":{"rendered":"<p>Laserkaugusm\u00f5\u00f5tja Elit 40 M , heas seisu- ja t\u00f6\u00f6korras! KIRJELDUS M\u00f5\u00f5tekaugus: 0,05 \u2013 40 meetrit T\u00e4psus: \u00b12 mm Laseriklass: 2 (punane kiir) Toide: Li-Ion aku, Funktsioonid: pikkus, pindala, ruumala, pidev m\u00f5\u00f5tmine, Pythagorase teoreem M\u00e4lu: salvestab viimased 2 m\u00f5\u00f5tmist Automaatne v\u00e4ljal\u00fclitus: laser \u2013 15 s, seade \u2013 45 s M\u00f5\u00f5tmed: 28 \u00d7 16 \u00d7 68 mm [&hellip;]<\/p>\n","protected":false},"featured_media":31000,"comment_status":"closed","ping_status":"open","template":"","meta":{"inline_featured_image":false},"product_brand":[],"product_cat":[234],"product_tag":[],"class_list":{"0":"post-30999","1":"product","2":"type-product","3":"status-publish","4":"has-post-thumbnail","6":"product_cat-izmeritelnye-pribory","7":"pa_asukoht-lasnamae","8":"pa_seisukord-ispolzovano","10":"first","11":"instock","12":"taxable","13":"shipping-taxable","14":"purchasable","15":"product-type-simple"},"_links":{"self":[{"href":"https:\/\/a-pant.ee\/ru\/wp-json\/wp\/v2\/product\/30999","targetHints":{"allow":["GET"]}}],"collection":[{"href":"https:\/\/a-pant.ee\/ru\/wp-json\/wp\/v2\/product"}],"about":[{"href":"https:\/\/a-pant.ee\/ru\/wp-json\/wp\/v2\/types\/product"}],"replies":[{"embeddable":true,"href":"https:\/\/a-pant.ee\/ru\/wp-json\/wp\/v2\/comments?post=30999"}],"wp:featuredmedia":[{"embeddable":true,"href":"https:\/\/a-pant.ee\/ru\/wp-json\/wp\/v2\/media\/31000"}],"wp:attachment":[{"href":"https:\/\/a-pant.ee\/ru\/wp-json\/wp\/v2\/media?parent=30999"}],"wp:term":[{"taxonomy":"product_brand","embeddable":true,"href":"https:\/\/a-pant.ee\/ru\/wp-json\/wp\/v2\/product_brand?post=30999"},{"taxonomy":"product_cat","embeddable":true,"href":"https:\/\/a-pant.ee\/ru\/wp-json\/wp\/v2\/product_cat?post=30999"},{"taxonomy":"product_tag","embeddable":true,"href":"https:\/\/a-pant.ee\/ru\/wp-json\/wp\/v2\/product_tag?post=30999"}],"curies":[{"name":"wp","href":"https:\/\/api.w.org\/{rel}","templated":true}]}}