{"id":30991,"date":"2026-02-04T13:19:58","date_gmt":"2026-02-04T10:19:58","guid":{"rendered":"https:\/\/a-pant.ee\/product\/apparatno-programmnyj-kontroller-maschine-mk3\/"},"modified":"2026-02-22T12:22:40","modified_gmt":"2026-02-22T09:22:40","slug":"apparatno-programmnyj-kontroller-maschine-mk3-korobka","status":"publish","type":"product","link":"https:\/\/a-pant.ee\/ru\/product\/apparatno-programmnyj-kontroller-maschine-mk3-korobka\/","title":{"rendered":"\u0410\u043f\u043f\u0430\u0440\u0430\u0442\u043d\u043e-\u043f\u0440\u043e\u0433\u0440\u0430\u043c\u043c\u043d\u044b\u0439 \u043a\u043e\u043d\u0442\u0440\u043e\u043b\u043b\u0435\u0440 Maschine Mk3 + \u041a\u043e\u0440\u043e\u0431\u043a\u0430"},"content":{"rendered":"\n<p><strong> Muusikatootmise kontroller Maschine Mk3 + Karp <\/strong> , \u00a0t\u00f6\u00f6korras! <\/p><p> KIRJELDUS <\/p><ul><li> 16 puutetundlikku RGB-padi <\/li><li> 2 v\u00e4rvilist ekraani navigeerimiseks ja redigeerimiseks <\/li><li> Smart Strip \u2013 puuteplaat efektide ja parameetrite juhtimiseks <\/li><li> Sisseehitatud 24-bit \/ 96 kHz helikaart <\/li><li> S\u00fcgav integratsioon Komplete\u2019i ja VST-pluginate toega <\/li><li> Toetab s\u00e4mplimist, sekventserit, mikserit ja efekte <\/li><li> Toide USB kaudu v\u00f5i adapteriga <\/li><li> \u00dchilduv Windowsi ja macOS-iga <\/li><\/ul>\n","protected":false},"excerpt":{"rendered":"<p>Muusikatootmise kontroller Maschine Mk3 + Karp , \u00a0t\u00f6\u00f6korras! KIRJELDUS 16 puutetundlikku RGB-padi 2 v\u00e4rvilist ekraani navigeerimiseks ja redigeerimiseks Smart Strip \u2013 puuteplaat efektide ja parameetrite juhtimiseks Sisseehitatud 24-bit \/ 96 kHz helikaart S\u00fcgav integratsioon Komplete\u2019i ja VST-pluginate toega Toetab s\u00e4mplimist, sekventserit, mikserit ja efekte Toide USB kaudu v\u00f5i adapteriga \u00dchilduv Windowsi ja macOS-iga<\/p>\n","protected":false},"featured_media":30992,"comment_status":"closed","ping_status":"open","template":"","meta":{"inline_featured_image":false},"product_brand":[],"product_cat":[160],"product_tag":[],"class_list":{"0":"post-30991","1":"product","2":"type-product","3":"status-publish","4":"has-post-thumbnail","6":"product_cat-dj-tehnika","7":"pa_asukoht-lasnamae","8":"pa_seisukord-ispolzovano","10":"first","11":"instock","12":"taxable","13":"shipping-taxable","14":"purchasable","15":"product-type-simple"},"_links":{"self":[{"href":"https:\/\/a-pant.ee\/ru\/wp-json\/wp\/v2\/product\/30991","targetHints":{"allow":["GET"]}}],"collection":[{"href":"https:\/\/a-pant.ee\/ru\/wp-json\/wp\/v2\/product"}],"about":[{"href":"https:\/\/a-pant.ee\/ru\/wp-json\/wp\/v2\/types\/product"}],"replies":[{"embeddable":true,"href":"https:\/\/a-pant.ee\/ru\/wp-json\/wp\/v2\/comments?post=30991"}],"wp:featuredmedia":[{"embeddable":true,"href":"https:\/\/a-pant.ee\/ru\/wp-json\/wp\/v2\/media\/30992"}],"wp:attachment":[{"href":"https:\/\/a-pant.ee\/ru\/wp-json\/wp\/v2\/media?parent=30991"}],"wp:term":[{"taxonomy":"product_brand","embeddable":true,"href":"https:\/\/a-pant.ee\/ru\/wp-json\/wp\/v2\/product_brand?post=30991"},{"taxonomy":"product_cat","embeddable":true,"href":"https:\/\/a-pant.ee\/ru\/wp-json\/wp\/v2\/product_cat?post=30991"},{"taxonomy":"product_tag","embeddable":true,"href":"https:\/\/a-pant.ee\/ru\/wp-json\/wp\/v2\/product_tag?post=30991"}],"curies":[{"name":"wp","href":"https:\/\/api.w.org\/{rel}","templated":true}]}}