{"id":30985,"date":"2026-02-04T13:19:58","date_gmt":"2026-02-04T10:19:58","guid":{"rendered":"https:\/\/a-pant.ee\/product\/elektro-samokat-navee-n65-zaryadka\/"},"modified":"2026-02-22T12:22:40","modified_gmt":"2026-02-22T09:22:40","slug":"elektro-samokat-navee-electric-scooter-n65-zaryadka","status":"publish","type":"product","link":"https:\/\/a-pant.ee\/ru\/product\/elektro-samokat-navee-electric-scooter-n65-zaryadka\/","title":{"rendered":"\u042d\u043b\u0435\u043a\u0442\u0440\u043e-\u0441\u0430\u043c\u043e\u043a\u0430\u0442 Navee Electric Scooter N65 + \u0437\u0430\u0440\u044f\u0434\u043a\u0430"},"content":{"rendered":"\n<p> Elektriline t\u00f5ukeratas Navee Electric Scooter N65 + laadija, heas seisu- ja t\u00f6\u00f6korras! <\/p><p> KIRJELDUS <\/p><p> Mootori v\u00f5imsus: nominaalne 500 W, tippv\u00f5imsus kuni 900 W <\/p><p> Aku: 48 V \/ 12,5 Ah <\/p><p> Maksimaalne s\u00f5iduulatus: kuni 65 km ~15 km\/h kiirusega <\/p><p> Maksimaalne kiirus: umbes 25 km\/h <\/p><p> Ratta suurus: 10 tolli, pneumaatilised rehvid <\/p><p> Maksimaalne t\u00f5usunurk: 25 % <\/p><p> Pidurid: eesmine E-ABS + tagumine kettapidur <\/p><p> Laadimisaeg: umbes 7-8 tundi <\/p><p> Vee- ja tolmukindlus: IPX4 <\/p><p> Kaal: umbes 23,5 kg <\/p><p> Maksimaalne kandev\u00f5ime: kuni 120 kg <\/p>\n","protected":false},"excerpt":{"rendered":"<p>Elektriline t\u00f5ukeratas Navee Electric Scooter N65 + laadija, heas seisu- ja t\u00f6\u00f6korras! KIRJELDUS Mootori v\u00f5imsus: nominaalne 500 W, tippv\u00f5imsus kuni 900 W Aku: 48 V \/ 12,5 Ah Maksimaalne s\u00f5iduulatus: kuni 65 km ~15 km\/h kiirusega Maksimaalne kiirus: umbes 25 km\/h Ratta suurus: 10 tolli, pneumaatilised rehvid Maksimaalne t\u00f5usunurk: 25 % Pidurid: eesmine E-ABS + [&hellip;]<\/p>\n","protected":false},"featured_media":30986,"comment_status":"closed","ping_status":"open","template":"","meta":{"inline_featured_image":false},"product_brand":[],"product_cat":[215],"product_tag":[],"class_list":{"0":"post-30985","1":"product","2":"type-product","3":"status-publish","4":"has-post-thumbnail","6":"product_cat-elektricheskie-samokaty","7":"product_shipping_class-oversize","8":"pa_asukoht-mustamae","9":"pa_seisukord-ispolzovano","11":"first","12":"instock","13":"taxable","14":"shipping-taxable","15":"purchasable","16":"product-type-simple"},"_links":{"self":[{"href":"https:\/\/a-pant.ee\/ru\/wp-json\/wp\/v2\/product\/30985","targetHints":{"allow":["GET"]}}],"collection":[{"href":"https:\/\/a-pant.ee\/ru\/wp-json\/wp\/v2\/product"}],"about":[{"href":"https:\/\/a-pant.ee\/ru\/wp-json\/wp\/v2\/types\/product"}],"replies":[{"embeddable":true,"href":"https:\/\/a-pant.ee\/ru\/wp-json\/wp\/v2\/comments?post=30985"}],"wp:featuredmedia":[{"embeddable":true,"href":"https:\/\/a-pant.ee\/ru\/wp-json\/wp\/v2\/media\/30986"}],"wp:attachment":[{"href":"https:\/\/a-pant.ee\/ru\/wp-json\/wp\/v2\/media?parent=30985"}],"wp:term":[{"taxonomy":"product_brand","embeddable":true,"href":"https:\/\/a-pant.ee\/ru\/wp-json\/wp\/v2\/product_brand?post=30985"},{"taxonomy":"product_cat","embeddable":true,"href":"https:\/\/a-pant.ee\/ru\/wp-json\/wp\/v2\/product_cat?post=30985"},{"taxonomy":"product_tag","embeddable":true,"href":"https:\/\/a-pant.ee\/ru\/wp-json\/wp\/v2\/product_tag?post=30985"}],"curies":[{"name":"wp","href":"https:\/\/api.w.org\/{rel}","templated":true}]}}