{"id":30979,"date":"2026-02-04T13:19:58","date_gmt":"2026-02-04T10:19:58","guid":{"rendered":"https:\/\/a-pant.ee\/product\/mob-telefon-ulefone-armor-12-5g-128gb\/"},"modified":"2026-02-22T12:22:39","modified_gmt":"2026-02-22T09:22:39","slug":"mobilnyj-telefon-ulefone-armor-12-5g-128gb","status":"publish","type":"product","link":"https:\/\/a-pant.ee\/ru\/product\/mobilnyj-telefon-ulefone-armor-12-5g-128gb\/","title":{"rendered":"\u041c\u043e\u0431\u0438\u043b\u044c\u043d\u044b\u0439 \u0442\u0435\u043b\u0435\u0444\u043e\u043d UleFone Armor 12 5G 128GB"},"content":{"rendered":"\n<p> \u00a0Mobiiltelefon UleFone Armor 12 5G,heaskorras t\u00f6\u00f6korras! <br \/><br \/><br \/><\/p><p> KIRJELDUS <\/p><p> T\u00fc\u00fcp: kaitstud nutitelefon 5G-\u00fchendusega <\/p><p> Protsessor: MediaTek Dimensity 700 (MT6833), 7 nm, kaheksa tuuma kuni 2,2 GHz <\/p><p> RAM \/ sisem\u00e4lu: 8 GB RAM + 128 GB sisem\u00e4lu, microSD tugi kuni 1 TB <\/p><p> Ekraan: 6,52\u201d, IPS LCD, HD+ resolutsioon (720 \u00d7 1600) <\/p><p> Tagakaamerad: 48 MP (p\u00f5hikas) + 8 MP (lainurk) + 2 MP (makro) + 2 MP (s\u00fcgavus) <\/p><p> Esikaamera: 16 MP <\/p><p> Aku: 5180 mAh, toetab 18 W kiirlaadimist ja 15 W traadita laadimist <\/p><p> Heli: kaks superlineaarset k\u00f5larit, k\u00f5rge helitugevus <\/p><p> Kaitse: IP68 \/ IP69K, MIL-STD-810G sertifikaat <\/p><p> V\u00f5rgud: Dual SIM, 5G \/ 4G \/ 3G \/ 2G <\/p><p> Avamine: s\u00f5rmej\u00e4ljelugeja k\u00fclje nupul, Face Unlock <\/p>\n","protected":false},"excerpt":{"rendered":"<p>\u00a0Mobiiltelefon UleFone Armor 12 5G,heaskorras t\u00f6\u00f6korras! KIRJELDUS T\u00fc\u00fcp: kaitstud nutitelefon 5G-\u00fchendusega Protsessor: MediaTek Dimensity 700 (MT6833), 7 nm, kaheksa tuuma kuni 2,2 GHz RAM \/ sisem\u00e4lu: 8 GB RAM + 128 GB sisem\u00e4lu, microSD tugi kuni 1 TB Ekraan: 6,52\u201d, IPS LCD, HD+ resolutsioon (720 \u00d7 1600) Tagakaamerad: 48 MP (p\u00f5hikas) + 8 MP (lainurk) [&hellip;]<\/p>\n","protected":false},"featured_media":30980,"comment_status":"closed","ping_status":"closed","template":"","meta":{"inline_featured_image":false},"product_brand":[],"product_cat":[171],"product_tag":[],"class_list":{"0":"post-30979","1":"product","2":"type-product","3":"status-publish","4":"has-post-thumbnail","6":"product_cat-mobilnye-telefony","7":"pa_asukoht-mustamae","8":"pa_seisukord-ispolzovano","10":"first","11":"outofstock","12":"taxable","13":"shipping-taxable","14":"purchasable","15":"product-type-simple"},"_links":{"self":[{"href":"https:\/\/a-pant.ee\/ru\/wp-json\/wp\/v2\/product\/30979","targetHints":{"allow":["GET"]}}],"collection":[{"href":"https:\/\/a-pant.ee\/ru\/wp-json\/wp\/v2\/product"}],"about":[{"href":"https:\/\/a-pant.ee\/ru\/wp-json\/wp\/v2\/types\/product"}],"replies":[{"embeddable":true,"href":"https:\/\/a-pant.ee\/ru\/wp-json\/wp\/v2\/comments?post=30979"}],"wp:featuredmedia":[{"embeddable":true,"href":"https:\/\/a-pant.ee\/ru\/wp-json\/wp\/v2\/media\/30980"}],"wp:attachment":[{"href":"https:\/\/a-pant.ee\/ru\/wp-json\/wp\/v2\/media?parent=30979"}],"wp:term":[{"taxonomy":"product_brand","embeddable":true,"href":"https:\/\/a-pant.ee\/ru\/wp-json\/wp\/v2\/product_brand?post=30979"},{"taxonomy":"product_cat","embeddable":true,"href":"https:\/\/a-pant.ee\/ru\/wp-json\/wp\/v2\/product_cat?post=30979"},{"taxonomy":"product_tag","embeddable":true,"href":"https:\/\/a-pant.ee\/ru\/wp-json\/wp\/v2\/product_tag?post=30979"}],"curies":[{"name":"wp","href":"https:\/\/api.w.org\/{rel}","templated":true}]}}