{"id":30972,"date":"2026-02-04T13:19:58","date_gmt":"2026-02-04T10:19:58","guid":{"rendered":"https:\/\/a-pant.ee\/product\/svarochniy-apparat-kemppi-master-stick-1400\/"},"modified":"2026-02-22T12:22:39","modified_gmt":"2026-02-22T09:22:39","slug":"svarochnyj-apparat-kemppi-master-stick-1400","status":"publish","type":"product","link":"https:\/\/a-pant.ee\/ru\/product\/svarochnyj-apparat-kemppi-master-stick-1400\/","title":{"rendered":"\u0421\u0432\u0430\u0440\u043e\u0447\u043d\u044b\u0439 \u0430\u043f\u043f\u0430\u0440\u0430\u0442 Kemppi Master Stick 1400"},"content":{"rendered":"\n<p><strong> Keevitusseade Kemppi Master Stick 1400 <\/strong> , t\u00f6\u00f6korras! <\/p><p> KIRJELDUS <\/p><ul><li><strong> T\u00fc\u00fcp <\/strong> : MMA (elektroodiga keevitamine) <\/li><li><strong> V\u00f5imsus <\/strong> : 4,4 kVA (20% t\u00f6\u00f6ts\u00fckliga, 140 A juures) <\/li><li><strong> T\u00f6\u00f6pingi pinge <\/strong> : 230 V \/ 50\u201360 Hz <\/li><li><strong> Avatud ahela pinge <\/strong> : 80 V <\/li><li><strong> Voolu ulatus <\/strong> : 15\u2013140 A <\/li><li><strong> Kaitseklass <\/strong> : IP23 <\/li><li><strong> K\u00fclmumine <\/strong> : ventilaatorjahutus <\/li><li><strong> Kaal <\/strong> : umbes 10,5 kg <\/li><\/ul><p> \u00a0 <\/p>\n","protected":false},"excerpt":{"rendered":"<p>Keevitusseade Kemppi Master Stick 1400 , t\u00f6\u00f6korras! KIRJELDUS T\u00fc\u00fcp : MMA (elektroodiga keevitamine) V\u00f5imsus : 4,4 kVA (20% t\u00f6\u00f6ts\u00fckliga, 140 A juures) T\u00f6\u00f6pingi pinge : 230 V \/ 50\u201360 Hz Avatud ahela pinge : 80 V Voolu ulatus : 15\u2013140 A Kaitseklass : IP23 K\u00fclmumine : ventilaatorjahutus Kaal : umbes 10,5 kg \u00a0<\/p>\n","protected":false},"featured_media":30973,"comment_status":"closed","ping_status":"open","template":"","meta":{"inline_featured_image":false},"product_brand":[],"product_cat":[228],"product_tag":[],"class_list":{"0":"post-30972","1":"product","2":"type-product","3":"status-publish","4":"has-post-thumbnail","6":"product_cat-svarochnye-apparaty","7":"pa_asukoht-lasnamae","8":"pa_seisukord-ispolzovano","10":"first","11":"outofstock","12":"taxable","13":"shipping-taxable","14":"purchasable","15":"product-type-simple"},"_links":{"self":[{"href":"https:\/\/a-pant.ee\/ru\/wp-json\/wp\/v2\/product\/30972","targetHints":{"allow":["GET"]}}],"collection":[{"href":"https:\/\/a-pant.ee\/ru\/wp-json\/wp\/v2\/product"}],"about":[{"href":"https:\/\/a-pant.ee\/ru\/wp-json\/wp\/v2\/types\/product"}],"replies":[{"embeddable":true,"href":"https:\/\/a-pant.ee\/ru\/wp-json\/wp\/v2\/comments?post=30972"}],"wp:featuredmedia":[{"embeddable":true,"href":"https:\/\/a-pant.ee\/ru\/wp-json\/wp\/v2\/media\/30973"}],"wp:attachment":[{"href":"https:\/\/a-pant.ee\/ru\/wp-json\/wp\/v2\/media?parent=30972"}],"wp:term":[{"taxonomy":"product_brand","embeddable":true,"href":"https:\/\/a-pant.ee\/ru\/wp-json\/wp\/v2\/product_brand?post=30972"},{"taxonomy":"product_cat","embeddable":true,"href":"https:\/\/a-pant.ee\/ru\/wp-json\/wp\/v2\/product_cat?post=30972"},{"taxonomy":"product_tag","embeddable":true,"href":"https:\/\/a-pant.ee\/ru\/wp-json\/wp\/v2\/product_tag?post=30972"}],"curies":[{"name":"wp","href":"https:\/\/api.w.org\/{rel}","templated":true}]}}