{"id":30966,"date":"2026-02-04T13:19:58","date_gmt":"2026-02-04T10:19:58","guid":{"rendered":"https:\/\/a-pant.ee\/product\/drel-bosch-gsb-13-re\/"},"modified":"2026-02-22T12:22:39","modified_gmt":"2026-02-22T09:22:39","slug":"drel-bosch-gsb-13-re","status":"publish","type":"product","link":"https:\/\/a-pant.ee\/ru\/product\/drel-bosch-gsb-13-re\/","title":{"rendered":"\u0414\u0440\u0435\u043b\u044c Bosch GSB  13 RE"},"content":{"rendered":"\n<p><strong> Trell Bosch GSB \u00a013 RE <\/strong> , heas seisu- ja t\u00f6\u00f6korras! <\/p><p> KIRJELDUS <\/p><ul><li> Vooluv\u00f5imsus: ~600 W <\/li><li> Kaal: ~1,8 kg <\/li><li> P\u00f6\u00f6reteta kiirus: kuni ~2800 p\/min <\/li><li> L\u00f6\u00f6kide arv: kuni ~44\u202f800 l\u00f6\u00f6ki\/min <\/li><li> Puurimine: puidu puhul ~25 mm, metalli puhul ~10 mm, betoonis ~13\u201115 mm <\/li><li> Kiirlukustusega padrun, pehme k\u00e4epide, rike suunas t\u00f6\u00f6, l\u00f6\u00f6kfunktsioon <\/li><\/ul>\n","protected":false},"excerpt":{"rendered":"<p>Trell Bosch GSB \u00a013 RE , heas seisu- ja t\u00f6\u00f6korras! KIRJELDUS Vooluv\u00f5imsus: ~600 W Kaal: ~1,8 kg P\u00f6\u00f6reteta kiirus: kuni ~2800 p\/min L\u00f6\u00f6kide arv: kuni ~44\u202f800 l\u00f6\u00f6ki\/min Puurimine: puidu puhul ~25 mm, metalli puhul ~10 mm, betoonis ~13\u201115 mm Kiirlukustusega padrun, pehme k\u00e4epide, rike suunas t\u00f6\u00f6, l\u00f6\u00f6kfunktsioon<\/p>\n","protected":false},"featured_media":30967,"comment_status":"closed","ping_status":"open","template":"","meta":{"inline_featured_image":false},"product_brand":[],"product_cat":[239],"product_tag":[],"class_list":{"0":"post-30966","1":"product","2":"type-product","3":"status-publish","4":"has-post-thumbnail","6":"product_cat-perforatory-i-dreli","7":"pa_asukoht-lasnamae","8":"pa_seisukord-ispolzovano","10":"first","11":"outofstock","12":"taxable","13":"shipping-taxable","14":"purchasable","15":"product-type-simple"},"_links":{"self":[{"href":"https:\/\/a-pant.ee\/ru\/wp-json\/wp\/v2\/product\/30966","targetHints":{"allow":["GET"]}}],"collection":[{"href":"https:\/\/a-pant.ee\/ru\/wp-json\/wp\/v2\/product"}],"about":[{"href":"https:\/\/a-pant.ee\/ru\/wp-json\/wp\/v2\/types\/product"}],"replies":[{"embeddable":true,"href":"https:\/\/a-pant.ee\/ru\/wp-json\/wp\/v2\/comments?post=30966"}],"wp:featuredmedia":[{"embeddable":true,"href":"https:\/\/a-pant.ee\/ru\/wp-json\/wp\/v2\/media\/30967"}],"wp:attachment":[{"href":"https:\/\/a-pant.ee\/ru\/wp-json\/wp\/v2\/media?parent=30966"}],"wp:term":[{"taxonomy":"product_brand","embeddable":true,"href":"https:\/\/a-pant.ee\/ru\/wp-json\/wp\/v2\/product_brand?post=30966"},{"taxonomy":"product_cat","embeddable":true,"href":"https:\/\/a-pant.ee\/ru\/wp-json\/wp\/v2\/product_cat?post=30966"},{"taxonomy":"product_tag","embeddable":true,"href":"https:\/\/a-pant.ee\/ru\/wp-json\/wp\/v2\/product_tag?post=30966"}],"curies":[{"name":"wp","href":"https:\/\/api.w.org\/{rel}","templated":true}]}}