{"id":30959,"date":"2026-02-04T13:19:58","date_gmt":"2026-02-04T10:19:58","guid":{"rendered":"https:\/\/a-pant.ee\/product\/mobilnyy-telefon-huawei-y7-2019\/"},"modified":"2026-02-22T12:22:39","modified_gmt":"2026-02-22T09:22:39","slug":"mobilnyj-telefon-huawei-y7-2019","status":"publish","type":"product","link":"https:\/\/a-pant.ee\/ru\/product\/mobilnyj-telefon-huawei-y7-2019\/","title":{"rendered":"\u041c\u043e\u0431\u0438\u043b\u044c\u043d\u044b\u0439 \u0442\u0435\u043b\u0435\u0444\u043e\u043d Huawei Y7 2019"},"content":{"rendered":"\n<p> Mobiiltelefon Huawei Y7 2019, heas seisu- ja t\u00f6\u00f6korras! <\/p><p> Korpuse tagak\u00fcljel on kriimustused <\/p><p> KIRJELDUS <\/p><p> Ekraan: 6,26&#8243; IPS, resolutsioon 1520\u00d7720 (HD+) <\/p><p> Protsessor: Qualcomm Snapdragon 450, 8 tuuma <\/p><p> M\u00e4lu: 3 GB RAM, 32 GB sisem\u00e4lu <\/p><p> M\u00e4lukaardi tugi: microSD kuni 512 GB <\/p><p> P\u00f5hikaamera: topelt, 13 MP + 2 MP <\/p><p> Esikaamera: 8 MP <\/p><p> Aku: 4000 mAh <\/p><p> S\u00fcsteem: Android 8.1 (EMUI 8.2) <\/p><p> S\u00f5rmej\u00e4ljelugeja, n\u00e4otuvastus <\/p><p> 4G LTE, Wi-Fi, Bluetooth 4.2 tugi <\/p>\n","protected":false},"excerpt":{"rendered":"<p>Mobiiltelefon Huawei Y7 2019, heas seisu- ja t\u00f6\u00f6korras! Korpuse tagak\u00fcljel on kriimustused KIRJELDUS Ekraan: 6,26&#8243; IPS, resolutsioon 1520\u00d7720 (HD+) Protsessor: Qualcomm Snapdragon 450, 8 tuuma M\u00e4lu: 3 GB RAM, 32 GB sisem\u00e4lu M\u00e4lukaardi tugi: microSD kuni 512 GB P\u00f5hikaamera: topelt, 13 MP + 2 MP Esikaamera: 8 MP Aku: 4000 mAh S\u00fcsteem: Android 8.1 (EMUI [&hellip;]<\/p>\n","protected":false},"featured_media":30960,"comment_status":"closed","ping_status":"closed","template":"","meta":{"inline_featured_image":false},"product_brand":[],"product_cat":[171],"product_tag":[],"class_list":{"0":"post-30959","1":"product","2":"type-product","3":"status-publish","4":"has-post-thumbnail","6":"product_cat-mobilnye-telefony","7":"pa_asukoht-mustamae","8":"pa_seisukord-ispolzovano","10":"first","11":"outofstock","12":"taxable","13":"shipping-taxable","14":"purchasable","15":"product-type-simple"},"_links":{"self":[{"href":"https:\/\/a-pant.ee\/ru\/wp-json\/wp\/v2\/product\/30959","targetHints":{"allow":["GET"]}}],"collection":[{"href":"https:\/\/a-pant.ee\/ru\/wp-json\/wp\/v2\/product"}],"about":[{"href":"https:\/\/a-pant.ee\/ru\/wp-json\/wp\/v2\/types\/product"}],"replies":[{"embeddable":true,"href":"https:\/\/a-pant.ee\/ru\/wp-json\/wp\/v2\/comments?post=30959"}],"wp:featuredmedia":[{"embeddable":true,"href":"https:\/\/a-pant.ee\/ru\/wp-json\/wp\/v2\/media\/30960"}],"wp:attachment":[{"href":"https:\/\/a-pant.ee\/ru\/wp-json\/wp\/v2\/media?parent=30959"}],"wp:term":[{"taxonomy":"product_brand","embeddable":true,"href":"https:\/\/a-pant.ee\/ru\/wp-json\/wp\/v2\/product_brand?post=30959"},{"taxonomy":"product_cat","embeddable":true,"href":"https:\/\/a-pant.ee\/ru\/wp-json\/wp\/v2\/product_cat?post=30959"},{"taxonomy":"product_tag","embeddable":true,"href":"https:\/\/a-pant.ee\/ru\/wp-json\/wp\/v2\/product_tag?post=30959"}],"curies":[{"name":"wp","href":"https:\/\/api.w.org\/{rel}","templated":true}]}}