{"id":30948,"date":"2026-02-04T13:19:58","date_gmt":"2026-02-04T10:19:58","guid":{"rendered":"https:\/\/a-pant.ee\/product\/akkumulyatornaya-drel-makita-dhp453\/"},"modified":"2026-02-22T12:22:39","modified_gmt":"2026-02-22T09:22:39","slug":"akkumulyatornaya-drel-makita-dhp453-bez-akkumulyatora","status":"publish","type":"product","link":"https:\/\/a-pant.ee\/ru\/product\/akkumulyatornaya-drel-makita-dhp453-bez-akkumulyatora\/","title":{"rendered":"\u0410\u043a\u043a\u0443\u043c\u0443\u043b\u044f\u0442\u043e\u0440\u043d\u0430\u044f \u0434\u0440\u0435\u043b\u044c Makita DHP453 (\u0431\u0435\u0437 \u0430\u043a\u043a\u0443\u043c\u0443\u043b\u044f\u0442\u043e\u0440\u0430)"},"content":{"rendered":"\n<p> Akutrell Makita DHP453 (ilma aku)\u00a0, heas seisu- ja t\u00f6\u00f6korras! <\/p><p> KIRJELDUS <\/p><p> Kompaktne ja kerge konstruktsioon lihtsaks juhtimiseks; <\/p><ul><li> Ergonoomiline kummist k\u00e4epide; <\/li><li> \u00d5hkjahutusega Makstar Optimum laadimiss\u00fcsteem; <\/li><li> Komplekt ilma aku ja laadija; <\/li><li> Pinge: 18 V; <\/li><li> LED valgustus; <\/li><li> 2 kiirusega k\u00e4igud; <\/li><li> P\u00f6\u00f6ramine edasi-tagasi; <\/li><li> M\u00fcratase: 3 dB (A); <\/li><li> Laadimise aeg: 22 min; <\/li><li> Kaal 1,7 kg; <\/li><li> L\u00f6\u00f6kide sagedus: 0-6000\/19500 min-1; <\/li><li> Puuri \/ terase \/ betooni puuri l\u00e4bim\u00f5\u00f5t: 36\/13\/13 mm; <\/li><li> Max. p\u00f6\u00f6rdemoment: 42 Nm. <\/li><\/ul>\n","protected":false},"excerpt":{"rendered":"<p>Akutrell Makita DHP453 (ilma aku)\u00a0, heas seisu- ja t\u00f6\u00f6korras! KIRJELDUS Kompaktne ja kerge konstruktsioon lihtsaks juhtimiseks; Ergonoomiline kummist k\u00e4epide; \u00d5hkjahutusega Makstar Optimum laadimiss\u00fcsteem; Komplekt ilma aku ja laadija; Pinge: 18 V; LED valgustus; 2 kiirusega k\u00e4igud; P\u00f6\u00f6ramine edasi-tagasi; M\u00fcratase: 3 dB (A); Laadimise aeg: 22 min; Kaal 1,7 kg; L\u00f6\u00f6kide sagedus: 0-6000\/19500 min-1; Puuri \/ [&hellip;]<\/p>\n","protected":false},"featured_media":30949,"comment_status":"closed","ping_status":"open","template":"","meta":{"inline_featured_image":false},"product_brand":[],"product_cat":[221],"product_tag":[],"class_list":{"0":"post-30948","1":"product","2":"type-product","3":"status-publish","4":"has-post-thumbnail","6":"product_cat-akkumulyatornye-dreli","7":"pa_asukoht-lasnamae","8":"pa_seisukord-ispolzovano","10":"first","11":"instock","12":"taxable","13":"shipping-taxable","14":"purchasable","15":"product-type-simple"},"_links":{"self":[{"href":"https:\/\/a-pant.ee\/ru\/wp-json\/wp\/v2\/product\/30948","targetHints":{"allow":["GET"]}}],"collection":[{"href":"https:\/\/a-pant.ee\/ru\/wp-json\/wp\/v2\/product"}],"about":[{"href":"https:\/\/a-pant.ee\/ru\/wp-json\/wp\/v2\/types\/product"}],"replies":[{"embeddable":true,"href":"https:\/\/a-pant.ee\/ru\/wp-json\/wp\/v2\/comments?post=30948"}],"wp:featuredmedia":[{"embeddable":true,"href":"https:\/\/a-pant.ee\/ru\/wp-json\/wp\/v2\/media\/30949"}],"wp:attachment":[{"href":"https:\/\/a-pant.ee\/ru\/wp-json\/wp\/v2\/media?parent=30948"}],"wp:term":[{"taxonomy":"product_brand","embeddable":true,"href":"https:\/\/a-pant.ee\/ru\/wp-json\/wp\/v2\/product_brand?post=30948"},{"taxonomy":"product_cat","embeddable":true,"href":"https:\/\/a-pant.ee\/ru\/wp-json\/wp\/v2\/product_cat?post=30948"},{"taxonomy":"product_tag","embeddable":true,"href":"https:\/\/a-pant.ee\/ru\/wp-json\/wp\/v2\/product_tag?post=30948"}],"curies":[{"name":"wp","href":"https:\/\/api.w.org\/{rel}","templated":true}]}}