{"id":30920,"date":"2026-02-04T13:16:25","date_gmt":"2026-02-04T10:16:25","guid":{"rendered":"https:\/\/a-pant.ee\/product\/noutbuk-hp-elitebook-820-g3-zaryadka\/"},"modified":"2026-02-22T12:22:43","modified_gmt":"2026-02-22T09:22:43","slug":"noutbuk-hp-elitebook-820-g3-zaryadka","status":"publish","type":"product","link":"https:\/\/a-pant.ee\/ru\/product\/noutbuk-hp-elitebook-820-g3-zaryadka\/","title":{"rendered":"\u041d\u043e\u0443\u0442\u0431\u0443\u043a HP Elitebook 820 G3 + \u0417\u0430\u0440\u044f\u0434\u043a\u0430"},"content":{"rendered":"\n<p> S\u00fclearvuti Hp EliteBook 820 G3 + laadija, heas seisu- ja t\u00f6\u00f6korras! <\/p><p> KIRJELDUS <\/p><p> Protsessor (CPU) : Intel i6-6300u 2,40GHZ <br \/> Operatiiv m\u00e4lu : 8GB <br \/> Videokaart (CPU): Intel HD 520 <br \/> K\u00f5vaketas: SK hynix BC501 HFM128GDJTNG-8310A 120GB <br \/> Operatsioonis\u00fcsteem: Windows 10 <\/p>\n","protected":false},"excerpt":{"rendered":"<p>S\u00fclearvuti Hp EliteBook 820 G3 + laadija, heas seisu- ja t\u00f6\u00f6korras! KIRJELDUS Protsessor (CPU) : Intel i6-6300u 2,40GHZ Operatiiv m\u00e4lu : 8GB Videokaart (CPU): Intel HD 520 K\u00f5vaketas: SK hynix BC501 HFM128GDJTNG-8310A 120GB Operatsioonis\u00fcsteem: Windows 10<\/p>\n","protected":false},"featured_media":30921,"comment_status":"closed","ping_status":"closed","template":"","meta":{"inline_featured_image":false},"product_brand":[],"product_cat":[179],"product_tag":[],"class_list":{"0":"post-30920","1":"product","2":"type-product","3":"status-publish","4":"has-post-thumbnail","6":"product_cat-noutbuki","7":"pa_asukoht-mustamae","8":"pa_seisukord-ispolzovano","10":"first","11":"outofstock","12":"taxable","13":"shipping-taxable","14":"purchasable","15":"product-type-simple"},"_links":{"self":[{"href":"https:\/\/a-pant.ee\/ru\/wp-json\/wp\/v2\/product\/30920","targetHints":{"allow":["GET"]}}],"collection":[{"href":"https:\/\/a-pant.ee\/ru\/wp-json\/wp\/v2\/product"}],"about":[{"href":"https:\/\/a-pant.ee\/ru\/wp-json\/wp\/v2\/types\/product"}],"replies":[{"embeddable":true,"href":"https:\/\/a-pant.ee\/ru\/wp-json\/wp\/v2\/comments?post=30920"}],"wp:featuredmedia":[{"embeddable":true,"href":"https:\/\/a-pant.ee\/ru\/wp-json\/wp\/v2\/media\/30921"}],"wp:attachment":[{"href":"https:\/\/a-pant.ee\/ru\/wp-json\/wp\/v2\/media?parent=30920"}],"wp:term":[{"taxonomy":"product_brand","embeddable":true,"href":"https:\/\/a-pant.ee\/ru\/wp-json\/wp\/v2\/product_brand?post=30920"},{"taxonomy":"product_cat","embeddable":true,"href":"https:\/\/a-pant.ee\/ru\/wp-json\/wp\/v2\/product_cat?post=30920"},{"taxonomy":"product_tag","embeddable":true,"href":"https:\/\/a-pant.ee\/ru\/wp-json\/wp\/v2\/product_tag?post=30920"}],"curies":[{"name":"wp","href":"https:\/\/api.w.org\/{rel}","templated":true}]}}