{"id":30914,"date":"2026-02-04T13:16:25","date_gmt":"2026-02-04T10:16:25","guid":{"rendered":"https:\/\/a-pant.ee\/product\/kustorez-husqvarna-545fxt\/"},"modified":"2026-02-22T12:22:43","modified_gmt":"2026-02-22T09:22:43","slug":"kustorez-husqvarna-545fxt","status":"publish","type":"product","link":"https:\/\/a-pant.ee\/ru\/product\/kustorez-husqvarna-545fxt\/","title":{"rendered":"\u041a\u0443\u0441\u0442\u043e\u0440\u0435\u0437 Husqvarna 545FXT"},"content":{"rendered":"\n<p> V\u00f5sal\u00f5ikur Husqvarna 545FXT, heas seisu- ja t\u00f6\u00f6korras! <\/p><p> KIRJELDUS <\/p><p> Mootori t\u00f6\u00f6maht <br \/> 45,7 cm\u00b3 <br \/> V\u00f5imsus <br \/> 2,2 kW <br \/> Maksimaalsed lubatud mootorip\u00f6\u00f6rded <br \/> 9000 p\/min <br \/> K\u00fctusepaagi maht <br \/> 1 l <br \/> Vibratsiooni tase (ahv , eq) esi- \/ tagumine k\u00e4epide <br \/> 3,5 \/ 3,2 m\/s\u00b2 <br \/> Helir\u00f5hu tase kasutaja k\u00f5rvadele <br \/> 99 dB(A) <br \/> M\u00fcra v\u00f5imsustase, LWA <br \/> 116 dB(A) <br \/> \u00dclekandearv <br \/> 1:1,29 <br \/> Reduktori nurk <br \/> 24 \u00b0 <br \/> V\u00f5satera <br \/> Scarlett 225-24 <br \/> Kanderihmad <br \/> Balance XT <br \/> Kaal (ilma l\u00f5ikevarustuseta) <br \/> 8,4 kg <\/p>\n","protected":false},"excerpt":{"rendered":"<p>V\u00f5sal\u00f5ikur Husqvarna 545FXT, heas seisu- ja t\u00f6\u00f6korras! KIRJELDUS Mootori t\u00f6\u00f6maht 45,7 cm\u00b3 V\u00f5imsus 2,2 kW Maksimaalsed lubatud mootorip\u00f6\u00f6rded 9000 p\/min K\u00fctusepaagi maht 1 l Vibratsiooni tase (ahv , eq) esi- \/ tagumine k\u00e4epide 3,5 \/ 3,2 m\/s\u00b2 Helir\u00f5hu tase kasutaja k\u00f5rvadele 99 dB(A) M\u00fcra v\u00f5imsustase, LWA 116 dB(A) \u00dclekandearv 1:1,29 Reduktori nurk 24 \u00b0 V\u00f5satera [&hellip;]<\/p>\n","protected":false},"featured_media":30915,"comment_status":"closed","ping_status":"closed","template":"","meta":{"inline_featured_image":false},"product_brand":[],"product_cat":[246,220],"product_tag":[],"class_list":{"0":"post-30914","1":"product","2":"type-product","3":"status-publish","4":"has-post-thumbnail","6":"product_cat-instrumenty-drugoe","7":"product_cat-sadovye-instrumenty","8":"product_shipping_class-oversize","9":"pa_asukoht-mustamae","10":"pa_seisukord-ispolzovano","12":"first","13":"instock","14":"taxable","15":"shipping-taxable","16":"purchasable","17":"product-type-simple"},"_links":{"self":[{"href":"https:\/\/a-pant.ee\/ru\/wp-json\/wp\/v2\/product\/30914","targetHints":{"allow":["GET"]}}],"collection":[{"href":"https:\/\/a-pant.ee\/ru\/wp-json\/wp\/v2\/product"}],"about":[{"href":"https:\/\/a-pant.ee\/ru\/wp-json\/wp\/v2\/types\/product"}],"replies":[{"embeddable":true,"href":"https:\/\/a-pant.ee\/ru\/wp-json\/wp\/v2\/comments?post=30914"}],"wp:featuredmedia":[{"embeddable":true,"href":"https:\/\/a-pant.ee\/ru\/wp-json\/wp\/v2\/media\/30915"}],"wp:attachment":[{"href":"https:\/\/a-pant.ee\/ru\/wp-json\/wp\/v2\/media?parent=30914"}],"wp:term":[{"taxonomy":"product_brand","embeddable":true,"href":"https:\/\/a-pant.ee\/ru\/wp-json\/wp\/v2\/product_brand?post=30914"},{"taxonomy":"product_cat","embeddable":true,"href":"https:\/\/a-pant.ee\/ru\/wp-json\/wp\/v2\/product_cat?post=30914"},{"taxonomy":"product_tag","embeddable":true,"href":"https:\/\/a-pant.ee\/ru\/wp-json\/wp\/v2\/product_tag?post=30914"}],"curies":[{"name":"wp","href":"https:\/\/api.w.org\/{rel}","templated":true}]}}