{"id":30883,"date":"2026-02-04T13:16:25","date_gmt":"2026-02-04T10:16:25","guid":{"rendered":"https:\/\/a-pant.ee\/product\/zerkalnaya-kamera-nikon-d3000\/"},"modified":"2026-02-22T12:22:42","modified_gmt":"2026-02-22T09:22:42","slug":"zerkalnaya-kamera-nikon-d3000-zaryadka-pult-sumka","status":"publish","type":"product","link":"https:\/\/a-pant.ee\/ru\/product\/zerkalnaya-kamera-nikon-d3000-zaryadka-pult-sumka\/","title":{"rendered":"\u0417\u0435\u0440\u043a\u0430\u043b\u044c\u043d\u0430\u044f \u043a\u0430\u043c\u0435\u0440\u0430 Nikon D3000 + \u0437\u0430\u0440\u044f\u0434\u043a\u0430 + \u043f\u0443\u043b\u044c\u0442 + \u0441\u0443\u043c\u043a\u0430"},"content":{"rendered":"\n<p> Peegelkaamera Nikon D3000 + laadja + kott + pult\u00a0, heas seisu- ja t\u00f6\u00f6korras! <\/p><p> KIRJELDUS <\/p><p> 10,2 megapikslit, <\/p><p> DX formaadis CCD sensor, <\/p><p> EXPEED pildiprotsessor, <\/p><p> sensori tolmueemalduss\u00fcsteem, <\/p><p> 3-tolline LCD ekraan, <\/p><p> NEF (RAW) failivorming. <\/p>\n","protected":false},"excerpt":{"rendered":"<p>Peegelkaamera Nikon D3000 + laadja + kott + pult\u00a0, heas seisu- ja t\u00f6\u00f6korras! KIRJELDUS 10,2 megapikslit, DX formaadis CCD sensor, EXPEED pildiprotsessor, sensori tolmueemalduss\u00fcsteem, 3-tolline LCD ekraan, NEF (RAW) failivorming.<\/p>\n","protected":false},"featured_media":30884,"comment_status":"closed","ping_status":"open","template":"","meta":{"inline_featured_image":false},"product_brand":[],"product_cat":[163],"product_tag":[],"class_list":{"0":"post-30883","1":"product","2":"type-product","3":"status-publish","4":"has-post-thumbnail","6":"product_cat-fototehnika","7":"pa_asukoht-lasnamae","8":"pa_seisukord-ispolzovano","10":"first","11":"instock","12":"taxable","13":"shipping-taxable","14":"purchasable","15":"product-type-simple"},"_links":{"self":[{"href":"https:\/\/a-pant.ee\/ru\/wp-json\/wp\/v2\/product\/30883","targetHints":{"allow":["GET"]}}],"collection":[{"href":"https:\/\/a-pant.ee\/ru\/wp-json\/wp\/v2\/product"}],"about":[{"href":"https:\/\/a-pant.ee\/ru\/wp-json\/wp\/v2\/types\/product"}],"replies":[{"embeddable":true,"href":"https:\/\/a-pant.ee\/ru\/wp-json\/wp\/v2\/comments?post=30883"}],"wp:featuredmedia":[{"embeddable":true,"href":"https:\/\/a-pant.ee\/ru\/wp-json\/wp\/v2\/media\/30884"}],"wp:attachment":[{"href":"https:\/\/a-pant.ee\/ru\/wp-json\/wp\/v2\/media?parent=30883"}],"wp:term":[{"taxonomy":"product_brand","embeddable":true,"href":"https:\/\/a-pant.ee\/ru\/wp-json\/wp\/v2\/product_brand?post=30883"},{"taxonomy":"product_cat","embeddable":true,"href":"https:\/\/a-pant.ee\/ru\/wp-json\/wp\/v2\/product_cat?post=30883"},{"taxonomy":"product_tag","embeddable":true,"href":"https:\/\/a-pant.ee\/ru\/wp-json\/wp\/v2\/product_tag?post=30883"}],"curies":[{"name":"wp","href":"https:\/\/api.w.org\/{rel}","templated":true}]}}