{"id":30863,"date":"2026-02-04T13:16:25","date_gmt":"2026-02-04T10:16:25","guid":{"rendered":"https:\/\/a-pant.ee\/product\/noutbuk-dell-latitude-7430-bez-zaryadki\/"},"modified":"2026-02-22T12:22:42","modified_gmt":"2026-02-22T09:22:42","slug":"noutbuk-dell-latitude-7430-bez-zaryadki","status":"publish","type":"product","link":"https:\/\/a-pant.ee\/ru\/product\/noutbuk-dell-latitude-7430-bez-zaryadki\/","title":{"rendered":"\u041d\u043e\u0443\u0442\u0431\u0443\u043a Dell Latitude 7430 \u0431\u0435\u0437 \u0437\u0430\u0440\u044f\u0434\u043a\u0438"},"content":{"rendered":"\n<p><strong> S\u00fclearvuti Dell Latitude 7430 ilma laadija Korpusel on m\u00f5ned kriimustused <\/strong> , mis ei m\u00f5juta seadme t\u00f6\u00f6d. , heas seisu- ja t\u00f6\u00f6korras! <strong> \u00a0\u00a0 <\/strong><\/p><p> KIRJELDUS <\/p><p> Processor: Intel gen12 Core i7 1255U 1,70GHz (12CPUs) Iris Xe Graphics <\/p><p> Ram: 16GB <\/p><p> SSD:M2 KBG50ZNS512G NVMe KIOXIA 512GB <\/p><p> Windows \u00a011 Pro 64x <\/p>\n","protected":false},"excerpt":{"rendered":"<p>S\u00fclearvuti Dell Latitude 7430 ilma laadija Korpusel on m\u00f5ned kriimustused , mis ei m\u00f5juta seadme t\u00f6\u00f6d. , heas seisu- ja t\u00f6\u00f6korras! \u00a0\u00a0 KIRJELDUS Processor: Intel gen12 Core i7 1255U 1,70GHz (12CPUs) Iris Xe Graphics Ram: 16GB SSD:M2 KBG50ZNS512G NVMe KIOXIA 512GB Windows \u00a011 Pro 64x<\/p>\n","protected":false},"featured_media":30864,"comment_status":"closed","ping_status":"open","template":"","meta":{"inline_featured_image":false},"product_brand":[],"product_cat":[179],"product_tag":[],"class_list":{"0":"post-30863","1":"product","2":"type-product","3":"status-publish","4":"has-post-thumbnail","6":"product_cat-noutbuki","7":"pa_asukoht-lasnamae","8":"pa_seisukord-ispolzovano","10":"first","11":"outofstock","12":"taxable","13":"shipping-taxable","14":"purchasable","15":"product-type-simple"},"_links":{"self":[{"href":"https:\/\/a-pant.ee\/ru\/wp-json\/wp\/v2\/product\/30863","targetHints":{"allow":["GET"]}}],"collection":[{"href":"https:\/\/a-pant.ee\/ru\/wp-json\/wp\/v2\/product"}],"about":[{"href":"https:\/\/a-pant.ee\/ru\/wp-json\/wp\/v2\/types\/product"}],"replies":[{"embeddable":true,"href":"https:\/\/a-pant.ee\/ru\/wp-json\/wp\/v2\/comments?post=30863"}],"wp:featuredmedia":[{"embeddable":true,"href":"https:\/\/a-pant.ee\/ru\/wp-json\/wp\/v2\/media\/30864"}],"wp:attachment":[{"href":"https:\/\/a-pant.ee\/ru\/wp-json\/wp\/v2\/media?parent=30863"}],"wp:term":[{"taxonomy":"product_brand","embeddable":true,"href":"https:\/\/a-pant.ee\/ru\/wp-json\/wp\/v2\/product_brand?post=30863"},{"taxonomy":"product_cat","embeddable":true,"href":"https:\/\/a-pant.ee\/ru\/wp-json\/wp\/v2\/product_cat?post=30863"},{"taxonomy":"product_tag","embeddable":true,"href":"https:\/\/a-pant.ee\/ru\/wp-json\/wp\/v2\/product_tag?post=30863"}],"curies":[{"name":"wp","href":"https:\/\/api.w.org\/{rel}","templated":true}]}}