{"id":30857,"date":"2026-02-04T13:16:25","date_gmt":"2026-02-04T10:16:25","guid":{"rendered":"https:\/\/a-pant.ee\/product\/dalnomer-futech-disty-80-sumka\/"},"modified":"2026-02-22T12:22:42","modified_gmt":"2026-02-22T09:22:42","slug":"dalnomer-futech-disty-80-sumka","status":"publish","type":"product","link":"https:\/\/a-pant.ee\/ru\/product\/dalnomer-futech-disty-80-sumka\/","title":{"rendered":"\u0414\u0430\u043b\u044c\u043d\u043e\u043c\u0435\u0440 Futech Disty 80 + \u0441\u0443\u043c\u043a\u0430"},"content":{"rendered":"\n<p><strong> Kaugusm\u00f5\u00f5tja Futech Disty 80 + kott <\/strong> , heas seisu- ja t\u00f6\u00f6korras! <\/p><p> KIRJELDUS <\/p><ul><li><strong> M\u00f5\u00f5tmisvahemik: <\/strong> 0,05 \u2013 80\u202fm <\/li><li><strong> T\u00e4psus: <\/strong> \u00b1\u202f2\u202fmm <\/li><li><strong> Kaitseklass: <\/strong> IP54 (tolmu- ja pritsmekindel) <\/li><li><strong> Funktsioonid: <\/strong><ul><li> Pidev m\u00f5\u00f5tmine (min\/max) <\/li><li> Pindala ja ruumala arvutamine <\/li><li> Pythagorase funktsioon (kaudne m\u00f5\u00f5tmine) <\/li><li> Tulemite liitmine\/lahutamine <\/li><li> Kaldenurga kuvamine <\/li><li> 99 m\u00f5\u00f5tmise salvestus <\/li><\/ul><\/li><li><strong> Laseriklass: <\/strong> Klass 2 (&lt;1\u202fmW, 630\u2013670\u202fnm) <\/li><li><strong> Statiivikeere: <\/strong> \u00bc tolli <\/li><\/ul>\n","protected":false},"excerpt":{"rendered":"<p>Kaugusm\u00f5\u00f5tja Futech Disty 80 + kott , heas seisu- ja t\u00f6\u00f6korras! KIRJELDUS M\u00f5\u00f5tmisvahemik: 0,05 \u2013 80\u202fm T\u00e4psus: \u00b1\u202f2\u202fmm Kaitseklass: IP54 (tolmu- ja pritsmekindel) Funktsioonid: Pidev m\u00f5\u00f5tmine (min\/max) Pindala ja ruumala arvutamine Pythagorase funktsioon (kaudne m\u00f5\u00f5tmine) Tulemite liitmine\/lahutamine Kaldenurga kuvamine 99 m\u00f5\u00f5tmise salvestus Laseriklass: Klass 2 (&lt;1\u202fmW, 630\u2013670\u202fnm) Statiivikeere: \u00bc tolli<\/p>\n","protected":false},"featured_media":30858,"comment_status":"closed","ping_status":"open","template":"","meta":{"inline_featured_image":false},"product_brand":[],"product_cat":[232],"product_tag":[],"class_list":{"0":"post-30857","1":"product","2":"type-product","3":"status-publish","4":"has-post-thumbnail","6":"product_cat-lazernye-niveliry","7":"pa_asukoht-lasnamae","8":"pa_seisukord-ispolzovano","10":"first","11":"instock","12":"taxable","13":"shipping-taxable","14":"purchasable","15":"product-type-simple"},"_links":{"self":[{"href":"https:\/\/a-pant.ee\/ru\/wp-json\/wp\/v2\/product\/30857","targetHints":{"allow":["GET"]}}],"collection":[{"href":"https:\/\/a-pant.ee\/ru\/wp-json\/wp\/v2\/product"}],"about":[{"href":"https:\/\/a-pant.ee\/ru\/wp-json\/wp\/v2\/types\/product"}],"replies":[{"embeddable":true,"href":"https:\/\/a-pant.ee\/ru\/wp-json\/wp\/v2\/comments?post=30857"}],"wp:featuredmedia":[{"embeddable":true,"href":"https:\/\/a-pant.ee\/ru\/wp-json\/wp\/v2\/media\/30858"}],"wp:attachment":[{"href":"https:\/\/a-pant.ee\/ru\/wp-json\/wp\/v2\/media?parent=30857"}],"wp:term":[{"taxonomy":"product_brand","embeddable":true,"href":"https:\/\/a-pant.ee\/ru\/wp-json\/wp\/v2\/product_brand?post=30857"},{"taxonomy":"product_cat","embeddable":true,"href":"https:\/\/a-pant.ee\/ru\/wp-json\/wp\/v2\/product_cat?post=30857"},{"taxonomy":"product_tag","embeddable":true,"href":"https:\/\/a-pant.ee\/ru\/wp-json\/wp\/v2\/product_tag?post=30857"}],"curies":[{"name":"wp","href":"https:\/\/api.w.org\/{rel}","templated":true}]}}