{"id":30835,"date":"2026-02-04T13:16:25","date_gmt":"2026-02-04T10:16:25","guid":{"rendered":"https:\/\/a-pant.ee\/product\/velosiped-giant-falcon\/"},"modified":"2026-02-22T12:22:41","modified_gmt":"2026-02-22T09:22:41","slug":"velosiped-giant-falcon","status":"publish","type":"product","link":"https:\/\/a-pant.ee\/ru\/product\/velosiped-giant-falcon\/","title":{"rendered":"\u0412\u0435\u043b\u043e\u0441\u0438\u043f\u0435\u0434 Giant Falcon"},"content":{"rendered":"\n<p> Jalgrattas Giant Falcon\u00a0, heas seisu- ja t\u00f6\u00f6korras! <\/p><p> KIRJELDUS <\/p><p> Esiamortid <\/p><p> 24-K\u00e4igukiirused <\/p><p> Raamsuurus S &#8212; 16&#8243; Pikkusele 150-165sm <\/p><p> Rattasuurus 27.5 x 2.20 <\/p>\n","protected":false},"excerpt":{"rendered":"<p>Jalgrattas Giant Falcon\u00a0, heas seisu- ja t\u00f6\u00f6korras! KIRJELDUS Esiamortid 24-K\u00e4igukiirused Raamsuurus S &#8212; 16&#8243; Pikkusele 150-165sm Rattasuurus 27.5 x 2.20<\/p>\n","protected":false},"featured_media":30836,"comment_status":"closed","ping_status":"closed","template":"","meta":{"inline_featured_image":false},"product_brand":[],"product_cat":[216],"product_tag":[],"class_list":{"0":"post-30835","1":"product","2":"type-product","3":"status-publish","4":"has-post-thumbnail","6":"product_cat-velosipedy","7":"product_shipping_class-oversize","8":"pa_asukoht-mustamae","9":"pa_seisukord-ispolzovano","11":"first","12":"outofstock","13":"taxable","14":"shipping-taxable","15":"purchasable","16":"product-type-simple"},"_links":{"self":[{"href":"https:\/\/a-pant.ee\/ru\/wp-json\/wp\/v2\/product\/30835","targetHints":{"allow":["GET"]}}],"collection":[{"href":"https:\/\/a-pant.ee\/ru\/wp-json\/wp\/v2\/product"}],"about":[{"href":"https:\/\/a-pant.ee\/ru\/wp-json\/wp\/v2\/types\/product"}],"replies":[{"embeddable":true,"href":"https:\/\/a-pant.ee\/ru\/wp-json\/wp\/v2\/comments?post=30835"}],"wp:featuredmedia":[{"embeddable":true,"href":"https:\/\/a-pant.ee\/ru\/wp-json\/wp\/v2\/media\/30836"}],"wp:attachment":[{"href":"https:\/\/a-pant.ee\/ru\/wp-json\/wp\/v2\/media?parent=30835"}],"wp:term":[{"taxonomy":"product_brand","embeddable":true,"href":"https:\/\/a-pant.ee\/ru\/wp-json\/wp\/v2\/product_brand?post=30835"},{"taxonomy":"product_cat","embeddable":true,"href":"https:\/\/a-pant.ee\/ru\/wp-json\/wp\/v2\/product_cat?post=30835"},{"taxonomy":"product_tag","embeddable":true,"href":"https:\/\/a-pant.ee\/ru\/wp-json\/wp\/v2\/product_tag?post=30835"}],"curies":[{"name":"wp","href":"https:\/\/api.w.org\/{rel}","templated":true}]}}