{"id":30828,"date":"2026-02-04T13:10:28","date_gmt":"2026-02-04T10:10:28","guid":{"rendered":"https:\/\/a-pant.ee\/product\/akkumulyatornyy-perforator-makita-dhr171\/"},"modified":"2026-02-22T12:22:46","modified_gmt":"2026-02-22T09:22:46","slug":"akkumulyatornyj-perforator-makita-dhr171-ak-60ach","status":"publish","type":"product","link":"https:\/\/a-pant.ee\/ru\/product\/akkumulyatornyj-perforator-makita-dhr171-ak-60ach\/","title":{"rendered":"\u0410\u043a\u043a\u0443\u043c\u0443\u043b\u044f\u0442\u043e\u0440\u043d\u044b\u0439 \u043f\u0435\u0440\u0444\u043e\u0440\u0430\u0442\u043e\u0440 Makita DHR171 + ak 6,0A\u0447"},"content":{"rendered":"\n<p> Akupuurvasar Makita DHR171 + aku 6,0Ah\u00a0, heas seisu- ja t\u00f6\u00f6korras! <\/p><p> KIRJELDUS <\/p><p> Padruni t\u00fc\u00fcp: SDS Plus, <\/p><p> Toote v\u00e4rv: Must, Sinine. <\/p><p> Puurimisl\u00e4bim\u00f5\u00f5t betooni puhul (maksimaalne): 1,7 cm, <\/p><p> P\u00f6\u00f6rete arv t\u00fchik\u00e4igul (max): 680 RPM, <\/p><p> L\u00f6\u00f6gienergia: 1,2 J. <\/p><p> Toiteallikas: Patarei. <\/p><p> Kaal: 2,8 kg, <\/p><p> Laius: 273 mm. <\/p><p> Vibratsioonitugevus: 9 m\/s\u00b2 <\/p>\n","protected":false},"excerpt":{"rendered":"<p>Akupuurvasar Makita DHR171 + aku 6,0Ah\u00a0, heas seisu- ja t\u00f6\u00f6korras! KIRJELDUS Padruni t\u00fc\u00fcp: SDS Plus, Toote v\u00e4rv: Must, Sinine. Puurimisl\u00e4bim\u00f5\u00f5t betooni puhul (maksimaalne): 1,7 cm, P\u00f6\u00f6rete arv t\u00fchik\u00e4igul (max): 680 RPM, L\u00f6\u00f6gienergia: 1,2 J. Toiteallikas: Patarei. Kaal: 2,8 kg, Laius: 273 mm. Vibratsioonitugevus: 9 m\/s\u00b2<\/p>\n","protected":false},"featured_media":30829,"comment_status":"closed","ping_status":"open","template":"","meta":{"inline_featured_image":false},"product_brand":[],"product_cat":[221],"product_tag":[],"class_list":{"0":"post-30828","1":"product","2":"type-product","3":"status-publish","4":"has-post-thumbnail","6":"product_cat-akkumulyatornye-dreli","7":"pa_asukoht-lasnamae","8":"pa_seisukord-ispolzovano","10":"first","11":"instock","12":"taxable","13":"shipping-taxable","14":"purchasable","15":"product-type-simple"},"_links":{"self":[{"href":"https:\/\/a-pant.ee\/ru\/wp-json\/wp\/v2\/product\/30828","targetHints":{"allow":["GET"]}}],"collection":[{"href":"https:\/\/a-pant.ee\/ru\/wp-json\/wp\/v2\/product"}],"about":[{"href":"https:\/\/a-pant.ee\/ru\/wp-json\/wp\/v2\/types\/product"}],"replies":[{"embeddable":true,"href":"https:\/\/a-pant.ee\/ru\/wp-json\/wp\/v2\/comments?post=30828"}],"wp:featuredmedia":[{"embeddable":true,"href":"https:\/\/a-pant.ee\/ru\/wp-json\/wp\/v2\/media\/30829"}],"wp:attachment":[{"href":"https:\/\/a-pant.ee\/ru\/wp-json\/wp\/v2\/media?parent=30828"}],"wp:term":[{"taxonomy":"product_brand","embeddable":true,"href":"https:\/\/a-pant.ee\/ru\/wp-json\/wp\/v2\/product_brand?post=30828"},{"taxonomy":"product_cat","embeddable":true,"href":"https:\/\/a-pant.ee\/ru\/wp-json\/wp\/v2\/product_cat?post=30828"},{"taxonomy":"product_tag","embeddable":true,"href":"https:\/\/a-pant.ee\/ru\/wp-json\/wp\/v2\/product_tag?post=30828"}],"curies":[{"name":"wp","href":"https:\/\/api.w.org\/{rel}","templated":true}]}}