{"id":30821,"date":"2026-02-04T13:10:28","date_gmt":"2026-02-04T10:10:28","guid":{"rendered":"https:\/\/a-pant.ee\/product\/lazernyj-nivelir-dewalt-dce089r\/"},"modified":"2026-02-22T12:22:46","modified_gmt":"2026-02-22T09:22:46","slug":"lazernyj-nivelir-dewalt-dce089r-ak-20ach","status":"publish","type":"product","link":"https:\/\/a-pant.ee\/ru\/product\/lazernyj-nivelir-dewalt-dce089r-ak-20ach\/","title":{"rendered":"\u041b\u0430\u0437\u0435\u0440\u043d\u044b\u0439 \u043d\u0438\u0432\u0435\u043b\u0438\u0440 DeWalt DCE089R + ak 2,0A\u0447"},"content":{"rendered":"\n<p> Ristlaaser DeWalt DCE089R + aku 2,0Ah\u00a0, heas seisu- ja t\u00f6\u00f6korras! <\/p><p> KIRJELDUS <\/p><p> 2 laseriklass <\/p><ul><li> T\u00e4psus \u00b1 0,3 mm\/m <\/li><li> Kiirte arv 3 <\/li><li> N\u00e4htavusulatus 15 m <\/li><li> Isetasanduv vahemik \u00b1 4 \u00b0 <\/li><li> Statiivi pesa jah <\/li><li> Kaal (koos akuga) 1,35 kg <\/li><\/ul>\n","protected":false},"excerpt":{"rendered":"<p>Ristlaaser DeWalt DCE089R + aku 2,0Ah\u00a0, heas seisu- ja t\u00f6\u00f6korras! KIRJELDUS 2 laseriklass T\u00e4psus \u00b1 0,3 mm\/m Kiirte arv 3 N\u00e4htavusulatus 15 m Isetasanduv vahemik \u00b1 4 \u00b0 Statiivi pesa jah Kaal (koos akuga) 1,35 kg<\/p>\n","protected":false},"featured_media":30822,"comment_status":"closed","ping_status":"open","template":"","meta":{"inline_featured_image":false},"product_brand":[],"product_cat":[232],"product_tag":[],"class_list":{"0":"post-30821","1":"product","2":"type-product","3":"status-publish","4":"has-post-thumbnail","6":"product_cat-lazernye-niveliry","7":"pa_asukoht-lasnamae","8":"pa_seisukord-ispolzovano","10":"first","11":"outofstock","12":"taxable","13":"shipping-taxable","14":"purchasable","15":"product-type-simple"},"_links":{"self":[{"href":"https:\/\/a-pant.ee\/ru\/wp-json\/wp\/v2\/product\/30821","targetHints":{"allow":["GET"]}}],"collection":[{"href":"https:\/\/a-pant.ee\/ru\/wp-json\/wp\/v2\/product"}],"about":[{"href":"https:\/\/a-pant.ee\/ru\/wp-json\/wp\/v2\/types\/product"}],"replies":[{"embeddable":true,"href":"https:\/\/a-pant.ee\/ru\/wp-json\/wp\/v2\/comments?post=30821"}],"wp:featuredmedia":[{"embeddable":true,"href":"https:\/\/a-pant.ee\/ru\/wp-json\/wp\/v2\/media\/30822"}],"wp:attachment":[{"href":"https:\/\/a-pant.ee\/ru\/wp-json\/wp\/v2\/media?parent=30821"}],"wp:term":[{"taxonomy":"product_brand","embeddable":true,"href":"https:\/\/a-pant.ee\/ru\/wp-json\/wp\/v2\/product_brand?post=30821"},{"taxonomy":"product_cat","embeddable":true,"href":"https:\/\/a-pant.ee\/ru\/wp-json\/wp\/v2\/product_cat?post=30821"},{"taxonomy":"product_tag","embeddable":true,"href":"https:\/\/a-pant.ee\/ru\/wp-json\/wp\/v2\/product_tag?post=30821"}],"curies":[{"name":"wp","href":"https:\/\/api.w.org\/{rel}","templated":true}]}}