{"id":30815,"date":"2026-02-04T13:10:28","date_gmt":"2026-02-04T10:10:28","guid":{"rendered":"https:\/\/a-pant.ee\/product\/televizor-32-philips-32phh4201-88-pult\/"},"modified":"2026-02-22T12:22:46","modified_gmt":"2026-02-22T09:22:46","slug":"televizor-32-philips-32phh4201-88-pult","status":"publish","type":"product","link":"https:\/\/a-pant.ee\/ru\/product\/televizor-32-philips-32phh4201-88-pult\/","title":{"rendered":"\u0422\u0435\u043b\u0435\u0432\u0438\u0437\u043e\u0440 32&#8243; Philips 32PHH4201\/88 + \u041f\u0443\u043b\u044c\u0442"},"content":{"rendered":"\n<p> Teler 32&#8243; Philips 32PHH4201\/88 + Pult ,\u00a0heas seisu- ja t\u00f6\u00f6korras! <\/p><p> KIRJELDUS <\/p><ul><li> Ekraani diagonaal: 32&#8243; (81 cm) <\/li><li> Resolutsioon: HD Ready (1366 \u00d7 768) <\/li><li> Taustavalgus: LED <\/li><li> V\u00e4rskendussagedus: 60 Hz <\/li><li> Kuvasuhe: 16:9 <\/li><li> Digituuner: DVB-T\/T2\/C <\/li><li> Heli: 2 k\u00f5larit, koguv\u00f5imsus 16 W <\/li><li> \u00dchendused: HDMI, USB, SCART, digitaalne audio v\u00e4ljund <\/li><li> Energiatarve: umbes 30 W (t\u00f6\u00f6re\u017eiimis) <\/li><\/ul>\n","protected":false},"excerpt":{"rendered":"<p>Teler 32&#8243; Philips 32PHH4201\/88 + Pult ,\u00a0heas seisu- ja t\u00f6\u00f6korras! KIRJELDUS Ekraani diagonaal: 32&#8243; (81 cm) Resolutsioon: HD Ready (1366 \u00d7 768) Taustavalgus: LED V\u00e4rskendussagedus: 60 Hz Kuvasuhe: 16:9 Digituuner: DVB-T\/T2\/C Heli: 2 k\u00f5larit, koguv\u00f5imsus 16 W \u00dchendused: HDMI, USB, SCART, digitaalne audio v\u00e4ljund Energiatarve: umbes 30 W (t\u00f6\u00f6re\u017eiimis)<\/p>\n","protected":false},"featured_media":30816,"comment_status":"closed","ping_status":"open","template":"","meta":{"inline_featured_image":false},"product_brand":[],"product_cat":[181],"product_tag":[],"class_list":{"0":"post-30815","1":"product","2":"type-product","3":"status-publish","4":"has-post-thumbnail","6":"product_cat-televizory","7":"product_shipping_class-oversize","8":"pa_asukoht-mustamae","9":"pa_seisukord-ispolzovano","11":"first","12":"instock","13":"taxable","14":"shipping-taxable","15":"purchasable","16":"product-type-simple"},"_links":{"self":[{"href":"https:\/\/a-pant.ee\/ru\/wp-json\/wp\/v2\/product\/30815","targetHints":{"allow":["GET"]}}],"collection":[{"href":"https:\/\/a-pant.ee\/ru\/wp-json\/wp\/v2\/product"}],"about":[{"href":"https:\/\/a-pant.ee\/ru\/wp-json\/wp\/v2\/types\/product"}],"replies":[{"embeddable":true,"href":"https:\/\/a-pant.ee\/ru\/wp-json\/wp\/v2\/comments?post=30815"}],"wp:featuredmedia":[{"embeddable":true,"href":"https:\/\/a-pant.ee\/ru\/wp-json\/wp\/v2\/media\/30816"}],"wp:attachment":[{"href":"https:\/\/a-pant.ee\/ru\/wp-json\/wp\/v2\/media?parent=30815"}],"wp:term":[{"taxonomy":"product_brand","embeddable":true,"href":"https:\/\/a-pant.ee\/ru\/wp-json\/wp\/v2\/product_brand?post=30815"},{"taxonomy":"product_cat","embeddable":true,"href":"https:\/\/a-pant.ee\/ru\/wp-json\/wp\/v2\/product_cat?post=30815"},{"taxonomy":"product_tag","embeddable":true,"href":"https:\/\/a-pant.ee\/ru\/wp-json\/wp\/v2\/product_tag?post=30815"}],"curies":[{"name":"wp","href":"https:\/\/api.w.org\/{rel}","templated":true}]}}