{"id":30802,"date":"2026-02-04T13:10:28","date_gmt":"2026-02-04T10:10:28","guid":{"rendered":"https:\/\/a-pant.ee\/product\/samokat-ninebot-segway-esk2-zaryadka\/"},"modified":"2026-02-22T12:22:46","modified_gmt":"2026-02-22T09:22:46","slug":"samokat-ninebot-segway-kickscooter-es2-zaryadka","status":"publish","type":"product","link":"https:\/\/a-pant.ee\/ru\/product\/samokat-ninebot-segway-kickscooter-es2-zaryadka\/","title":{"rendered":"\u0421\u0430\u043c\u043e\u043a\u0430\u0442 Ninebot Segway KickScooter ES2 + \u0417\u0430\u0440\u044f\u0434\u043a\u0430"},"content":{"rendered":"\n<p> T\u00f5ukerattas Ninebot Segway KickScooter ES2 + Laadija ,\u00a0heas seisu- ja t\u00f6\u00f6korras! <\/p><p> KIRJELDUS <\/p><ul><li> Maksimaalne kiirus: kuni 25 km\/h <\/li><li> S\u00f5iduulatus: kuni 25 km (s\u00f5ltuvalt tingimustest) <\/li><li> Mootor: 300 W (tippv\u00f5imsus kuni 700 W) <\/li><li> Aku: liitium-ioon, 187 Wh <\/li><li> Laadimisaeg: umbes 3,5 tundi <\/li><li> Maksimaalne kandev\u00f5ime: kuni 100 kg <\/li><li> T\u00f5usunurk: kuni 10\u00b0 <\/li><li> Ratta suurus: 8&#8243; (ees) + 7,5&#8243; (taga), t\u00e4iskumm <\/li><li> Vedrustus: esi- ja tagumine amortisatsioon <\/li><li> Piduris\u00fcsteem: elektriline esipidur + tagumine mehaaniline jalapidur <\/li><li> Valgustus: sisseehitatud LED-esituli, tagumine pidurituli <\/li><li> Ekraan: LED-n\u00e4idik kiiruse, aku taseme ja re\u017eiimi kohta <\/li><li> Kokkupandav mehhanism: jah <\/li><li> Kaal: umbes 12,5 kg <\/li><\/ul>\n","protected":false},"excerpt":{"rendered":"<p>T\u00f5ukerattas Ninebot Segway KickScooter ES2 + Laadija ,\u00a0heas seisu- ja t\u00f6\u00f6korras! KIRJELDUS Maksimaalne kiirus: kuni 25 km\/h S\u00f5iduulatus: kuni 25 km (s\u00f5ltuvalt tingimustest) Mootor: 300 W (tippv\u00f5imsus kuni 700 W) Aku: liitium-ioon, 187 Wh Laadimisaeg: umbes 3,5 tundi Maksimaalne kandev\u00f5ime: kuni 100 kg T\u00f5usunurk: kuni 10\u00b0 Ratta suurus: 8&#8243; (ees) + 7,5&#8243; (taga), t\u00e4iskumm Vedrustus: [&hellip;]<\/p>\n","protected":false},"featured_media":30803,"comment_status":"closed","ping_status":"open","template":"","meta":{"inline_featured_image":false},"product_brand":[],"product_cat":[215],"product_tag":[],"class_list":{"0":"post-30802","1":"product","2":"type-product","3":"status-publish","4":"has-post-thumbnail","6":"product_cat-elektricheskie-samokaty","7":"product_shipping_class-oversize","8":"pa_asukoht-mustamae","9":"pa_seisukord-ispolzovano","11":"first","12":"instock","13":"taxable","14":"shipping-taxable","15":"purchasable","16":"product-type-simple"},"_links":{"self":[{"href":"https:\/\/a-pant.ee\/ru\/wp-json\/wp\/v2\/product\/30802","targetHints":{"allow":["GET"]}}],"collection":[{"href":"https:\/\/a-pant.ee\/ru\/wp-json\/wp\/v2\/product"}],"about":[{"href":"https:\/\/a-pant.ee\/ru\/wp-json\/wp\/v2\/types\/product"}],"replies":[{"embeddable":true,"href":"https:\/\/a-pant.ee\/ru\/wp-json\/wp\/v2\/comments?post=30802"}],"wp:featuredmedia":[{"embeddable":true,"href":"https:\/\/a-pant.ee\/ru\/wp-json\/wp\/v2\/media\/30803"}],"wp:attachment":[{"href":"https:\/\/a-pant.ee\/ru\/wp-json\/wp\/v2\/media?parent=30802"}],"wp:term":[{"taxonomy":"product_brand","embeddable":true,"href":"https:\/\/a-pant.ee\/ru\/wp-json\/wp\/v2\/product_brand?post=30802"},{"taxonomy":"product_cat","embeddable":true,"href":"https:\/\/a-pant.ee\/ru\/wp-json\/wp\/v2\/product_cat?post=30802"},{"taxonomy":"product_tag","embeddable":true,"href":"https:\/\/a-pant.ee\/ru\/wp-json\/wp\/v2\/product_tag?post=30802"}],"curies":[{"name":"wp","href":"https:\/\/api.w.org\/{rel}","templated":true}]}}