{"id":30797,"date":"2026-02-04T13:10:28","date_gmt":"2026-02-04T10:10:28","guid":{"rendered":"https:\/\/a-pant.ee\/product\/perforator-makita-hr2440\/"},"modified":"2026-02-22T12:22:46","modified_gmt":"2026-02-22T09:22:46","slug":"perforator-makita-hr2440","status":"publish","type":"product","link":"https:\/\/a-pant.ee\/ru\/product\/perforator-makita-hr2440\/","title":{"rendered":"\u041f\u0435\u0440\u0444\u043e\u0440\u0430\u0442\u043e\u0440 Makita HR2440"},"content":{"rendered":"\n<p><strong> Puurvasar Makita HR2440 <\/strong> ,t\u00f6\u00f6korras! <\/p><p> KIRJELDUS <\/p><ul><li><strong> \u00fc\u00fcp: <\/strong> V\u00f5rgutoitega SDS-Plus puurvasar <\/li><li><strong> V\u00f5imsus: <\/strong> 780 W <\/li><li><strong> T\u00f6\u00f6re\u017eiimid: <\/strong><br \/> \u2013 Puurimine <br \/> \u2013 Puurimine l\u00f6\u00f6giga <\/li><li><strong> L\u00f6\u00f6gij\u00f5ud: <\/strong> 2,7 J <\/li><li><strong> P\u00f6\u00f6rete arv: <\/strong> kuni 1100 p\/min <\/li><li><strong> L\u00f6\u00f6kide arv: <\/strong> kuni 4500 l\u00f6\u00f6ki\/min <\/li><li><strong> Maks. puurimisl\u00e4bim\u00f5\u00f5t: <\/strong><br \/> \u2013 Betoon: 24 mm <br \/> \u2013 Puit: 32 mm <br \/> \u2013 Metall: 13 mm <\/li><li><strong> Kaal: <\/strong> umbes 2,3 kg <\/li><\/ul><p> \u00a0 <\/p>\n","protected":false},"excerpt":{"rendered":"<p>Puurvasar Makita HR2440 ,t\u00f6\u00f6korras! KIRJELDUS \u00fc\u00fcp: V\u00f5rgutoitega SDS-Plus puurvasar V\u00f5imsus: 780 W T\u00f6\u00f6re\u017eiimid: \u2013 Puurimine \u2013 Puurimine l\u00f6\u00f6giga L\u00f6\u00f6gij\u00f5ud: 2,7 J P\u00f6\u00f6rete arv: kuni 1100 p\/min L\u00f6\u00f6kide arv: kuni 4500 l\u00f6\u00f6ki\/min Maks. puurimisl\u00e4bim\u00f5\u00f5t: \u2013 Betoon: 24 mm \u2013 Puit: 32 mm \u2013 Metall: 13 mm Kaal: umbes 2,3 kg \u00a0<\/p>\n","protected":false},"featured_media":30798,"comment_status":"closed","ping_status":"open","template":"","meta":{"inline_featured_image":false},"product_brand":[],"product_cat":[239],"product_tag":[],"class_list":{"0":"post-30797","1":"product","2":"type-product","3":"status-publish","4":"has-post-thumbnail","6":"product_cat-perforatory-i-dreli","7":"pa_asukoht-lasnamae","8":"pa_seisukord-ispolzovano","10":"first","11":"instock","12":"taxable","13":"shipping-taxable","14":"purchasable","15":"product-type-simple"},"_links":{"self":[{"href":"https:\/\/a-pant.ee\/ru\/wp-json\/wp\/v2\/product\/30797","targetHints":{"allow":["GET"]}}],"collection":[{"href":"https:\/\/a-pant.ee\/ru\/wp-json\/wp\/v2\/product"}],"about":[{"href":"https:\/\/a-pant.ee\/ru\/wp-json\/wp\/v2\/types\/product"}],"replies":[{"embeddable":true,"href":"https:\/\/a-pant.ee\/ru\/wp-json\/wp\/v2\/comments?post=30797"}],"wp:featuredmedia":[{"embeddable":true,"href":"https:\/\/a-pant.ee\/ru\/wp-json\/wp\/v2\/media\/30798"}],"wp:attachment":[{"href":"https:\/\/a-pant.ee\/ru\/wp-json\/wp\/v2\/media?parent=30797"}],"wp:term":[{"taxonomy":"product_brand","embeddable":true,"href":"https:\/\/a-pant.ee\/ru\/wp-json\/wp\/v2\/product_brand?post=30797"},{"taxonomy":"product_cat","embeddable":true,"href":"https:\/\/a-pant.ee\/ru\/wp-json\/wp\/v2\/product_cat?post=30797"},{"taxonomy":"product_tag","embeddable":true,"href":"https:\/\/a-pant.ee\/ru\/wp-json\/wp\/v2\/product_tag?post=30797"}],"curies":[{"name":"wp","href":"https:\/\/api.w.org\/{rel}","templated":true}]}}