{"id":30784,"date":"2026-02-04T13:10:28","date_gmt":"2026-02-04T10:10:28","guid":{"rendered":"https:\/\/a-pant.ee\/product\/elektro-samokat-kugoo-s3-zaryadka\/"},"modified":"2026-02-22T12:22:45","modified_gmt":"2026-02-22T09:22:45","slug":"elektro-samokat-kugoo-s3-zaryadka","status":"publish","type":"product","link":"https:\/\/a-pant.ee\/ru\/product\/elektro-samokat-kugoo-s3-zaryadka\/","title":{"rendered":"\u042d\u043b\u0435\u043a\u0442\u0440\u043e-\u0441\u0430\u043c\u043e\u043a\u0430\u0442 Kugoo S3 + \u0437\u0430\u0440\u044f\u0434\u043a\u0430"},"content":{"rendered":"\n<p> Elektriline T\u00f5ukeratas Kugoo S3 + laadija, heas seisu- ja t\u00f6\u00f6korras! <\/p><p> KIRJELDUS <\/p><p> Kiirusre\u017eiim: 15KM\/H; 25KM\/H; 30 km\/h <br \/> Aku: 7.5Ah <br \/> Max L\u00e4bis\u00f5it: 35 KM (s\u00f5ltub missugune on teekond ja juhi kaal) <br \/> Max Kiirus: 25\/30km\/h <br \/> Max Koormus: 120 kg <\/p><p> Tuli: esituli, tagatuli <br \/> Aku mahutavus: 7.5Ah <br \/> Aku pinge: 36V <br \/> Mootori t\u00fc\u00fcp: harjadeta alalisvoolumootor <\/p><p> Mootori nimiv\u00f5imsus: 350W <br \/> Max Mootori p\u00f6\u00f6rlemiskiirus: 700R\/min <br \/> Mootori nimipinge: 36V <br \/> Max P\u00f6\u00f6rdemoment: 13,3 N.M <br \/> Laadimisaeg: 4h <\/p><p> Veekindel: IP54 <br \/> Ronimise gradient: 15 kraadi <br \/> Ratta suurus: 8,0-tolline tahke tagumine libisemisvastane rehv <br \/> Pidurdusteekond: 4M <\/p><p> Toote kaal: 11 kg <br \/> Pakendi kaal: 15 kg <br \/> Toote m\u00f5\u00f5tmed: 1050 x 450 x 930\/1070\/1160 mm (lahti voltima) <br \/> Kokkupandav suurus: 960 x 210 x 330 mm <br \/> Pakendi m\u00f5\u00f5dud: 1030 x 210 x 405mm <\/p>\n","protected":false},"excerpt":{"rendered":"<p>Elektriline T\u00f5ukeratas Kugoo S3 + laadija, heas seisu- ja t\u00f6\u00f6korras! KIRJELDUS Kiirusre\u017eiim: 15KM\/H; 25KM\/H; 30 km\/h Aku: 7.5Ah Max L\u00e4bis\u00f5it: 35 KM (s\u00f5ltub missugune on teekond ja juhi kaal) Max Kiirus: 25\/30km\/h Max Koormus: 120 kg Tuli: esituli, tagatuli Aku mahutavus: 7.5Ah Aku pinge: 36V Mootori t\u00fc\u00fcp: harjadeta alalisvoolumootor Mootori nimiv\u00f5imsus: 350W Max Mootori p\u00f6\u00f6rlemiskiirus: [&hellip;]<\/p>\n","protected":false},"featured_media":30785,"comment_status":"closed","ping_status":"open","template":"","meta":{"inline_featured_image":false},"product_brand":[],"product_cat":[215],"product_tag":[],"class_list":{"0":"post-30784","1":"product","2":"type-product","3":"status-publish","4":"has-post-thumbnail","6":"product_cat-elektricheskie-samokaty","7":"product_shipping_class-oversize","8":"pa_asukoht-mustamae","9":"pa_seisukord-ispolzovano","11":"first","12":"instock","13":"taxable","14":"shipping-taxable","15":"purchasable","16":"product-type-simple"},"_links":{"self":[{"href":"https:\/\/a-pant.ee\/ru\/wp-json\/wp\/v2\/product\/30784","targetHints":{"allow":["GET"]}}],"collection":[{"href":"https:\/\/a-pant.ee\/ru\/wp-json\/wp\/v2\/product"}],"about":[{"href":"https:\/\/a-pant.ee\/ru\/wp-json\/wp\/v2\/types\/product"}],"replies":[{"embeddable":true,"href":"https:\/\/a-pant.ee\/ru\/wp-json\/wp\/v2\/comments?post=30784"}],"wp:featuredmedia":[{"embeddable":true,"href":"https:\/\/a-pant.ee\/ru\/wp-json\/wp\/v2\/media\/30785"}],"wp:attachment":[{"href":"https:\/\/a-pant.ee\/ru\/wp-json\/wp\/v2\/media?parent=30784"}],"wp:term":[{"taxonomy":"product_brand","embeddable":true,"href":"https:\/\/a-pant.ee\/ru\/wp-json\/wp\/v2\/product_brand?post=30784"},{"taxonomy":"product_cat","embeddable":true,"href":"https:\/\/a-pant.ee\/ru\/wp-json\/wp\/v2\/product_cat?post=30784"},{"taxonomy":"product_tag","embeddable":true,"href":"https:\/\/a-pant.ee\/ru\/wp-json\/wp\/v2\/product_tag?post=30784"}],"curies":[{"name":"wp","href":"https:\/\/api.w.org\/{rel}","templated":true}]}}