{"id":30778,"date":"2026-02-04T13:10:28","date_gmt":"2026-02-04T10:10:28","guid":{"rendered":"https:\/\/a-pant.ee\/product\/velosiped-romet-hall\/"},"modified":"2026-02-22T12:22:45","modified_gmt":"2026-02-22T09:22:45","slug":"velosiped-romet-hall","status":"publish","type":"product","link":"https:\/\/a-pant.ee\/ru\/product\/velosiped-romet-hall\/","title":{"rendered":"\u0412\u0435\u043b\u043e\u0441\u0438\u043f\u0435\u0434 Romet Hall"},"content":{"rendered":"\n<p> Jalgrattas Romet Hall, heas seisu- ja t\u00f6\u00f6korras! <\/p><p> KIRJELDUS <\/p><p> Esiamortid <br \/><br \/> Ketaspidurid <\/p><p> 29-K\u00e4igukiirused <\/p><p> RaamsuurusM &#8212; 18 (46cm) &#187; Pikkusele 167-178sm <\/p><p> Rattasuurus 29 x 2.5 <\/p>\n","protected":false},"excerpt":{"rendered":"<p>Jalgrattas Romet Hall, heas seisu- ja t\u00f6\u00f6korras! KIRJELDUS Esiamortid Ketaspidurid 29-K\u00e4igukiirused RaamsuurusM &#8212; 18 (46cm) &#187; Pikkusele 167-178sm Rattasuurus 29 x 2.5<\/p>\n","protected":false},"featured_media":30779,"comment_status":"closed","ping_status":"closed","template":"","meta":{"inline_featured_image":false},"product_brand":[],"product_cat":[216],"product_tag":[],"class_list":{"0":"post-30778","1":"product","2":"type-product","3":"status-publish","4":"has-post-thumbnail","6":"product_cat-velosipedy","7":"product_shipping_class-oversize","8":"pa_asukoht-mustamae","9":"pa_seisukord-ispolzovano","11":"first","12":"outofstock","13":"taxable","14":"shipping-taxable","15":"purchasable","16":"product-type-simple"},"_links":{"self":[{"href":"https:\/\/a-pant.ee\/ru\/wp-json\/wp\/v2\/product\/30778","targetHints":{"allow":["GET"]}}],"collection":[{"href":"https:\/\/a-pant.ee\/ru\/wp-json\/wp\/v2\/product"}],"about":[{"href":"https:\/\/a-pant.ee\/ru\/wp-json\/wp\/v2\/types\/product"}],"replies":[{"embeddable":true,"href":"https:\/\/a-pant.ee\/ru\/wp-json\/wp\/v2\/comments?post=30778"}],"wp:featuredmedia":[{"embeddable":true,"href":"https:\/\/a-pant.ee\/ru\/wp-json\/wp\/v2\/media\/30779"}],"wp:attachment":[{"href":"https:\/\/a-pant.ee\/ru\/wp-json\/wp\/v2\/media?parent=30778"}],"wp:term":[{"taxonomy":"product_brand","embeddable":true,"href":"https:\/\/a-pant.ee\/ru\/wp-json\/wp\/v2\/product_brand?post=30778"},{"taxonomy":"product_cat","embeddable":true,"href":"https:\/\/a-pant.ee\/ru\/wp-json\/wp\/v2\/product_cat?post=30778"},{"taxonomy":"product_tag","embeddable":true,"href":"https:\/\/a-pant.ee\/ru\/wp-json\/wp\/v2\/product_tag?post=30778"}],"curies":[{"name":"wp","href":"https:\/\/api.w.org\/{rel}","templated":true}]}}