{"id":30772,"date":"2026-02-04T13:10:28","date_gmt":"2026-02-04T10:10:28","guid":{"rendered":"https:\/\/a-pant.ee\/product\/kolonka-logitech-ultimate-ears-boom-3\/"},"modified":"2026-02-22T12:22:45","modified_gmt":"2026-02-22T09:22:45","slug":"kolonka-logitech-ultimate-ears-boom-3","status":"publish","type":"product","link":"https:\/\/a-pant.ee\/ru\/product\/kolonka-logitech-ultimate-ears-boom-3\/","title":{"rendered":"\u041a\u043e\u043b\u043e\u043d\u043a\u0430 Logitech Ultimate Ears Boom 3"},"content":{"rendered":"\n<p> K\u00f5larid Logitech Ultimate Ears Boom 3, heas seisu- ja t\u00f6\u00f6korras! <\/p><p> KIRJELDUS <\/p><p> T\u00fc\u00fcp Kaasaskantav <br \/> Sageduskarakteristik (Hz) 90\u201320 000 Hz <br \/> Heliefektid Maksimaalne helitase: 90 dBC, Draiverid: Kaks 2-tollist draiverit ja kaks 2 x 4-tollist passiivradiaatorit <br \/> Traadita \u00fchilduvus: Jah <br \/> Toide: Laetav liitiumioonaku kuni 15-tunniseks aku t\u00f6\u00f6ajaks <br \/> Sisendid: Micro USB <br \/> Laius: 73 mm <br \/> S\u00fcgavus: 73 mm <br \/> K\u00f5rgus: 184 mm <br \/> Kaal: 0,608 kg <\/p>\n","protected":false},"excerpt":{"rendered":"<p>K\u00f5larid Logitech Ultimate Ears Boom 3, heas seisu- ja t\u00f6\u00f6korras! KIRJELDUS T\u00fc\u00fcp Kaasaskantav Sageduskarakteristik (Hz) 90\u201320 000 Hz Heliefektid Maksimaalne helitase: 90 dBC, Draiverid: Kaks 2-tollist draiverit ja kaks 2 x 4-tollist passiivradiaatorit Traadita \u00fchilduvus: Jah Toide: Laetav liitiumioonaku kuni 15-tunniseks aku t\u00f6\u00f6ajaks Sisendid: Micro USB Laius: 73 mm S\u00fcgavus: 73 mm K\u00f5rgus: 184 mm [&hellip;]<\/p>\n","protected":false},"featured_media":30773,"comment_status":"closed","ping_status":"open","template":"","meta":{"inline_featured_image":false},"product_brand":[],"product_cat":[167],"product_tag":[],"class_list":{"0":"post-30772","1":"product","2":"type-product","3":"status-publish","4":"has-post-thumbnail","6":"product_cat-kolonki","7":"pa_asukoht-mustamae","8":"pa_seisukord-ispolzovano","10":"first","11":"instock","12":"taxable","13":"shipping-taxable","14":"purchasable","15":"product-type-simple"},"_links":{"self":[{"href":"https:\/\/a-pant.ee\/ru\/wp-json\/wp\/v2\/product\/30772","targetHints":{"allow":["GET"]}}],"collection":[{"href":"https:\/\/a-pant.ee\/ru\/wp-json\/wp\/v2\/product"}],"about":[{"href":"https:\/\/a-pant.ee\/ru\/wp-json\/wp\/v2\/types\/product"}],"replies":[{"embeddable":true,"href":"https:\/\/a-pant.ee\/ru\/wp-json\/wp\/v2\/comments?post=30772"}],"wp:featuredmedia":[{"embeddable":true,"href":"https:\/\/a-pant.ee\/ru\/wp-json\/wp\/v2\/media\/30773"}],"wp:attachment":[{"href":"https:\/\/a-pant.ee\/ru\/wp-json\/wp\/v2\/media?parent=30772"}],"wp:term":[{"taxonomy":"product_brand","embeddable":true,"href":"https:\/\/a-pant.ee\/ru\/wp-json\/wp\/v2\/product_brand?post=30772"},{"taxonomy":"product_cat","embeddable":true,"href":"https:\/\/a-pant.ee\/ru\/wp-json\/wp\/v2\/product_cat?post=30772"},{"taxonomy":"product_tag","embeddable":true,"href":"https:\/\/a-pant.ee\/ru\/wp-json\/wp\/v2\/product_tag?post=30772"}],"curies":[{"name":"wp","href":"https:\/\/api.w.org\/{rel}","templated":true}]}}