{"id":30756,"date":"2026-02-04T13:10:28","date_gmt":"2026-02-04T10:10:28","guid":{"rendered":"https:\/\/a-pant.ee\/product\/akkumulyatornyy-perforator-makita-hr140d\/"},"modified":"2026-02-22T12:22:45","modified_gmt":"2026-02-22T09:22:45","slug":"akkumulyatornyj-perforator-makita-hr140d-zaryadka-chemodan","status":"publish","type":"product","link":"https:\/\/a-pant.ee\/ru\/product\/akkumulyatornyj-perforator-makita-hr140d-zaryadka-chemodan\/","title":{"rendered":"\u0410\u043a\u043a\u0443\u043c\u0443\u043b\u044f\u0442\u043e\u0440\u043d\u044b\u0439 \u043f\u0435\u0440\u0444\u043e\u0440\u0430\u0442\u043e\u0440 Makita HR140D + \u0437\u0430\u0440\u044f\u0434\u043a\u0430 + \u0447\u0435\u043c\u043e\u0434\u0430\u043d"},"content":{"rendered":"\n<p> Akupuurvasar Makita HR140D + laadija + aku 2,0Ah + kohver\u00a0, heas seisu- ja t\u00f6\u00f6korras! <\/p><p> KIRJELDUS <\/p><p> 12Vmax \u2022 SDS-Plus \u2022 14 mm \u2022 1,0 J <br \/><br \/> 2 funktsiooni: l\u00f6\u00f6giga puurimine ja l\u00f6\u00f6gita puurimine. <br \/> Pinge CXT 1 <br \/> Aku kaitses\u00fcsteem 1 <br \/> P\u00f6\u00f6retearv 0 &#8212; 850 min\u207b\u00b9 <br \/> L\u00f6\u00f6gisagedus 0 &#8212; 4900 min\u207b\u00b9 <br \/> L\u00f6\u00f6gienergia 1,0 J <br \/> Maks. l\u00e4bim\u00f5\u00f5t puidus 13 mm <br \/> Maks. l\u00e4bim\u00f5\u00f5t betoonis 14 mm <br \/> Maks. l\u00e4bim\u00f5\u00f5t terases 10 mm <br \/> Heliv\u00f5imsuse tase (LWA) 95 dB(A) <br \/> Helir\u00f5hu tase (LpA) 84 dB(A) <br \/> M\u00e4\u00e4ramatu m\u00fcra (K faktor) 3 dB(A) <br \/> Vibratsioonitase (3 teljel) 2,5 m\/sec\u00b2 <br \/> Vibratsioonitase (3 teljel), l\u00f6\u00f6kpuurimisel 6,5 m\/sec\u00b2 <br \/> M\u00e4\u00e4ramatu vibratsioon (K faktor) 1,5 m\/sec\u00b2 <br \/> Toote kaal koos akuga (EPTA-Protseduur 01\/2003) 1,9 &#8212; 2,6 kg <br \/> Toote m\u00f5\u00f5dud (P x L x K) 246 x 74 x 198 mm <br \/> Aku nominaalpinge 12 v <br \/> Optimaalne puurimisl\u00e4bim\u00f5\u00f5t betoonis 5 &#8212; 8 mm <\/p>\n","protected":false},"excerpt":{"rendered":"<p>Akupuurvasar Makita HR140D + laadija + aku 2,0Ah + kohver\u00a0, heas seisu- ja t\u00f6\u00f6korras! KIRJELDUS 12Vmax \u2022 SDS-Plus \u2022 14 mm \u2022 1,0 J 2 funktsiooni: l\u00f6\u00f6giga puurimine ja l\u00f6\u00f6gita puurimine. Pinge CXT 1 Aku kaitses\u00fcsteem 1 P\u00f6\u00f6retearv 0 &#8212; 850 min\u207b\u00b9 L\u00f6\u00f6gisagedus 0 &#8212; 4900 min\u207b\u00b9 L\u00f6\u00f6gienergia 1,0 J Maks. l\u00e4bim\u00f5\u00f5t puidus 13 mm [&hellip;]<\/p>\n","protected":false},"featured_media":30757,"comment_status":"closed","ping_status":"open","template":"","meta":{"inline_featured_image":false},"product_brand":[],"product_cat":[221],"product_tag":[],"class_list":{"0":"post-30756","1":"product","2":"type-product","3":"status-publish","4":"has-post-thumbnail","6":"product_cat-akkumulyatornye-dreli","7":"pa_asukoht-lasnamae","8":"pa_seisukord-ispolzovano","10":"first","11":"instock","12":"taxable","13":"shipping-taxable","14":"purchasable","15":"product-type-simple"},"_links":{"self":[{"href":"https:\/\/a-pant.ee\/ru\/wp-json\/wp\/v2\/product\/30756","targetHints":{"allow":["GET"]}}],"collection":[{"href":"https:\/\/a-pant.ee\/ru\/wp-json\/wp\/v2\/product"}],"about":[{"href":"https:\/\/a-pant.ee\/ru\/wp-json\/wp\/v2\/types\/product"}],"replies":[{"embeddable":true,"href":"https:\/\/a-pant.ee\/ru\/wp-json\/wp\/v2\/comments?post=30756"}],"wp:featuredmedia":[{"embeddable":true,"href":"https:\/\/a-pant.ee\/ru\/wp-json\/wp\/v2\/media\/30757"}],"wp:attachment":[{"href":"https:\/\/a-pant.ee\/ru\/wp-json\/wp\/v2\/media?parent=30756"}],"wp:term":[{"taxonomy":"product_brand","embeddable":true,"href":"https:\/\/a-pant.ee\/ru\/wp-json\/wp\/v2\/product_brand?post=30756"},{"taxonomy":"product_cat","embeddable":true,"href":"https:\/\/a-pant.ee\/ru\/wp-json\/wp\/v2\/product_cat?post=30756"},{"taxonomy":"product_tag","embeddable":true,"href":"https:\/\/a-pant.ee\/ru\/wp-json\/wp\/v2\/product_tag?post=30756"}],"curies":[{"name":"wp","href":"https:\/\/api.w.org\/{rel}","templated":true}]}}