{"id":30750,"date":"2026-02-04T13:10:28","date_gmt":"2026-02-04T10:10:28","guid":{"rendered":"https:\/\/a-pant.ee\/product\/akkumulyatornaya-drel-makita-ddf485\/"},"modified":"2026-02-22T12:22:44","modified_gmt":"2026-02-22T09:22:44","slug":"akkumulyatornaya-drel-makita-ddf485-ak-40ach","status":"publish","type":"product","link":"https:\/\/a-pant.ee\/ru\/product\/akkumulyatornaya-drel-makita-ddf485-ak-40ach\/","title":{"rendered":"\u0410\u043a\u043a\u0443\u043c\u0443\u043b\u044f\u0442\u043e\u0440\u043d\u0430\u044f \u0434\u0440\u0435\u043b\u044c Makita DDF485 + ak 4,0A\u0447"},"content":{"rendered":"\n<p> Akutrell Makita DDF485 + aku 4,0Ah\u00a0, heas seisu- ja t\u00f6\u00f6korras! <\/p><p> KIRJELDUS <\/p><p> Harjadeta mootor. <\/p><ul><li> Ergonoomiline kummist k\u00e4epide. <\/li><li> LED. <\/li><li> Laagri konstruktsioon tagab seadme vastupidavuse. <\/li><li> Aku pinge: 18 V. <\/li><li> Pinge LXT. <\/li><li> Aku kaitses\u00fcsteem. <\/li><li> Kiirus ilma koormuseta: 0-500 \/ 1900 min\u207b\u00b9. <\/li><li> Max. p\u00f6\u00f6rdemoment: 50 \/ 27 Nm. <\/li><li> P\u00f6\u00f6rdsiduri asendid: 21. <\/li><li> Maksimaalne l\u00e4bim\u00f5\u00f5t puidule: 38 mm. <\/li><li> Maksimaalne l\u00e4bim\u00f5\u00f5t terasele: 13 mm. <\/li><li> Haarats: 1,5 &#8212; 13 mm. <\/li><li> Kaal koos akuga (EPTA-protseduur 01\/2003) 1,4 &#8212; 1,7 kg. <\/li><li> M\u00f5\u00f5dud (P x L x K): 169 x 79 x 255 mm. <\/li><li> Helir\u00f5hu tase (LpA) 74 dB(A). <\/li><li> M\u00fcra k\u00f5ikumine (K tegur) 3 dB(A). <\/li><li> Vibratsioonitase (3 telge) Puurimisre\u017eiimis \u22642,5 m\/sec\u00b2. <\/li><li> Vibratsiooni k\u00f5ikumine (K tegur) 1,5 m\/sec\u00b2. <\/li><\/ul>\n","protected":false},"excerpt":{"rendered":"<p>Akutrell Makita DDF485 + aku 4,0Ah\u00a0, heas seisu- ja t\u00f6\u00f6korras! KIRJELDUS Harjadeta mootor. Ergonoomiline kummist k\u00e4epide. LED. Laagri konstruktsioon tagab seadme vastupidavuse. Aku pinge: 18 V. Pinge LXT. Aku kaitses\u00fcsteem. Kiirus ilma koormuseta: 0-500 \/ 1900 min\u207b\u00b9. Max. p\u00f6\u00f6rdemoment: 50 \/ 27 Nm. P\u00f6\u00f6rdsiduri asendid: 21. Maksimaalne l\u00e4bim\u00f5\u00f5t puidule: 38 mm. Maksimaalne l\u00e4bim\u00f5\u00f5t terasele: 13 [&hellip;]<\/p>\n","protected":false},"featured_media":30751,"comment_status":"closed","ping_status":"open","template":"","meta":{"inline_featured_image":false},"product_brand":[],"product_cat":[221],"product_tag":[],"class_list":{"0":"post-30750","1":"product","2":"type-product","3":"status-publish","4":"has-post-thumbnail","6":"product_cat-akkumulyatornye-dreli","7":"pa_asukoht-lasnamae","8":"pa_seisukord-ispolzovano","10":"first","11":"instock","12":"taxable","13":"shipping-taxable","14":"purchasable","15":"product-type-simple"},"_links":{"self":[{"href":"https:\/\/a-pant.ee\/ru\/wp-json\/wp\/v2\/product\/30750","targetHints":{"allow":["GET"]}}],"collection":[{"href":"https:\/\/a-pant.ee\/ru\/wp-json\/wp\/v2\/product"}],"about":[{"href":"https:\/\/a-pant.ee\/ru\/wp-json\/wp\/v2\/types\/product"}],"replies":[{"embeddable":true,"href":"https:\/\/a-pant.ee\/ru\/wp-json\/wp\/v2\/comments?post=30750"}],"wp:featuredmedia":[{"embeddable":true,"href":"https:\/\/a-pant.ee\/ru\/wp-json\/wp\/v2\/media\/30751"}],"wp:attachment":[{"href":"https:\/\/a-pant.ee\/ru\/wp-json\/wp\/v2\/media?parent=30750"}],"wp:term":[{"taxonomy":"product_brand","embeddable":true,"href":"https:\/\/a-pant.ee\/ru\/wp-json\/wp\/v2\/product_brand?post=30750"},{"taxonomy":"product_cat","embeddable":true,"href":"https:\/\/a-pant.ee\/ru\/wp-json\/wp\/v2\/product_cat?post=30750"},{"taxonomy":"product_tag","embeddable":true,"href":"https:\/\/a-pant.ee\/ru\/wp-json\/wp\/v2\/product_tag?post=30750"}],"curies":[{"name":"wp","href":"https:\/\/api.w.org\/{rel}","templated":true}]}}