{"id":30744,"date":"2026-02-04T13:10:28","date_gmt":"2026-02-04T10:10:28","guid":{"rendered":"https:\/\/a-pant.ee\/product\/akkumulyatornaya-drel-makita-ddf453\/"},"modified":"2026-02-22T12:22:44","modified_gmt":"2026-02-22T09:22:44","slug":"akkumulyatornaya-drel-makita-ddf453-bez-akkumulyatora","status":"publish","type":"product","link":"https:\/\/a-pant.ee\/ru\/product\/akkumulyatornaya-drel-makita-ddf453-bez-akkumulyatora\/","title":{"rendered":"\u0410\u043a\u043a\u0443\u043c\u0443\u043b\u044f\u0442\u043e\u0440\u043d\u0430\u044f \u0434\u0440\u0435\u043b\u044c Makita DDF453 (\u0431\u0435\u0437 \u0430\u043a\u043a\u0443\u043c\u0443\u043b\u044f\u0442\u043e\u0440\u0430)"},"content":{"rendered":"\n<p> Akutrell Makita DDF453 (ilma aku)\u00a0, heas seisu- ja t\u00f6\u00f6korras! <\/p><p> KIRJELDUS <\/p><p> Aku pinge: 18 V. <\/p><ul><li> Aku t\u00fc\u00fcp: Li-ion. <\/li><li> Kiirus ilma koormuseta: 0-400\/1300 min\u207b\u00b9. <\/li><li> Maksimaalne l\u00e4bim\u00f5\u00f5t puidule: 36 mm. <\/li><li> Maksimaalne l\u00e4bim\u00f5\u00f5t terasele: 13 mm. <\/li><li> Haarats: 1.5-13 mm. <\/li><li> K\u00e4ikude arv: 2. <\/li><li> P\u00f6\u00f6rdemoment (pehme\/k\u00f5va): 27\/42 Nm. <\/li><li> M\u00fc\u00fcakse ilma aku ja laadijata. <\/li><li> Kaal: 1,6 kg. <\/li><\/ul>\n","protected":false},"excerpt":{"rendered":"<p>Akutrell Makita DDF453 (ilma aku)\u00a0, heas seisu- ja t\u00f6\u00f6korras! KIRJELDUS Aku pinge: 18 V. Aku t\u00fc\u00fcp: Li-ion. Kiirus ilma koormuseta: 0-400\/1300 min\u207b\u00b9. Maksimaalne l\u00e4bim\u00f5\u00f5t puidule: 36 mm. Maksimaalne l\u00e4bim\u00f5\u00f5t terasele: 13 mm. Haarats: 1.5-13 mm. K\u00e4ikude arv: 2. P\u00f6\u00f6rdemoment (pehme\/k\u00f5va): 27\/42 Nm. M\u00fc\u00fcakse ilma aku ja laadijata. Kaal: 1,6 kg.<\/p>\n","protected":false},"featured_media":30745,"comment_status":"closed","ping_status":"open","template":"","meta":{"inline_featured_image":false},"product_brand":[],"product_cat":[221],"product_tag":[],"class_list":{"0":"post-30744","1":"product","2":"type-product","3":"status-publish","4":"has-post-thumbnail","6":"product_cat-akkumulyatornye-dreli","7":"pa_asukoht-lasnamae","8":"pa_seisukord-ispolzovano","10":"first","11":"instock","12":"taxable","13":"shipping-taxable","14":"purchasable","15":"product-type-simple"},"_links":{"self":[{"href":"https:\/\/a-pant.ee\/ru\/wp-json\/wp\/v2\/product\/30744","targetHints":{"allow":["GET"]}}],"collection":[{"href":"https:\/\/a-pant.ee\/ru\/wp-json\/wp\/v2\/product"}],"about":[{"href":"https:\/\/a-pant.ee\/ru\/wp-json\/wp\/v2\/types\/product"}],"replies":[{"embeddable":true,"href":"https:\/\/a-pant.ee\/ru\/wp-json\/wp\/v2\/comments?post=30744"}],"wp:featuredmedia":[{"embeddable":true,"href":"https:\/\/a-pant.ee\/ru\/wp-json\/wp\/v2\/media\/30745"}],"wp:attachment":[{"href":"https:\/\/a-pant.ee\/ru\/wp-json\/wp\/v2\/media?parent=30744"}],"wp:term":[{"taxonomy":"product_brand","embeddable":true,"href":"https:\/\/a-pant.ee\/ru\/wp-json\/wp\/v2\/product_brand?post=30744"},{"taxonomy":"product_cat","embeddable":true,"href":"https:\/\/a-pant.ee\/ru\/wp-json\/wp\/v2\/product_cat?post=30744"},{"taxonomy":"product_tag","embeddable":true,"href":"https:\/\/a-pant.ee\/ru\/wp-json\/wp\/v2\/product_tag?post=30744"}],"curies":[{"name":"wp","href":"https:\/\/api.w.org\/{rel}","templated":true}]}}