{"id":30620,"date":"2026-02-04T13:06:11","date_gmt":"2026-02-04T10:06:11","guid":{"rendered":"https:\/\/a-pant.ee\/product\/kamera-pentax-k20d-provod\/"},"modified":"2026-02-22T12:22:47","modified_gmt":"2026-02-22T09:22:47","slug":"kamera-pentax-k20d-provod","status":"publish","type":"product","link":"https:\/\/a-pant.ee\/ru\/product\/kamera-pentax-k20d-provod\/","title":{"rendered":"\u041a\u0430\u043c\u0435\u0440\u0430 Pentax K20D + \u041f\u0440\u043e\u0432\u043e\u0434"},"content":{"rendered":"\n<p> Kaamera Pentax K20D + Juhe\u00a0, heas seisu- ja t\u00f6\u00f6korras! <\/p><p> KIRJELDUS <\/p><ul><li> Kaamera t\u00fc\u00fcp: digipeegelkaamera <\/li><li> Bajonett: Pentax KAF2 <\/li><li> Sensor: CMOS, 23,4 \u00d7 15,6 mm, 14,6 MP <\/li><li> ISO vahemik: 100 \u2013 6400 <\/li><li> Pildistabilisaator: sisseehitatud (sensori nihkega) <\/li><li> Autofookus: 11 punkti (SAFOX VIII) <\/li><li> Ekraan: 2,7&#8243; TFT, 230 000 pikslit, Live View <\/li><li> Pildiotsija: pentaprisma, kaadri katvus ~95% <\/li><li> Pildistamise kiirus: kuni 3 kaadrit\/s (21 JPEG, 15 RAW) <\/li><li> Video: puudub <\/li><li> Failivormingud: JPEG, RAW (PEF\/DNG) <\/li><li> Andmekandja: SD \/ SDHC m\u00e4lukaardid <\/li><li> Liidesed: USB 2.0, video-v\u00e4ljund, p\u00e4\u00e4stiku pesa <\/li><li> M\u00f5\u00f5tmed: 141,5 \u00d7 101 \u00d7 70 mm <\/li><li> Kaal: umbes 715 g (ilma objektiivita) <\/li><\/ul>\n","protected":false},"excerpt":{"rendered":"<p>Kaamera Pentax K20D + Juhe\u00a0, heas seisu- ja t\u00f6\u00f6korras! KIRJELDUS Kaamera t\u00fc\u00fcp: digipeegelkaamera Bajonett: Pentax KAF2 Sensor: CMOS, 23,4 \u00d7 15,6 mm, 14,6 MP ISO vahemik: 100 \u2013 6400 Pildistabilisaator: sisseehitatud (sensori nihkega) Autofookus: 11 punkti (SAFOX VIII) Ekraan: 2,7&#8243; TFT, 230 000 pikslit, Live View Pildiotsija: pentaprisma, kaadri katvus ~95% Pildistamise kiirus: kuni 3 [&hellip;]<\/p>\n","protected":false},"featured_media":30621,"comment_status":"closed","ping_status":"open","template":"","meta":{"inline_featured_image":false},"product_brand":[],"product_cat":[163],"product_tag":[],"class_list":{"0":"post-30620","1":"product","2":"type-product","3":"status-publish","4":"has-post-thumbnail","6":"product_cat-fototehnika","7":"pa_asukoht-mustamae","8":"pa_seisukord-ispolzovano","10":"first","11":"instock","12":"taxable","13":"shipping-taxable","14":"purchasable","15":"product-type-simple"},"_links":{"self":[{"href":"https:\/\/a-pant.ee\/ru\/wp-json\/wp\/v2\/product\/30620","targetHints":{"allow":["GET"]}}],"collection":[{"href":"https:\/\/a-pant.ee\/ru\/wp-json\/wp\/v2\/product"}],"about":[{"href":"https:\/\/a-pant.ee\/ru\/wp-json\/wp\/v2\/types\/product"}],"replies":[{"embeddable":true,"href":"https:\/\/a-pant.ee\/ru\/wp-json\/wp\/v2\/comments?post=30620"}],"wp:featuredmedia":[{"embeddable":true,"href":"https:\/\/a-pant.ee\/ru\/wp-json\/wp\/v2\/media\/30621"}],"wp:attachment":[{"href":"https:\/\/a-pant.ee\/ru\/wp-json\/wp\/v2\/media?parent=30620"}],"wp:term":[{"taxonomy":"product_brand","embeddable":true,"href":"https:\/\/a-pant.ee\/ru\/wp-json\/wp\/v2\/product_brand?post=30620"},{"taxonomy":"product_cat","embeddable":true,"href":"https:\/\/a-pant.ee\/ru\/wp-json\/wp\/v2\/product_cat?post=30620"},{"taxonomy":"product_tag","embeddable":true,"href":"https:\/\/a-pant.ee\/ru\/wp-json\/wp\/v2\/product_tag?post=30620"}],"curies":[{"name":"wp","href":"https:\/\/api.w.org\/{rel}","templated":true}]}}