{"id":30608,"date":"2026-02-04T13:06:11","date_gmt":"2026-02-04T10:06:11","guid":{"rendered":"https:\/\/a-pant.ee\/product\/akkumulyatornaya-drel-dewalt-dcd790-2\/"},"modified":"2026-02-22T12:22:47","modified_gmt":"2026-02-22T09:22:47","slug":"akkumulyatornaya-drel-dewalt-dcd790-ak-50ach","status":"publish","type":"product","link":"https:\/\/a-pant.ee\/ru\/product\/akkumulyatornaya-drel-dewalt-dcd790-ak-50ach\/","title":{"rendered":"\u0410\u043a\u043a\u0443\u043c\u0443\u043b\u044f\u0442\u043e\u0440\u043d\u0430\u044f \u0434\u0440\u0435\u043b\u044c DeWalt DCD790 + ak 5,0A\u0447"},"content":{"rendered":"\n<p> Akutrell DeWalt DCD790 + aku 5,0Ah\u00a0, heas seisu- ja t\u00f6\u00f6korras! <\/p><p> KIRJELDUS <\/p><p> Mootori t\u00fc\u00fcp Harjadeta <\/p><p> Toote k\u00f5rgus sentimeetrites 35 <\/p><p> Toote laius sentimeetrites 12 <\/p><p> Toote pikkus sentimeetrites 44 <\/p><p> Tootjakood DCD790 <\/p><p> Kogukaal grammides 3080 <\/p><p> Toitet\u00fc\u00fcp Aku 18 V <\/p><p> T\u00fc\u00fcp Puur\/puurpuurija <\/p>\n","protected":false},"excerpt":{"rendered":"<p>Akutrell DeWalt DCD790 + aku 5,0Ah\u00a0, heas seisu- ja t\u00f6\u00f6korras! KIRJELDUS Mootori t\u00fc\u00fcp Harjadeta Toote k\u00f5rgus sentimeetrites 35 Toote laius sentimeetrites 12 Toote pikkus sentimeetrites 44 Tootjakood DCD790 Kogukaal grammides 3080 Toitet\u00fc\u00fcp Aku 18 V T\u00fc\u00fcp Puur\/puurpuurija<\/p>\n","protected":false},"featured_media":30609,"comment_status":"closed","ping_status":"open","template":"","meta":{"inline_featured_image":false},"product_brand":[],"product_cat":[221],"product_tag":[],"class_list":{"0":"post-30608","1":"product","2":"type-product","3":"status-publish","4":"has-post-thumbnail","6":"product_cat-akkumulyatornye-dreli","7":"pa_asukoht-lasnamae","8":"pa_seisukord-ispolzovano","10":"first","11":"instock","12":"taxable","13":"shipping-taxable","14":"purchasable","15":"product-type-simple"},"_links":{"self":[{"href":"https:\/\/a-pant.ee\/ru\/wp-json\/wp\/v2\/product\/30608","targetHints":{"allow":["GET"]}}],"collection":[{"href":"https:\/\/a-pant.ee\/ru\/wp-json\/wp\/v2\/product"}],"about":[{"href":"https:\/\/a-pant.ee\/ru\/wp-json\/wp\/v2\/types\/product"}],"replies":[{"embeddable":true,"href":"https:\/\/a-pant.ee\/ru\/wp-json\/wp\/v2\/comments?post=30608"}],"wp:featuredmedia":[{"embeddable":true,"href":"https:\/\/a-pant.ee\/ru\/wp-json\/wp\/v2\/media\/30609"}],"wp:attachment":[{"href":"https:\/\/a-pant.ee\/ru\/wp-json\/wp\/v2\/media?parent=30608"}],"wp:term":[{"taxonomy":"product_brand","embeddable":true,"href":"https:\/\/a-pant.ee\/ru\/wp-json\/wp\/v2\/product_brand?post=30608"},{"taxonomy":"product_cat","embeddable":true,"href":"https:\/\/a-pant.ee\/ru\/wp-json\/wp\/v2\/product_cat?post=30608"},{"taxonomy":"product_tag","embeddable":true,"href":"https:\/\/a-pant.ee\/ru\/wp-json\/wp\/v2\/product_tag?post=30608"}],"curies":[{"name":"wp","href":"https:\/\/api.w.org\/{rel}","templated":true}]}}