{"id":30602,"date":"2026-02-04T13:06:11","date_gmt":"2026-02-04T10:06:11","guid":{"rendered":"https:\/\/a-pant.ee\/product\/telefon-huawei-p50-pocket\/"},"modified":"2026-02-22T12:22:46","modified_gmt":"2026-02-22T09:22:46","slug":"telefon-huawei-p50-pocket","status":"publish","type":"product","link":"https:\/\/a-pant.ee\/ru\/product\/telefon-huawei-p50-pocket\/","title":{"rendered":"\u0422\u0435\u043b\u0435\u0444\u043e\u043d Huawei P50 Pocket"},"content":{"rendered":"\n<p> Telefon Huawei P50 Pocket\u00a0, heas seisu- ja t\u00f6\u00f6korras! <\/p><p> KIRJELDUS <\/p><ul><li> Ekraan: 6.9&#8243; OLED, resolutsioon 2790\u00d71188, v\u00e4rskendussagedus 120 Hz <\/li><li> V\u00e4lisekraan: 1.04&#8243; OLED, 340\u00d7340 <\/li><li> Protsessor: Qualcomm Snapdragon 888 4G <\/li><li> RAM: 8GB <\/li><li> Salvestusmaht: 256 GB <\/li><li> P\u00f5hikaamera: kolmikamera, 40 MP (p\u00f5hi) + 13 MP (\u00fclilainurk) + 32 MP (ultraspekter) <\/li><li> Esikaamera: 10.7 MP <\/li><li> Aku: 4000 mAh, kiirlaadimine 40 W <\/li><li> Operatsioonis\u00fcsteem: HarmonyOS 2.0 <\/li><li> Erip\u00e4rad: kokkupandav disain, 4G tugi, s\u00f5rmej\u00e4ljelugeja k\u00fcljel <\/li><\/ul>\n","protected":false},"excerpt":{"rendered":"<p>Telefon Huawei P50 Pocket\u00a0, heas seisu- ja t\u00f6\u00f6korras! KIRJELDUS Ekraan: 6.9&#8243; OLED, resolutsioon 2790\u00d71188, v\u00e4rskendussagedus 120 Hz V\u00e4lisekraan: 1.04&#8243; OLED, 340\u00d7340 Protsessor: Qualcomm Snapdragon 888 4G RAM: 8GB Salvestusmaht: 256 GB P\u00f5hikaamera: kolmikamera, 40 MP (p\u00f5hi) + 13 MP (\u00fclilainurk) + 32 MP (ultraspekter) Esikaamera: 10.7 MP Aku: 4000 mAh, kiirlaadimine 40 W Operatsioonis\u00fcsteem: HarmonyOS [&hellip;]<\/p>\n","protected":false},"featured_media":30603,"comment_status":"closed","ping_status":"open","template":"","meta":{"inline_featured_image":false},"product_brand":[],"product_cat":[171],"product_tag":[],"class_list":{"0":"post-30602","1":"product","2":"type-product","3":"status-publish","4":"has-post-thumbnail","6":"product_cat-mobilnye-telefony","7":"pa_asukoht-mustamae","8":"pa_seisukord-ispolzovano","10":"first","11":"instock","12":"taxable","13":"shipping-taxable","14":"purchasable","15":"product-type-simple"},"_links":{"self":[{"href":"https:\/\/a-pant.ee\/ru\/wp-json\/wp\/v2\/product\/30602","targetHints":{"allow":["GET"]}}],"collection":[{"href":"https:\/\/a-pant.ee\/ru\/wp-json\/wp\/v2\/product"}],"about":[{"href":"https:\/\/a-pant.ee\/ru\/wp-json\/wp\/v2\/types\/product"}],"replies":[{"embeddable":true,"href":"https:\/\/a-pant.ee\/ru\/wp-json\/wp\/v2\/comments?post=30602"}],"wp:featuredmedia":[{"embeddable":true,"href":"https:\/\/a-pant.ee\/ru\/wp-json\/wp\/v2\/media\/30603"}],"wp:attachment":[{"href":"https:\/\/a-pant.ee\/ru\/wp-json\/wp\/v2\/media?parent=30602"}],"wp:term":[{"taxonomy":"product_brand","embeddable":true,"href":"https:\/\/a-pant.ee\/ru\/wp-json\/wp\/v2\/product_brand?post=30602"},{"taxonomy":"product_cat","embeddable":true,"href":"https:\/\/a-pant.ee\/ru\/wp-json\/wp\/v2\/product_cat?post=30602"},{"taxonomy":"product_tag","embeddable":true,"href":"https:\/\/a-pant.ee\/ru\/wp-json\/wp\/v2\/product_tag?post=30602"}],"curies":[{"name":"wp","href":"https:\/\/api.w.org\/{rel}","templated":true}]}}