{"id":30590,"date":"2026-02-04T13:00:58","date_gmt":"2026-02-04T10:00:58","guid":{"rendered":"https:\/\/a-pant.ee\/product\/tsirkulyarnaya-pila-makita-5704r\/"},"modified":"2026-02-22T12:22:52","modified_gmt":"2026-02-22T09:22:52","slug":"czirkulyarnaya-pila-makita-5704r","status":"publish","type":"product","link":"https:\/\/a-pant.ee\/ru\/product\/czirkulyarnaya-pila-makita-5704r\/","title":{"rendered":"\u0426\u0438\u0440\u043a\u0443\u043b\u044f\u0440\u043d\u0430\u044f \u043f\u0438\u043b\u0430 Makita 5704R"},"content":{"rendered":"\n<p> Ketassaag Makita 5704R\u00a0, heas seisu- ja t\u00f6\u00f6korras! <\/p><p> KIRJELDUS <\/p><p> V\u00f5imsus 1200W <\/p><p> P\u00f6\u00f6rlemiskiirus 4900 p\/min <\/p><p> Max l\u00f5ikes\u00fcgavus 66mm(0\u00b4)\/46mm(45\u00b4) <\/p><p> Ketas 190\/30mm <\/p><p> Kaal 4,6kg <\/p>\n","protected":false},"excerpt":{"rendered":"<p>Ketassaag Makita 5704R\u00a0, heas seisu- ja t\u00f6\u00f6korras! KIRJELDUS V\u00f5imsus 1200W P\u00f6\u00f6rlemiskiirus 4900 p\/min Max l\u00f5ikes\u00fcgavus 66mm(0\u00b4)\/46mm(45\u00b4) Ketas 190\/30mm Kaal 4,6kg<\/p>\n","protected":false},"featured_media":30591,"comment_status":"closed","ping_status":"open","template":"","meta":{"inline_featured_image":false},"product_brand":[],"product_cat":[230],"product_tag":[],"class_list":{"0":"post-30590","1":"product","2":"type-product","3":"status-publish","4":"has-post-thumbnail","6":"product_cat-czirkulyarnye-pily","7":"pa_asukoht-lasnamae","8":"pa_seisukord-ispolzovano","10":"first","11":"outofstock","12":"taxable","13":"shipping-taxable","14":"purchasable","15":"product-type-simple"},"_links":{"self":[{"href":"https:\/\/a-pant.ee\/ru\/wp-json\/wp\/v2\/product\/30590","targetHints":{"allow":["GET"]}}],"collection":[{"href":"https:\/\/a-pant.ee\/ru\/wp-json\/wp\/v2\/product"}],"about":[{"href":"https:\/\/a-pant.ee\/ru\/wp-json\/wp\/v2\/types\/product"}],"replies":[{"embeddable":true,"href":"https:\/\/a-pant.ee\/ru\/wp-json\/wp\/v2\/comments?post=30590"}],"wp:featuredmedia":[{"embeddable":true,"href":"https:\/\/a-pant.ee\/ru\/wp-json\/wp\/v2\/media\/30591"}],"wp:attachment":[{"href":"https:\/\/a-pant.ee\/ru\/wp-json\/wp\/v2\/media?parent=30590"}],"wp:term":[{"taxonomy":"product_brand","embeddable":true,"href":"https:\/\/a-pant.ee\/ru\/wp-json\/wp\/v2\/product_brand?post=30590"},{"taxonomy":"product_cat","embeddable":true,"href":"https:\/\/a-pant.ee\/ru\/wp-json\/wp\/v2\/product_cat?post=30590"},{"taxonomy":"product_tag","embeddable":true,"href":"https:\/\/a-pant.ee\/ru\/wp-json\/wp\/v2\/product_tag?post=30590"}],"curies":[{"name":"wp","href":"https:\/\/api.w.org\/{rel}","templated":true}]}}