{"id":30583,"date":"2026-02-04T13:00:58","date_gmt":"2026-02-04T10:00:58","guid":{"rendered":"https:\/\/a-pant.ee\/product\/elektrovelosiped-cityway-milo-12-zaryadka\/"},"modified":"2026-02-22T12:22:52","modified_gmt":"2026-02-22T09:22:52","slug":"elektrovelosiped-cityway-milo-12-zaryadka","status":"publish","type":"product","link":"https:\/\/a-pant.ee\/ru\/product\/elektrovelosiped-cityway-milo-12-zaryadka\/","title":{"rendered":"\u042d\u043b\u0435\u043a\u0442\u0440\u043e\u0432\u0435\u043b\u043e\u0441\u0438\u043f\u0435\u0434 Cityway Milo 12&#8243; + \u0437\u0430\u0440\u044f\u0434\u043a\u0430"},"content":{"rendered":"\n<p> Elektrijalgratas Cityway Milo 12&#8243; + laadija , heas seisu- ja t\u00f6\u00f6korras! <\/p><p> KIRJELDUS <\/p><p> MOOTORI NIMIV\u00d5IMSUS: 36 V, 350 W; <\/p><p> MOOTORI MAKSIMAALNE V\u00d5IMSUS: 500 W; <\/p><p> MAKSIMAALNE KIIRUS: 25 km\/h; <\/p><p> MAKSIMAALNE L\u00c4BIKAUST: 25 km; <\/p><p> AKU: liitiumioonaku, 36 V, 8,8 Ah; <\/p><p> LAADIMISPINGE: 42 V 1,5 A; <\/p><p> LAADIMISAEG: umbes 5,5 tundi; <\/p><p> ELEKTRILINE ARMATUURLAUAD: n\u00e4itab aku laetuse taset; <\/p><p> USB-PORT: sisseehitatud; <\/p><p> MAKSIMAALNE KOORMUS: 120 kg; <\/p><p> RAAM: alumiinium, kokkupandav; <\/p><p> RATTADE SUURUS: 12 &#187;; <\/p><p> PIDURIS\u00dcSTEEM: ketaspidurid ees ja taga; <\/p><p> REHVID: t\u00e4ispuhutavad; <\/p><p> JALAD: jah; <\/p><p> TULED: jah, ees ja taga. <\/p>\n","protected":false},"excerpt":{"rendered":"<p>Elektrijalgratas Cityway Milo 12&#8243; + laadija , heas seisu- ja t\u00f6\u00f6korras! KIRJELDUS MOOTORI NIMIV\u00d5IMSUS: 36 V, 350 W; MOOTORI MAKSIMAALNE V\u00d5IMSUS: 500 W; MAKSIMAALNE KIIRUS: 25 km\/h; MAKSIMAALNE L\u00c4BIKAUST: 25 km; AKU: liitiumioonaku, 36 V, 8,8 Ah; LAADIMISPINGE: 42 V 1,5 A; LAADIMISAEG: umbes 5,5 tundi; ELEKTRILINE ARMATUURLAUAD: n\u00e4itab aku laetuse taset; USB-PORT: sisseehitatud; MAKSIMAALNE [&hellip;]<\/p>\n","protected":false},"featured_media":30584,"comment_status":"closed","ping_status":"open","template":"","meta":{"inline_featured_image":false},"product_brand":[],"product_cat":[216],"product_tag":[],"class_list":{"0":"post-30583","1":"product","2":"type-product","3":"status-publish","4":"has-post-thumbnail","6":"product_cat-velosipedy","7":"product_shipping_class-oversize","8":"pa_asukoht-lasnamae","9":"pa_seisukord-ispolzovano","11":"first","12":"instock","13":"taxable","14":"shipping-taxable","15":"purchasable","16":"product-type-simple"},"_links":{"self":[{"href":"https:\/\/a-pant.ee\/ru\/wp-json\/wp\/v2\/product\/30583","targetHints":{"allow":["GET"]}}],"collection":[{"href":"https:\/\/a-pant.ee\/ru\/wp-json\/wp\/v2\/product"}],"about":[{"href":"https:\/\/a-pant.ee\/ru\/wp-json\/wp\/v2\/types\/product"}],"replies":[{"embeddable":true,"href":"https:\/\/a-pant.ee\/ru\/wp-json\/wp\/v2\/comments?post=30583"}],"wp:featuredmedia":[{"embeddable":true,"href":"https:\/\/a-pant.ee\/ru\/wp-json\/wp\/v2\/media\/30584"}],"wp:attachment":[{"href":"https:\/\/a-pant.ee\/ru\/wp-json\/wp\/v2\/media?parent=30583"}],"wp:term":[{"taxonomy":"product_brand","embeddable":true,"href":"https:\/\/a-pant.ee\/ru\/wp-json\/wp\/v2\/product_brand?post=30583"},{"taxonomy":"product_cat","embeddable":true,"href":"https:\/\/a-pant.ee\/ru\/wp-json\/wp\/v2\/product_cat?post=30583"},{"taxonomy":"product_tag","embeddable":true,"href":"https:\/\/a-pant.ee\/ru\/wp-json\/wp\/v2\/product_tag?post=30583"}],"curies":[{"name":"wp","href":"https:\/\/api.w.org\/{rel}","templated":true}]}}