{"id":30564,"date":"2026-02-04T13:00:58","date_gmt":"2026-02-04T10:00:58","guid":{"rendered":"https:\/\/a-pant.ee\/product\/perforator-bosch-gbh-18v-ec-zaryadka\/"},"modified":"2026-02-22T12:22:52","modified_gmt":"2026-02-22T09:22:52","slug":"perforator-bosch-gbh-18-v-ec-zaryadka","status":"publish","type":"product","link":"https:\/\/a-pant.ee\/ru\/product\/perforator-bosch-gbh-18-v-ec-zaryadka\/","title":{"rendered":"\u041f\u0435\u0440\u0444\u043e\u0440\u0430\u0442\u043e\u0440 Bosch GBH 18 V-EC + \u0437\u0430\u0440\u044f\u0434\u043a\u0430"},"content":{"rendered":"\n<p> Puurvasar Bosch GBH 18 V-EC + laadija\u00a0,heaskorras t\u00f6\u00f6korras! <\/p><p> KIRJELDUS <\/p><ul><li> T\u00fc\u00fcp: akutoitel l\u00f6\u00f6kvasar SDS-plus <\/li><li> Pinge: 18\u202fV Li-Ion <\/li><li> L\u00f6\u00f6gisagedus: kuni 4500 l\u00f6\u00f6ki\/min <\/li><li> L\u00f6\u00f6gienergia: 2,6 J <\/li><li> T\u00f6\u00f6moodid: puurimine, l\u00f6\u00f6kpuurimine, lammutamine <\/li><li> Kompaktne, kerge ja ergonoomiline <\/li><li> Komplektis akulaadija <\/li><\/ul>\n","protected":false},"excerpt":{"rendered":"<p>Puurvasar Bosch GBH 18 V-EC + laadija\u00a0,heaskorras t\u00f6\u00f6korras! KIRJELDUS T\u00fc\u00fcp: akutoitel l\u00f6\u00f6kvasar SDS-plus Pinge: 18\u202fV Li-Ion L\u00f6\u00f6gisagedus: kuni 4500 l\u00f6\u00f6ki\/min L\u00f6\u00f6gienergia: 2,6 J T\u00f6\u00f6moodid: puurimine, l\u00f6\u00f6kpuurimine, lammutamine Kompaktne, kerge ja ergonoomiline Komplektis akulaadija<\/p>\n","protected":false},"featured_media":30565,"comment_status":"closed","ping_status":"open","template":"","meta":{"inline_featured_image":false},"product_brand":[],"product_cat":[239],"product_tag":[],"class_list":{"0":"post-30564","1":"product","2":"type-product","3":"status-publish","4":"has-post-thumbnail","6":"product_cat-perforatory-i-dreli","7":"pa_asukoht-mustamae","8":"pa_seisukord-ispolzovano","10":"first","11":"instock","12":"taxable","13":"shipping-taxable","14":"purchasable","15":"product-type-simple"},"_links":{"self":[{"href":"https:\/\/a-pant.ee\/ru\/wp-json\/wp\/v2\/product\/30564","targetHints":{"allow":["GET"]}}],"collection":[{"href":"https:\/\/a-pant.ee\/ru\/wp-json\/wp\/v2\/product"}],"about":[{"href":"https:\/\/a-pant.ee\/ru\/wp-json\/wp\/v2\/types\/product"}],"replies":[{"embeddable":true,"href":"https:\/\/a-pant.ee\/ru\/wp-json\/wp\/v2\/comments?post=30564"}],"wp:featuredmedia":[{"embeddable":true,"href":"https:\/\/a-pant.ee\/ru\/wp-json\/wp\/v2\/media\/30565"}],"wp:attachment":[{"href":"https:\/\/a-pant.ee\/ru\/wp-json\/wp\/v2\/media?parent=30564"}],"wp:term":[{"taxonomy":"product_brand","embeddable":true,"href":"https:\/\/a-pant.ee\/ru\/wp-json\/wp\/v2\/product_brand?post=30564"},{"taxonomy":"product_cat","embeddable":true,"href":"https:\/\/a-pant.ee\/ru\/wp-json\/wp\/v2\/product_cat?post=30564"},{"taxonomy":"product_tag","embeddable":true,"href":"https:\/\/a-pant.ee\/ru\/wp-json\/wp\/v2\/product_tag?post=30564"}],"curies":[{"name":"wp","href":"https:\/\/api.w.org\/{rel}","templated":true}]}}