{"id":30557,"date":"2026-02-04T13:00:58","date_gmt":"2026-02-04T10:00:58","guid":{"rendered":"https:\/\/a-pant.ee\/product\/udarnaya-akudrel-dewalt-dcd778\/"},"modified":"2026-02-22T12:22:51","modified_gmt":"2026-02-22T09:22:51","slug":"udarnaya-akudrel-dewalt-dcd778-akku-1-5-ah-2tk-zaryadka","status":"publish","type":"product","link":"https:\/\/a-pant.ee\/ru\/product\/udarnaya-akudrel-dewalt-dcd778-akku-1-5-ah-2tk-zaryadka\/","title":{"rendered":"\u0423\u0434\u0430\u0440\u043d\u0430\u044f \u0410\u043a\u0443\u0434\u0440\u0435\u043b\u044c DeWalt DCD778 + \u0410\u043a\u043a\u0443 1.5 Ah 2Tk + \u0417\u0430\u0440\u044f\u0434\u043a\u0430"},"content":{"rendered":"\n<p> \u00a0Akul\u00f6\u00f6ktrell DeWalt DCD778 + Akud 1.5 Ah 2Tk + Laadija\u00a0, heas seisu- ja t\u00f6\u00f6korras! <\/p><p> KIRJELDUS <\/p><p> Aku maht ja suurus\u00a02x 1.5 Ah <\/p><p> Kogukaal koos pakendiga4.4 kg <\/p><p> Energiat\u00f5hus harjavaba mootorJah <\/p><p> Professionaalidele \/ AsjaarmastajateleProfessionaalidele <\/p><p> Kiirus koormuseta0 &#8212; 500 \/ 1750 min-1 <\/p><p> Mootori t\u00fc\u00fcpAkutoitega <\/p><p> Maksimaalne kiirus1750 \/min <\/p><p> Kas komplekt sisaldab akutJah <\/p><p> Maksimaalne j\u00f5umoment65 Nm <\/p><p> AkukeemiaLi-Ion (Liitiumioonaku) <\/p><p> P\u00f6\u00f6rdemomendi astmete arv15 <\/p><p> Laadimise kestus70 min <\/p><p> Puuripadruni l\u00e4bim\u00f5\u00f5t13 mm <\/p><p> Padrun \/ hoidiku t\u00fc\u00fcp1-1\/4&#8243; hoidik <\/p><p> Kaasas laadija\u00a0Jah <\/p><p> Puuriotsaku maksimaalne l\u00e4bim\u00f5\u00f5t puidu puurimiseks30 mm <\/p><p> Sisseehitatud LED-valgustus\u00a0Jah <\/p><p> Puuriotsaku maksimaalne l\u00e4bim\u00f5\u00f5t terase puurimiseks13 mm <\/p><p> Maksimaalne puurimisl\u00e4bim\u00f5\u00f5t betooni puurimisel13 mm <\/p><p> K\u00e4ikude arv\u00a02 k\u00e4iku <\/p><p> Sisendpinge \/ sagedus18 V \/ DC <\/p>\n","protected":false},"excerpt":{"rendered":"<p>\u00a0Akul\u00f6\u00f6ktrell DeWalt DCD778 + Akud 1.5 Ah 2Tk + Laadija\u00a0, heas seisu- ja t\u00f6\u00f6korras! KIRJELDUS Aku maht ja suurus\u00a02x 1.5 Ah Kogukaal koos pakendiga4.4 kg Energiat\u00f5hus harjavaba mootorJah Professionaalidele \/ AsjaarmastajateleProfessionaalidele Kiirus koormuseta0 &#8212; 500 \/ 1750 min-1 Mootori t\u00fc\u00fcpAkutoitega Maksimaalne kiirus1750 \/min Kas komplekt sisaldab akutJah Maksimaalne j\u00f5umoment65 Nm AkukeemiaLi-Ion (Liitiumioonaku) P\u00f6\u00f6rdemomendi astmete arv15 [&hellip;]<\/p>\n","protected":false},"featured_media":30558,"comment_status":"closed","ping_status":"open","template":"","meta":{"inline_featured_image":false},"product_brand":[],"product_cat":[221],"product_tag":[],"class_list":{"0":"post-30557","1":"product","2":"type-product","3":"status-publish","4":"has-post-thumbnail","6":"product_cat-akkumulyatornye-dreli","7":"pa_asukoht-lasnamae","8":"pa_seisukord-ispolzovano","10":"first","11":"instock","12":"taxable","13":"shipping-taxable","14":"purchasable","15":"product-type-simple"},"_links":{"self":[{"href":"https:\/\/a-pant.ee\/ru\/wp-json\/wp\/v2\/product\/30557","targetHints":{"allow":["GET"]}}],"collection":[{"href":"https:\/\/a-pant.ee\/ru\/wp-json\/wp\/v2\/product"}],"about":[{"href":"https:\/\/a-pant.ee\/ru\/wp-json\/wp\/v2\/types\/product"}],"replies":[{"embeddable":true,"href":"https:\/\/a-pant.ee\/ru\/wp-json\/wp\/v2\/comments?post=30557"}],"wp:featuredmedia":[{"embeddable":true,"href":"https:\/\/a-pant.ee\/ru\/wp-json\/wp\/v2\/media\/30558"}],"wp:attachment":[{"href":"https:\/\/a-pant.ee\/ru\/wp-json\/wp\/v2\/media?parent=30557"}],"wp:term":[{"taxonomy":"product_brand","embeddable":true,"href":"https:\/\/a-pant.ee\/ru\/wp-json\/wp\/v2\/product_brand?post=30557"},{"taxonomy":"product_cat","embeddable":true,"href":"https:\/\/a-pant.ee\/ru\/wp-json\/wp\/v2\/product_cat?post=30557"},{"taxonomy":"product_tag","embeddable":true,"href":"https:\/\/a-pant.ee\/ru\/wp-json\/wp\/v2\/product_tag?post=30557"}],"curies":[{"name":"wp","href":"https:\/\/api.w.org\/{rel}","templated":true}]}}