{"id":30551,"date":"2026-02-04T13:00:58","date_gmt":"2026-02-04T10:00:58","guid":{"rendered":"https:\/\/a-pant.ee\/product\/akudrel-milwaukee-m18-cpd-bez-aku\/"},"modified":"2026-02-22T12:22:51","modified_gmt":"2026-02-22T09:22:51","slug":"akudrel-milwaukee-m18-cpd-bez-aku","status":"publish","type":"product","link":"https:\/\/a-pant.ee\/ru\/product\/akudrel-milwaukee-m18-cpd-bez-aku\/","title":{"rendered":"\u0410\u043a\u0443\u0434\u0440\u0435\u043b\u044c Milwaukee M18 CPD \u0411\u0435\u0437 \u0410\u043a\u0443"},"content":{"rendered":"\n<p><strong> Akutrell Milwaukee M18 CPD Ilma Aku <\/strong> , \u00a0t\u00f6\u00f6korras! <\/p><p> KIRJELDUS <\/p><ul><li> Toide: 18 V (Li-Ion aku) <\/li><li> P\u00f6\u00f6rdemoment: kuni 80 N\u00b7m <\/li><li> P\u00f6\u00f6rlemiskiirus: 0\u2013550 \/ 0\u20131850 p\/min (2 k\u00e4iku) <\/li><li> L\u00f6\u00f6gisagedus: kuni 31\u202f450 l\u00f6\u00f6ki\/min <\/li><li> Puurimisv\u00f5ime: puit kuni 50 mm, metall 13 mm, betoon 15 mm <\/li><li> Padrun: kuni 13 mm, metallist, v\u00f5tmeta <\/li><li> Valgustus: jah (LED-tuli) <\/li><li> Kaitse: REDLINK-s\u00fcsteem \u00fclekoormuse ja \u00fclekuumenemise vastu <\/li><\/ul>\n","protected":false},"excerpt":{"rendered":"<p>Akutrell Milwaukee M18 CPD Ilma Aku , \u00a0t\u00f6\u00f6korras! KIRJELDUS Toide: 18 V (Li-Ion aku) P\u00f6\u00f6rdemoment: kuni 80 N\u00b7m P\u00f6\u00f6rlemiskiirus: 0\u2013550 \/ 0\u20131850 p\/min (2 k\u00e4iku) L\u00f6\u00f6gisagedus: kuni 31\u202f450 l\u00f6\u00f6ki\/min Puurimisv\u00f5ime: puit kuni 50 mm, metall 13 mm, betoon 15 mm Padrun: kuni 13 mm, metallist, v\u00f5tmeta Valgustus: jah (LED-tuli) Kaitse: REDLINK-s\u00fcsteem \u00fclekoormuse ja \u00fclekuumenemise vastu<\/p>\n","protected":false},"featured_media":30552,"comment_status":"closed","ping_status":"open","template":"","meta":{"inline_featured_image":false},"product_brand":[],"product_cat":[221],"product_tag":[],"class_list":{"0":"post-30551","1":"product","2":"type-product","3":"status-publish","4":"has-post-thumbnail","6":"product_cat-akkumulyatornye-dreli","7":"pa_asukoht-lasnamae","8":"pa_seisukord-ispolzovano","10":"first","11":"instock","12":"taxable","13":"shipping-taxable","14":"purchasable","15":"product-type-simple"},"_links":{"self":[{"href":"https:\/\/a-pant.ee\/ru\/wp-json\/wp\/v2\/product\/30551","targetHints":{"allow":["GET"]}}],"collection":[{"href":"https:\/\/a-pant.ee\/ru\/wp-json\/wp\/v2\/product"}],"about":[{"href":"https:\/\/a-pant.ee\/ru\/wp-json\/wp\/v2\/types\/product"}],"replies":[{"embeddable":true,"href":"https:\/\/a-pant.ee\/ru\/wp-json\/wp\/v2\/comments?post=30551"}],"wp:featuredmedia":[{"embeddable":true,"href":"https:\/\/a-pant.ee\/ru\/wp-json\/wp\/v2\/media\/30552"}],"wp:attachment":[{"href":"https:\/\/a-pant.ee\/ru\/wp-json\/wp\/v2\/media?parent=30551"}],"wp:term":[{"taxonomy":"product_brand","embeddable":true,"href":"https:\/\/a-pant.ee\/ru\/wp-json\/wp\/v2\/product_brand?post=30551"},{"taxonomy":"product_cat","embeddable":true,"href":"https:\/\/a-pant.ee\/ru\/wp-json\/wp\/v2\/product_cat?post=30551"},{"taxonomy":"product_tag","embeddable":true,"href":"https:\/\/a-pant.ee\/ru\/wp-json\/wp\/v2\/product_tag?post=30551"}],"curies":[{"name":"wp","href":"https:\/\/api.w.org\/{rel}","templated":true}]}}