{"id":30544,"date":"2026-02-04T13:00:58","date_gmt":"2026-02-04T10:00:58","guid":{"rendered":"https:\/\/a-pant.ee\/product\/bessprovodnye-naushniki-jabra-evolve-2-ms85\/"},"modified":"2026-02-22T12:22:51","modified_gmt":"2026-02-22T09:22:51","slug":"besprovodnye-naushniki-jabra-evolve-2-ms85","status":"publish","type":"product","link":"https:\/\/a-pant.ee\/ru\/product\/besprovodnye-naushniki-jabra-evolve-2-ms85\/","title":{"rendered":"\u0411\u0435\u0441\u043f\u0440\u043e\u0432\u043e\u0434\u043d\u044b\u0435 \u043d\u0430\u0443\u0448\u043d\u0438\u043a\u0438  Jabra Evolve 2 MS85"},"content":{"rendered":"\n<p><strong> Juhtmeta Jabra Evolve 2 MS85\u00a0 <\/strong> , heas seisu- ja t\u00f6\u00f6korras! <\/p><p> KIRJELDUS <\/p><ul><li><strong> T\u00fc\u00fcp: <\/strong> \u00fcle k\u00f5rvade Bluetooth-peakomplekt (toimib ka juhtmega) <\/li><li><strong> M\u00fcrasummutus (ANC): <\/strong> aktiivne, h\u00fcbriidne <\/li><li><strong> K\u00f5larid: <\/strong> 40 mm, puhas ja kvaliteetne heli <\/li><li><strong> Aku kestvus: <\/strong><ul><li> Kuni 37 h (muusika, ANC v\u00e4ljas) <\/li><li> Kuni 32 h (muusika, ANC sees) <\/li><li> Kuni 30 h k\u00f5nedes <\/li><li> Kiirlaadimine: 15 min = 8 h kasutust <\/li><\/ul><\/li><li><strong> \u00dchenduvus: <\/strong> Bluetooth 5.0, kuni 30 m, 2 seadet korraga <\/li><li><strong> Lisafunktsioonid: <\/strong> Microsoft Teams nupp, \u201eh\u00f5ivatud\u201c tuli <\/li><li><strong> Kaal: <\/strong> 286 g <\/li><\/ul>\n","protected":false},"excerpt":{"rendered":"<p>Juhtmeta Jabra Evolve 2 MS85\u00a0 , heas seisu- ja t\u00f6\u00f6korras! KIRJELDUS T\u00fc\u00fcp: \u00fcle k\u00f5rvade Bluetooth-peakomplekt (toimib ka juhtmega) M\u00fcrasummutus (ANC): aktiivne, h\u00fcbriidne K\u00f5larid: 40 mm, puhas ja kvaliteetne heli Aku kestvus: Kuni 37 h (muusika, ANC v\u00e4ljas) Kuni 32 h (muusika, ANC sees) Kuni 30 h k\u00f5nedes Kiirlaadimine: 15 min = 8 h kasutust \u00dchenduvus: [&hellip;]<\/p>\n","protected":false},"featured_media":30545,"comment_status":"closed","ping_status":"open","template":"","meta":{"inline_featured_image":false},"product_brand":[],"product_cat":[168],"product_tag":[],"class_list":{"0":"post-30544","1":"product","2":"type-product","3":"status-publish","4":"has-post-thumbnail","6":"product_cat-naushniki","7":"pa_asukoht-lasnamae","8":"pa_seisukord-ispolzovano","10":"first","11":"instock","12":"taxable","13":"shipping-taxable","14":"purchasable","15":"product-type-simple"},"_links":{"self":[{"href":"https:\/\/a-pant.ee\/ru\/wp-json\/wp\/v2\/product\/30544","targetHints":{"allow":["GET"]}}],"collection":[{"href":"https:\/\/a-pant.ee\/ru\/wp-json\/wp\/v2\/product"}],"about":[{"href":"https:\/\/a-pant.ee\/ru\/wp-json\/wp\/v2\/types\/product"}],"replies":[{"embeddable":true,"href":"https:\/\/a-pant.ee\/ru\/wp-json\/wp\/v2\/comments?post=30544"}],"wp:featuredmedia":[{"embeddable":true,"href":"https:\/\/a-pant.ee\/ru\/wp-json\/wp\/v2\/media\/30545"}],"wp:attachment":[{"href":"https:\/\/a-pant.ee\/ru\/wp-json\/wp\/v2\/media?parent=30544"}],"wp:term":[{"taxonomy":"product_brand","embeddable":true,"href":"https:\/\/a-pant.ee\/ru\/wp-json\/wp\/v2\/product_brand?post=30544"},{"taxonomy":"product_cat","embeddable":true,"href":"https:\/\/a-pant.ee\/ru\/wp-json\/wp\/v2\/product_cat?post=30544"},{"taxonomy":"product_tag","embeddable":true,"href":"https:\/\/a-pant.ee\/ru\/wp-json\/wp\/v2\/product_tag?post=30544"}],"curies":[{"name":"wp","href":"https:\/\/api.w.org\/{rel}","templated":true}]}}