{"id":30537,"date":"2026-02-04T13:00:58","date_gmt":"2026-02-04T10:00:58","guid":{"rendered":"https:\/\/a-pant.ee\/product\/aku-drel-milwaukee-m12-cid\/"},"modified":"2026-02-22T12:22:51","modified_gmt":"2026-02-22T09:22:51","slug":"aku-drel-milwaukee-m12-cid-aku","status":"publish","type":"product","link":"https:\/\/a-pant.ee\/ru\/product\/aku-drel-milwaukee-m12-cid-aku\/","title":{"rendered":"\u0410\u043a\u0443-\u0434\u0440\u0435\u043b\u044c Milwaukee M12 CID + \u0430\u043a\u0443"},"content":{"rendered":"\n<p> Akutrell Milwaukee M12 CID + 6ah\u00a0, heas seisu- ja t\u00f6\u00f6korras! <\/p><p> KIRJELDUS <\/p><p> Kaal koos 6,0 Ah akuga: 1,4 kg <br \/> Maks metallipuuri m\u00f5\u00f5t: 13 mm <br \/> Maks p\u00f6\u00f6rdemoment: 45 Nm <br \/> Maks puidupuuri m\u00f5\u00f5t: 35 mm <br \/> Padruni m\u00f5\u00f5t: 13 mm <br \/> Pinge: 12 V <br \/> Puidukruvid kuni: 8 mm <br \/> T\u00fchijooksukiirus 1. k\u00e4iguga: 0 &#8212; 450 p\/min <br \/> T\u00fchijooksukiirus 2. k\u00e4iguga: 0 &#8212; 1550 p\/min <\/p>\n","protected":false},"excerpt":{"rendered":"<p>Akutrell Milwaukee M12 CID + 6ah\u00a0, heas seisu- ja t\u00f6\u00f6korras! KIRJELDUS Kaal koos 6,0 Ah akuga: 1,4 kg Maks metallipuuri m\u00f5\u00f5t: 13 mm Maks p\u00f6\u00f6rdemoment: 45 Nm Maks puidupuuri m\u00f5\u00f5t: 35 mm Padruni m\u00f5\u00f5t: 13 mm Pinge: 12 V Puidukruvid kuni: 8 mm T\u00fchijooksukiirus 1. k\u00e4iguga: 0 &#8212; 450 p\/min T\u00fchijooksukiirus 2. k\u00e4iguga: 0 &#8212; [&hellip;]<\/p>\n","protected":false},"featured_media":30538,"comment_status":"closed","ping_status":"open","template":"","meta":{"inline_featured_image":false},"product_brand":[],"product_cat":[221],"product_tag":[],"class_list":{"0":"post-30537","1":"product","2":"type-product","3":"status-publish","4":"has-post-thumbnail","6":"product_cat-akkumulyatornye-dreli","7":"pa_asukoht-lasnamae","8":"pa_seisukord-ispolzovano","10":"first","11":"instock","12":"taxable","13":"shipping-taxable","14":"purchasable","15":"product-type-simple"},"_links":{"self":[{"href":"https:\/\/a-pant.ee\/ru\/wp-json\/wp\/v2\/product\/30537","targetHints":{"allow":["GET"]}}],"collection":[{"href":"https:\/\/a-pant.ee\/ru\/wp-json\/wp\/v2\/product"}],"about":[{"href":"https:\/\/a-pant.ee\/ru\/wp-json\/wp\/v2\/types\/product"}],"replies":[{"embeddable":true,"href":"https:\/\/a-pant.ee\/ru\/wp-json\/wp\/v2\/comments?post=30537"}],"wp:featuredmedia":[{"embeddable":true,"href":"https:\/\/a-pant.ee\/ru\/wp-json\/wp\/v2\/media\/30538"}],"wp:attachment":[{"href":"https:\/\/a-pant.ee\/ru\/wp-json\/wp\/v2\/media?parent=30537"}],"wp:term":[{"taxonomy":"product_brand","embeddable":true,"href":"https:\/\/a-pant.ee\/ru\/wp-json\/wp\/v2\/product_brand?post=30537"},{"taxonomy":"product_cat","embeddable":true,"href":"https:\/\/a-pant.ee\/ru\/wp-json\/wp\/v2\/product_cat?post=30537"},{"taxonomy":"product_tag","embeddable":true,"href":"https:\/\/a-pant.ee\/ru\/wp-json\/wp\/v2\/product_tag?post=30537"}],"curies":[{"name":"wp","href":"https:\/\/api.w.org\/{rel}","templated":true}]}}