{"id":30516,"date":"2026-02-04T13:00:58","date_gmt":"2026-02-04T10:00:58","guid":{"rendered":"https:\/\/a-pant.ee\/product\/lobzik-metabo-ste-70\/"},"modified":"2026-02-22T12:22:50","modified_gmt":"2026-02-22T09:22:50","slug":"lobzik-metabo-ste-70","status":"publish","type":"product","link":"https:\/\/a-pant.ee\/ru\/product\/lobzik-metabo-ste-70\/","title":{"rendered":"\u041b\u043e\u0431\u0437\u0438\u043a Metabo STE 70"},"content":{"rendered":"\n<p> Tikksaag Metabo STE 70, heas seisu- ja t\u00f6\u00f6korras! <\/p><p> KIRJELDUS <\/p><p><strong> V\u00f5imsus (tarbitav \/ v\u00e4ljund): <\/strong> 570\u202fW \/ \u2248\u202f335\u2013340\u202fW <br \/><strong> Saetera liikumissagedus: <\/strong> 1000\u20133000 (m\u00f5nikord kuni 3300) p\/min <br \/><strong> L\u00f5ikes\u00fcgavus (puit): <\/strong> 70\u202fmm <br \/><strong> L\u00f5ikes\u00fcgavus (v\u00e4rviline metall): <\/strong> 20\u202fmm <br \/><strong> L\u00f5ikes\u00fcgavus (teras): <\/strong> 6\u202fmm <br \/><strong> Pendelfunktsioon: <\/strong> Jah, 4 taset <br \/><strong> \u00d5huvool ja tolmuimeja \u00fchendus: <\/strong> Jah <br \/><strong> Kiirsaetera vahetus (Quick): <\/strong> Jah (Quick-mudelite puhul) <br \/><strong> Tallanurga kalle: <\/strong> Kuni 45\u00b0 <br \/><strong> Kaal: <\/strong> \u2248\u202f2,0\u20132,2\u202fkg <br \/><strong> Vibratsioon (puit \/ metall): <\/strong> ~12 \/ ~8,5\u202fm\/s\u00b2 <br \/><strong> M\u00fcra (r\u00f5hk \/ v\u00f5imsus): <\/strong> 89 \/ 100\u202fdB(A) <\/p>\n","protected":false},"excerpt":{"rendered":"<p>Tikksaag Metabo STE 70, heas seisu- ja t\u00f6\u00f6korras! KIRJELDUS V\u00f5imsus (tarbitav \/ v\u00e4ljund): 570\u202fW \/ \u2248\u202f335\u2013340\u202fW Saetera liikumissagedus: 1000\u20133000 (m\u00f5nikord kuni 3300) p\/min L\u00f5ikes\u00fcgavus (puit): 70\u202fmm L\u00f5ikes\u00fcgavus (v\u00e4rviline metall): 20\u202fmm L\u00f5ikes\u00fcgavus (teras): 6\u202fmm Pendelfunktsioon: Jah, 4 taset \u00d5huvool ja tolmuimeja \u00fchendus: Jah Kiirsaetera vahetus (Quick): Jah (Quick-mudelite puhul) Tallanurga kalle: Kuni 45\u00b0 Kaal: \u2248\u202f2,0\u20132,2\u202fkg Vibratsioon [&hellip;]<\/p>\n","protected":false},"featured_media":30517,"comment_status":"closed","ping_status":"open","template":"","meta":{"inline_featured_image":false},"product_brand":[],"product_cat":[244],"product_tag":[],"class_list":{"0":"post-30516","1":"product","2":"type-product","3":"status-publish","4":"has-post-thumbnail","6":"product_cat-lobziki","7":"pa_asukoht-mustamae","8":"pa_seisukord-ispolzovano","10":"first","11":"instock","12":"taxable","13":"shipping-taxable","14":"purchasable","15":"product-type-simple"},"_links":{"self":[{"href":"https:\/\/a-pant.ee\/ru\/wp-json\/wp\/v2\/product\/30516","targetHints":{"allow":["GET"]}}],"collection":[{"href":"https:\/\/a-pant.ee\/ru\/wp-json\/wp\/v2\/product"}],"about":[{"href":"https:\/\/a-pant.ee\/ru\/wp-json\/wp\/v2\/types\/product"}],"replies":[{"embeddable":true,"href":"https:\/\/a-pant.ee\/ru\/wp-json\/wp\/v2\/comments?post=30516"}],"wp:featuredmedia":[{"embeddable":true,"href":"https:\/\/a-pant.ee\/ru\/wp-json\/wp\/v2\/media\/30517"}],"wp:attachment":[{"href":"https:\/\/a-pant.ee\/ru\/wp-json\/wp\/v2\/media?parent=30516"}],"wp:term":[{"taxonomy":"product_brand","embeddable":true,"href":"https:\/\/a-pant.ee\/ru\/wp-json\/wp\/v2\/product_brand?post=30516"},{"taxonomy":"product_cat","embeddable":true,"href":"https:\/\/a-pant.ee\/ru\/wp-json\/wp\/v2\/product_cat?post=30516"},{"taxonomy":"product_tag","embeddable":true,"href":"https:\/\/a-pant.ee\/ru\/wp-json\/wp\/v2\/product_tag?post=30516"}],"curies":[{"name":"wp","href":"https:\/\/api.w.org\/{rel}","templated":true}]}}